{"id":51804,"date":"2025-06-06T08:32:46","date_gmt":"2025-06-06T08:32:46","guid":{"rendered":"https:\/\/kasima.lt\/produktas\/bunkerine-sluota-ksm-sw-b18\/"},"modified":"2025-10-29T08:35:18","modified_gmt":"2025-10-29T08:35:18","slug":"bunkerine-sluota-ksm-sw-b18","status":"publish","type":"product","link":"https:\/\/kasima3.bcapps.lt\/et\/produktas\/bunkerine-sluota-ksm-sw-b18\/","title":{"rendered":"K\u00fcnnisluu KSM SW-B18"},"content":{"rendered":"<p>T\u00f5hus ja vastupidav kopaharja ehitusplatside, hoovide ja teede kiireks puhastamiseks. Ideaalne igap\u00e4evaseks kasutamiseks, kus t\u00f6\u00f6kindlus ja j\u00f5udlus on olulised. <\/p>\n<p>SPETSIFIKATSIOONID:<br \/>\nT\u00f6\u00f6laius: 180cm<br \/>\n\u00dcldlaius: 218cm<br \/>\nK\u00f5rgus: 68cm<br \/>\nKaal: 520kg<br \/>\nT\u00f6\u00f6vooluhulk: 60-80l\/min<br \/>\nSuurema 660mm l\u00e4bim\u00f5\u00f5duga p\u00fchkimissegmendid<br \/>\nReguleeritav p\u00fchkimissegmendi k\u00f5rgus<br \/>\nM\u00e4\u00e4ritud laagrid<br \/>\nVedrustus: liuglaadur.<\/p>\n","protected":false},"excerpt":{"rendered":"<p>Hind ilma k\u00e4ibemaksuta<\/p>\n<p>Tootja: Wolverine<br \/>\nMudel: Sweeper \u00e4mber 84<br \/>\nHelista: <a href=\"tel:+37067607071\">+37067607071<\/a><br \/>\nE-post: <a href=\"mailto:sales@kasima3.bcapps.lt\">sales@kasima3.bcapps.lt<\/a><\/p>\n","protected":false},"featured_media":51672,"template":"","meta":{"_et_pb_use_builder":"","_et_pb_old_content":"","_et_gb_content_width":""},"product_brand":[],"product_cat":[159,161,165,290,156],"product_tag":[],"class_list":{"0":"post-51804","1":"product","2":"type-product","3":"status-publish","4":"has-post-thumbnail","6":"product_cat-15-3-tonni","7":"product_cat-3-5-tonni","8":"product_cat-uus","9":"product_cat-hudrauliline-puhkimishari","10":"product_cat-minilaadur","12":"first","13":"instock","14":"taxable","15":"shipping-taxable","16":"purchasable","17":"product-type-simple"},"_links":{"self":[{"href":"https:\/\/kasima3.bcapps.lt\/et\/wp-json\/wp\/v2\/product\/51804","targetHints":{"allow":["GET"]}}],"collection":[{"href":"https:\/\/kasima3.bcapps.lt\/et\/wp-json\/wp\/v2\/product"}],"about":[{"href":"https:\/\/kasima3.bcapps.lt\/et\/wp-json\/wp\/v2\/types\/product"}],"wp:featuredmedia":[{"embeddable":true,"href":"https:\/\/kasima3.bcapps.lt\/et\/wp-json\/wp\/v2\/media\/51672"}],"wp:attachment":[{"href":"https:\/\/kasima3.bcapps.lt\/et\/wp-json\/wp\/v2\/media?parent=51804"}],"wp:term":[{"taxonomy":"product_brand","embeddable":true,"href":"https:\/\/kasima3.bcapps.lt\/et\/wp-json\/wp\/v2\/product_brand?post=51804"},{"taxonomy":"product_cat","embeddable":true,"href":"https:\/\/kasima3.bcapps.lt\/et\/wp-json\/wp\/v2\/product_cat?post=51804"},{"taxonomy":"product_tag","embeddable":true,"href":"https:\/\/kasima3.bcapps.lt\/et\/wp-json\/wp\/v2\/product_tag?post=51804"}],"curies":[{"name":"wp","href":"https:\/\/api.w.org\/{rel}","templated":true}]}}