{"id":52160,"date":"2025-06-10T08:16:51","date_gmt":"2025-06-10T08:16:51","guid":{"rendered":"https:\/\/kasima.lt\/produktas\/cangini-benne-kauso-ir-greitos-jungties-komplektas\/"},"modified":"2025-10-29T08:35:22","modified_gmt":"2025-10-29T08:35:22","slug":"cangini-benne-kauso-ir-greitos-jungties-komplektas","status":"publish","type":"product","link":"https:\/\/kasima3.bcapps.lt\/et\/produktas\/cangini-benne-kauso-ir-greitos-jungties-komplektas\/","title":{"rendered":"Cangini Benne \u00e4mbri ja kiirliitmike komplekt"},"content":{"rendered":"<p>Planeerimiskaevu:<\/p>\n<p>Kaevu laius: 1350mm<br \/>\nKaevu \u00fchendusk\u00f5rvade vahemaa: 220mm<br \/>\nTappide keskpunktide vahemaa: 295mm<br \/>\nTapp (sissel\u00f5igatud osa): 38mm<br \/>\nPin (t\u00e4ism\u00f5\u00f5t): 50mm<\/p>\n<p>Cangini Benne CR50 Twin Lock kiirliitmik:<\/p>\n<p>Liitmiku k\u00f5rvadevaheline kaugus: 150mm<br \/>\nPinide keskpunktide vaheline kaugus: 240mm<br \/>Pinide paksus: 45mm<\/p>\n","protected":false},"excerpt":{"rendered":"<p>Hind ilma k\u00e4ibemaksuta<br \/>\n<br \/>Tootja: Cangini Benne<br \/>\nMudel: kopp ja kiir\u00fchenduskomplekt<br \/>\nHelista: <a href=\"tel:+37060842988\">+37060842988<\/a><br \/>\nKirjuta: <a href=\"mailto:usedparts@kasima3.bcapps.lt\">usedparts@kasima3.bcapps.lt<\/a><\/p>\n","protected":false},"featured_media":52165,"template":"","meta":{"_et_pb_use_builder":"","_et_pb_old_content":"","_et_gb_content_width":""},"product_brand":[],"product_cat":[159,161,169,214,284,303,167],"product_tag":[],"class_list":{"0":"post-52160","1":"product","2":"type-product","3":"status-publish","4":"has-post-thumbnail","6":"product_cat-15-3-tonni","7":"product_cat-3-5-tonni","8":"product_cat-5-7-tonni","9":"product_cat-kasutatud","10":"product_cat-ekskavaatori-kiirkonks","11":"product_cat-kopad","12":"product_cat-ekskavaator","14":"first","15":"outofstock","16":"sale","17":"taxable","18":"shipping-taxable","19":"purchasable","20":"product-type-simple"},"_links":{"self":[{"href":"https:\/\/kasima3.bcapps.lt\/et\/wp-json\/wp\/v2\/product\/52160","targetHints":{"allow":["GET"]}}],"collection":[{"href":"https:\/\/kasima3.bcapps.lt\/et\/wp-json\/wp\/v2\/product"}],"about":[{"href":"https:\/\/kasima3.bcapps.lt\/et\/wp-json\/wp\/v2\/types\/product"}],"wp:featuredmedia":[{"embeddable":true,"href":"https:\/\/kasima3.bcapps.lt\/et\/wp-json\/wp\/v2\/media\/52165"}],"wp:attachment":[{"href":"https:\/\/kasima3.bcapps.lt\/et\/wp-json\/wp\/v2\/media?parent=52160"}],"wp:term":[{"taxonomy":"product_brand","embeddable":true,"href":"https:\/\/kasima3.bcapps.lt\/et\/wp-json\/wp\/v2\/product_brand?post=52160"},{"taxonomy":"product_cat","embeddable":true,"href":"https:\/\/kasima3.bcapps.lt\/et\/wp-json\/wp\/v2\/product_cat?post=52160"},{"taxonomy":"product_tag","embeddable":true,"href":"https:\/\/kasima3.bcapps.lt\/et\/wp-json\/wp\/v2\/product_tag?post=52160"}],"curies":[{"name":"wp","href":"https:\/\/api.w.org\/{rel}","templated":true}]}}