{"id":52850,"date":"2025-06-18T12:54:15","date_gmt":"2025-06-18T12:54:15","guid":{"rendered":"https:\/\/kasima.lt\/produktas\/komatsu-pw160-11-hudrauliline-kiiruhendusliitmik\/"},"modified":"2025-10-29T08:35:23","modified_gmt":"2025-10-29T08:35:23","slug":"komatsu-pw160-11-hudrauliline-kiiruhendusliitmik","status":"publish","type":"product","link":"https:\/\/kasima3.bcapps.lt\/et\/produktas\/komatsu-pw160-11-hudrauliline-kiiruhendusliitmik\/","title":{"rendered":"Komatsu PW160-11 h\u00fcdrauliline kiir\u00fchendusliitmik"},"content":{"rendered":"<p>Komatsu PW160-11 h\u00fcdrauliline kiir\u00fchendus. Kiireks ja ohutuks lisaseadmete vahetamiseks.   <\/p>\n<p>SPETSIFIKATSIOONID:<br \/>\nLukustust\u00fc\u00fcp: h\u00fcdrauliline<br \/>\nTolli l\u00e4bim\u00f5\u00f5t: 60mm<br \/>\nPoomi poldi keskkaugus: 375mm<br \/>\nKaeva poldi keskkaugus: 375mm<br \/>\nEkskavaatori poomi laius: 260mm<br \/>\nKaeva k\u00f5rva kaugus: 260mm<\/p>\n","protected":false},"excerpt":{"rendered":"<p>Hind ilma k\u00e4ibemaksuta<\/p>\n<p>Tootja: Komatsu<br \/>\nMudel: PW160-11<br \/>\nHelista: <a href=\"tel:+37067607071\">+37067607071<\/a><br \/>\nE-post: <a href=\"mailto:sales@kasima3.bcapps.lt\">sales@kasima3.bcapps.lt<\/a><\/p>\n","protected":false},"featured_media":52815,"template":"","meta":{"_et_pb_use_builder":"","_et_pb_old_content":"","_et_gb_content_width":""},"product_brand":[],"product_cat":[233,214,284],"product_tag":[],"class_list":{"0":"post-52850","1":"product","2":"type-product","3":"status-publish","4":"has-post-thumbnail","6":"product_cat-16-20-tonni","7":"product_cat-kasutatud","8":"product_cat-ekskavaatori-kiirkonks","10":"first","11":"instock","12":"taxable","13":"shipping-taxable","14":"purchasable","15":"product-type-simple"},"_links":{"self":[{"href":"https:\/\/kasima3.bcapps.lt\/et\/wp-json\/wp\/v2\/product\/52850","targetHints":{"allow":["GET"]}}],"collection":[{"href":"https:\/\/kasima3.bcapps.lt\/et\/wp-json\/wp\/v2\/product"}],"about":[{"href":"https:\/\/kasima3.bcapps.lt\/et\/wp-json\/wp\/v2\/types\/product"}],"wp:featuredmedia":[{"embeddable":true,"href":"https:\/\/kasima3.bcapps.lt\/et\/wp-json\/wp\/v2\/media\/52815"}],"wp:attachment":[{"href":"https:\/\/kasima3.bcapps.lt\/et\/wp-json\/wp\/v2\/media?parent=52850"}],"wp:term":[{"taxonomy":"product_brand","embeddable":true,"href":"https:\/\/kasima3.bcapps.lt\/et\/wp-json\/wp\/v2\/product_brand?post=52850"},{"taxonomy":"product_cat","embeddable":true,"href":"https:\/\/kasima3.bcapps.lt\/et\/wp-json\/wp\/v2\/product_cat?post=52850"},{"taxonomy":"product_tag","embeddable":true,"href":"https:\/\/kasima3.bcapps.lt\/et\/wp-json\/wp\/v2\/product_tag?post=52850"}],"curies":[{"name":"wp","href":"https:\/\/api.w.org\/{rel}","templated":true}]}}