{"id":55544,"date":"2025-07-09T13:23:24","date_gmt":"2025-07-09T13:23:24","guid":{"rendered":"https:\/\/kasima.lt\/produktas\/vogele-ab340-v-praplatinimo-modulis-025-m-025-m\/"},"modified":"2025-10-29T08:35:43","modified_gmt":"2025-10-29T08:35:43","slug":"vogele-ab340-v-praplatinimo-modulis-025-m-025-m","status":"publish","type":"product","link":"https:\/\/kasima3.bcapps.lt\/et\/produktas\/vogele-ab340-v-praplatinimo-modulis-025-m-025-m\/","title":{"rendered":"V\u00d6GELE AB340 V pikendusmoodul (0,25 m + 0,25 m)"},"content":{"rendered":"<p>Kasutamata AB340 V pikendused (0,25 m + 0,25 m)<\/p>\n<p>M\u00fc\u00fca originaal V\u00f6gele AB340 V kompaktori pikendusmoodulid, 2 x 0,25 meetrit, valmistatud 2014. aastal. Moodulid on t\u00e4iesti kasutamata &#8211; ideaalne valik neile, kes otsivad kvaliteetset lahendust oma asfaldiplaatide t\u00f6\u00f6laiuse pikendamiseks. <\/p>\n<p>Omadused:<\/p>\n<p>T\u00f6\u00f6laius: 0,25 m + 0,25 m<br \/>\nAasta: 2014<br \/>\nSeisukord: ei ole kasutusel<br \/>\nSobivus: V\u00f6gele AB340 V tihendajatele.<\/p>\n<p>Eelised:<\/p>\n<p>Kiire ja lihtne paigaldus olemasolevatele sillutistele<br \/>\nTagab kvaliteetse asfalditulemuse ka pikemal laiusel<br \/>\nUsaldusv\u00e4\u00e4rne V\u00f6gele konstruktsioon &#8211; vastupidav ja kestev<\/p>\n","protected":false},"excerpt":{"rendered":"<p>Hind ilma k\u00e4ibemaksuta<\/p>\n<p>Tootja: Wirtgen<br \/>\nMudel: 2184001<br \/>\nHelista: <a href=\"tel:+37063025580\">+37063025580<\/a><br \/>\nE-post: <a href=\"mailto:e-commerce@kasima3.bcapps.lt\">e-commerce@kasima3.bcapps.lt<\/a><\/p>\n","protected":false},"featured_media":55485,"template":"","meta":{"_et_pb_use_builder":"","_et_pb_old_content":"","_et_gb_content_width":""},"product_brand":[],"product_cat":[165,214,428,430],"product_tag":[],"class_list":{"0":"post-55544","1":"product","2":"type-product","3":"status-publish","4":"has-post-thumbnail","6":"product_cat-uus","7":"product_cat-kasutatud","8":"product_cat-muud-varuosade","9":"product_cat-uued-varuosad","11":"first","12":"instock","13":"taxable","14":"shipping-taxable","15":"purchasable","16":"product-type-simple"},"_links":{"self":[{"href":"https:\/\/kasima3.bcapps.lt\/et\/wp-json\/wp\/v2\/product\/55544","targetHints":{"allow":["GET"]}}],"collection":[{"href":"https:\/\/kasima3.bcapps.lt\/et\/wp-json\/wp\/v2\/product"}],"about":[{"href":"https:\/\/kasima3.bcapps.lt\/et\/wp-json\/wp\/v2\/types\/product"}],"wp:featuredmedia":[{"embeddable":true,"href":"https:\/\/kasima3.bcapps.lt\/et\/wp-json\/wp\/v2\/media\/55485"}],"wp:attachment":[{"href":"https:\/\/kasima3.bcapps.lt\/et\/wp-json\/wp\/v2\/media?parent=55544"}],"wp:term":[{"taxonomy":"product_brand","embeddable":true,"href":"https:\/\/kasima3.bcapps.lt\/et\/wp-json\/wp\/v2\/product_brand?post=55544"},{"taxonomy":"product_cat","embeddable":true,"href":"https:\/\/kasima3.bcapps.lt\/et\/wp-json\/wp\/v2\/product_cat?post=55544"},{"taxonomy":"product_tag","embeddable":true,"href":"https:\/\/kasima3.bcapps.lt\/et\/wp-json\/wp\/v2\/product_tag?post=55544"}],"curies":[{"name":"wp","href":"https:\/\/api.w.org\/{rel}","templated":true}]}}