{"id":55716,"date":"2025-07-10T12:15:24","date_gmt":"2025-07-10T12:15:24","guid":{"rendered":"https:\/\/kasima.lt\/produktas\/ekskavatoriu-kaisciai\/"},"modified":"2025-10-29T08:35:45","modified_gmt":"2025-10-29T08:35:45","slug":"ekskavatoriu-kaisciai","status":"publish","type":"product","link":"https:\/\/kasima3.bcapps.lt\/et\/produktas\/ekskavatoriu-kaisciai\/","title":{"rendered":"Pinsid ekskavaatorite jaoks"},"content":{"rendered":"<p>Need tihvtid on kasutatud, kuid on siiski heas seisukorras<br \/>\nErineva l\u00e4bim\u00f5\u00f5du ja pikkusega<br \/>\nEemaldatud erinevatest ekskavaatoritest:<br \/>\nVolvo,<br \/>\nJCB,<br \/>\nKomatsu,<br \/>\nAtlas,<br \/>\nKubota.<\/p>\n","protected":false},"excerpt":{"rendered":"<p>Hind ilma k\u00e4ibemaksuta<\/p>\n<p>Tootja: VOLVO,KOMATSU,JCB<br \/>\nMudel: KND0089<br \/>\nHelista: <a href=\"tel:+37060842988\">+37060842988<\/a><br \/>\nE-post: <a href=\"mailto:usedparts@kasima3.bcapps.lt\">usedparts@kasima3.bcapps.lt<\/a><\/p>\n","protected":false},"featured_media":55697,"template":"","meta":{"_et_pb_use_builder":"","_et_pb_old_content":"","_et_gb_content_width":""},"product_brand":[],"product_cat":[485,426,480,397,319,431],"product_tag":[],"class_list":{"0":"post-55716","1":"product","2":"type-product","3":"status-publish","4":"has-post-thumbnail","6":"product_cat-atlase-osad","7":"product_cat-jcb-varuosade","8":"product_cat-komatsu-osad","9":"product_cat-volvo-varuosade","10":"product_cat-kasutatud-varuosade","11":"product_cat-ehitusmasinad-varuosade","13":"first","14":"instock","15":"taxable","16":"shipping-taxable","17":"product-type-simple"},"_links":{"self":[{"href":"https:\/\/kasima3.bcapps.lt\/et\/wp-json\/wp\/v2\/product\/55716","targetHints":{"allow":["GET"]}}],"collection":[{"href":"https:\/\/kasima3.bcapps.lt\/et\/wp-json\/wp\/v2\/product"}],"about":[{"href":"https:\/\/kasima3.bcapps.lt\/et\/wp-json\/wp\/v2\/types\/product"}],"wp:featuredmedia":[{"embeddable":true,"href":"https:\/\/kasima3.bcapps.lt\/et\/wp-json\/wp\/v2\/media\/55697"}],"wp:attachment":[{"href":"https:\/\/kasima3.bcapps.lt\/et\/wp-json\/wp\/v2\/media?parent=55716"}],"wp:term":[{"taxonomy":"product_brand","embeddable":true,"href":"https:\/\/kasima3.bcapps.lt\/et\/wp-json\/wp\/v2\/product_brand?post=55716"},{"taxonomy":"product_cat","embeddable":true,"href":"https:\/\/kasima3.bcapps.lt\/et\/wp-json\/wp\/v2\/product_cat?post=55716"},{"taxonomy":"product_tag","embeddable":true,"href":"https:\/\/kasima3.bcapps.lt\/et\/wp-json\/wp\/v2\/product_tag?post=55716"}],"curies":[{"name":"wp","href":"https:\/\/api.w.org\/{rel}","templated":true}]}}