{"id":56584,"date":"2025-07-25T07:36:00","date_gmt":"2025-07-25T07:36:00","guid":{"rendered":"https:\/\/kasima.lt\/produktas\/cat-303e-2019-parduodamas-dalimis\/"},"modified":"2025-10-29T08:35:50","modified_gmt":"2025-10-29T08:35:50","slug":"cat-303e-2019-parduodamas-dalimis","status":"publish","type":"product","link":"https:\/\/kasima3.bcapps.lt\/et\/produktas\/cat-303e-2019-parduodamas-dalimis\/","title":{"rendered":"CAT 303E (2019) &#8211; M\u00fc\u00fca osade kaupa"},"content":{"rendered":"<p>Kasutatud CAT 303E 2019 miniekskavaator osad.<br \/>\nHeas seisukorras mootor, h\u00fcdraulika ja alusvanker.<br \/>\nMootor:<br \/>\n\u2022 C1.3-EF04<br \/>\n\u2022 HKBXL01.5BCB<br \/>\n\u2022 S\/N: 1KN1987<br \/>\nV\u00f5imsus: 18.2kW @ 2400rpm<br \/>\nK\u00f5ik osad v\u00e4ga heas seisukorras &#8211; v\u00e4lja arvatud kabiin ja poom (kahjustatud, painutatud raam, aknad puuduvad).<br \/>\nIdeaalne mootori, h\u00fcdraulika, veermiku ja muude osade asendamiseks.  <\/p>\n","protected":false},"excerpt":{"rendered":"<p>Hind ilma k\u00e4ibemaksuta<\/p>\n<p>Tootja: CAT<br \/>\nMudel: 303E<br \/>\nCall: <a href=\"tel:+37060842988\">+37060842988<\/a><br \/>\nE-post: <a href=\"mailto:usedparts@kasima3.bcapps.lt\">usedparts@kasima3.bcapps.lt<\/a><\/p>\n","protected":false},"featured_media":56550,"template":"","meta":{"_et_pb_use_builder":"","_et_pb_old_content":"","_et_gb_content_width":""},"product_brand":[],"product_cat":[517,491,319,431],"product_tag":[],"class_list":{"0":"post-56584","1":"product","2":"type-product","3":"status-publish","4":"has-post-thumbnail","6":"product_cat-cat-osad","7":"product_cat-elektroonika-osad","8":"product_cat-kasutatud-varuosade","9":"product_cat-ehitusmasinad-varuosade","11":"first","12":"instock","13":"taxable","14":"shipping-taxable","15":"product-type-simple"},"_links":{"self":[{"href":"https:\/\/kasima3.bcapps.lt\/et\/wp-json\/wp\/v2\/product\/56584","targetHints":{"allow":["GET"]}}],"collection":[{"href":"https:\/\/kasima3.bcapps.lt\/et\/wp-json\/wp\/v2\/product"}],"about":[{"href":"https:\/\/kasima3.bcapps.lt\/et\/wp-json\/wp\/v2\/types\/product"}],"wp:featuredmedia":[{"embeddable":true,"href":"https:\/\/kasima3.bcapps.lt\/et\/wp-json\/wp\/v2\/media\/56550"}],"wp:attachment":[{"href":"https:\/\/kasima3.bcapps.lt\/et\/wp-json\/wp\/v2\/media?parent=56584"}],"wp:term":[{"taxonomy":"product_brand","embeddable":true,"href":"https:\/\/kasima3.bcapps.lt\/et\/wp-json\/wp\/v2\/product_brand?post=56584"},{"taxonomy":"product_cat","embeddable":true,"href":"https:\/\/kasima3.bcapps.lt\/et\/wp-json\/wp\/v2\/product_cat?post=56584"},{"taxonomy":"product_tag","embeddable":true,"href":"https:\/\/kasima3.bcapps.lt\/et\/wp-json\/wp\/v2\/product_tag?post=56584"}],"curies":[{"name":"wp","href":"https:\/\/api.w.org\/{rel}","templated":true}]}}