{"id":57309,"date":"2025-07-30T06:57:12","date_gmt":"2025-07-30T06:57:12","guid":{"rendered":"https:\/\/kasima.lt\/produktas\/cat-259d-dvigubas-viksro-vedratis\/"},"modified":"2025-10-29T08:35:51","modified_gmt":"2025-10-29T08:35:51","slug":"cat-259d-dvigubas-viksro-vedratis","status":"publish","type":"product","link":"https:\/\/kasima3.bcapps.lt\/et\/produktas\/cat-259d-dvigubas-viksro-vedratis\/","title":{"rendered":"CAT 259D topeltr\u00f6\u00f6pmeline k\u00e4igukast"},"content":{"rendered":"<p>Kasutatud OEM r\u00f6\u00f6pmel, mis on eemaldatud CAT 259D roomiklaadurist .<br \/>\nCaterpillari laadurite OEM-jalamendi osad.<br \/>\nTestitud ja heas korras.<br \/>\n\u00dclemaailmne saatmine.<br \/>\nKaal ja m\u00f5\u00f5tmed saatmiseks:<br \/>\n\u2022 28kg \/tk<br \/>\n\u2022 350 x 235 mm<br \/>\nOsade numbrid:<br \/>\n\u2022 609-3715<br \/>\n\u2022 536-3551<br \/>\n\u2022 389-7621<\/p>\n","protected":false},"excerpt":{"rendered":"<p>Hind ilma k\u00e4ibemaksuta<\/p>\n<p>Tootja: CAT<br \/>\nMudel: KND0100<br \/>\nHelista: <a href=\"tel:+37060842988\">+37060842988<\/a><br \/>\nE-post: <a href=\"mailto:usedparts@kasima3.bcapps.lt\">usedparts@kasima3.bcapps.lt<\/a><\/p>\n","protected":false},"featured_media":57305,"template":"","meta":{"_et_pb_use_builder":"","_et_pb_old_content":"","_et_gb_content_width":""},"product_brand":[],"product_cat":[517,319,431],"product_tag":[],"class_list":{"0":"post-57309","1":"product","2":"type-product","3":"status-publish","4":"has-post-thumbnail","6":"product_cat-cat-osad","7":"product_cat-kasutatud-varuosade","8":"product_cat-ehitusmasinad-varuosade","10":"first","11":"instock","12":"taxable","13":"shipping-taxable","14":"purchasable","15":"product-type-simple"},"_links":{"self":[{"href":"https:\/\/kasima3.bcapps.lt\/et\/wp-json\/wp\/v2\/product\/57309","targetHints":{"allow":["GET"]}}],"collection":[{"href":"https:\/\/kasima3.bcapps.lt\/et\/wp-json\/wp\/v2\/product"}],"about":[{"href":"https:\/\/kasima3.bcapps.lt\/et\/wp-json\/wp\/v2\/types\/product"}],"wp:featuredmedia":[{"embeddable":true,"href":"https:\/\/kasima3.bcapps.lt\/et\/wp-json\/wp\/v2\/media\/57305"}],"wp:attachment":[{"href":"https:\/\/kasima3.bcapps.lt\/et\/wp-json\/wp\/v2\/media?parent=57309"}],"wp:term":[{"taxonomy":"product_brand","embeddable":true,"href":"https:\/\/kasima3.bcapps.lt\/et\/wp-json\/wp\/v2\/product_brand?post=57309"},{"taxonomy":"product_cat","embeddable":true,"href":"https:\/\/kasima3.bcapps.lt\/et\/wp-json\/wp\/v2\/product_cat?post=57309"},{"taxonomy":"product_tag","embeddable":true,"href":"https:\/\/kasima3.bcapps.lt\/et\/wp-json\/wp\/v2\/product_tag?post=57309"}],"curies":[{"name":"wp","href":"https:\/\/api.w.org\/{rel}","templated":true}]}}