{"id":67374,"date":"2025-08-08T08:15:25","date_gmt":"2025-08-08T08:15:25","guid":{"rendered":"https:\/\/kasima3.bcapps.lt\/produktas\/jcb-8015\/"},"modified":"2025-10-29T08:36:09","modified_gmt":"2025-10-29T08:36:09","slug":"jcb-8015","status":"publish","type":"product","link":"https:\/\/kasima3.bcapps.lt\/et\/produktas\/jcb-8015\/","title":{"rendered":"JCB 8015"},"content":{"rendered":"<p>JCB 8015 ei kasutata Leedus<\/p>\n<p>Aasta: 2004<br \/>\nV\u00f5imsus: 12,7 kW<br \/>\nTundide arv: 2414 h<br \/>\nKaal: 1620 kg<br \/>\nKaevamiss\u00fcgavus: kuni 2,35 m<br \/>\nT\u00e4iendav h\u00fcdrauliline liin.<\/p>\n<p>Kaevik kaasas<br \/>\nAlternatiivina saame teile varustada ka k\u00fcna, mullat\u00f5stuki, h\u00fcdraulilise haamri v\u00f5i muu lisaseadme.<\/p>\n<p>Puhas, kasutusvalmis ekskavaator.<\/p>\n<p>Kontrollimine ja testimine on v\u00f5imalik KASIMA laos<br \/>\nKohaletoimetamine teie aadressile on v\u00f5imalik.<\/p>\n<p><iframe loading=\"lazy\" title=\"JCB 8015 \u2502 UAB KASIMA\" width=\"1080\" height=\"608\" src=\"https:\/\/www.youtube.com\/embed\/kXLpG7TDIKM?feature=oembed\"  allow=\"accelerometer; autoplay; clipboard-write; encrypted-media; gyroscope; picture-in-picture; web-share\" referrerpolicy=\"strict-origin-when-cross-origin\" allowfullscreen><\/iframe><\/p>\n","protected":false},"excerpt":{"rendered":"<p>Hind ilma k\u00e4ibemaksuta<\/p>\n<p>Tootja: JCB<br \/>\nMudel: 8015<br \/>\nHelista: <a href=\"tel:+37067607071\">+37067607071<\/a><br \/>\nE-post: <a href=\"mailto:sales@kasima.lt\">sales@kasima.lt<\/a><\/p>\n","protected":false},"featured_media":67107,"template":"","meta":{"_et_pb_use_builder":"","_et_pb_old_content":"","_et_gb_content_width":""},"product_brand":[],"product_cat":[147],"product_tag":[],"class_list":{"0":"post-67374","1":"product","2":"type-product","3":"status-publish","4":"has-post-thumbnail","6":"product_cat-ehitus","8":"first","9":"instock","10":"taxable","11":"shipping-taxable","12":"product-type-simple"},"_links":{"self":[{"href":"https:\/\/kasima3.bcapps.lt\/et\/wp-json\/wp\/v2\/product\/67374","targetHints":{"allow":["GET"]}}],"collection":[{"href":"https:\/\/kasima3.bcapps.lt\/et\/wp-json\/wp\/v2\/product"}],"about":[{"href":"https:\/\/kasima3.bcapps.lt\/et\/wp-json\/wp\/v2\/types\/product"}],"wp:featuredmedia":[{"embeddable":true,"href":"https:\/\/kasima3.bcapps.lt\/et\/wp-json\/wp\/v2\/media\/67107"}],"wp:attachment":[{"href":"https:\/\/kasima3.bcapps.lt\/et\/wp-json\/wp\/v2\/media?parent=67374"}],"wp:term":[{"taxonomy":"product_brand","embeddable":true,"href":"https:\/\/kasima3.bcapps.lt\/et\/wp-json\/wp\/v2\/product_brand?post=67374"},{"taxonomy":"product_cat","embeddable":true,"href":"https:\/\/kasima3.bcapps.lt\/et\/wp-json\/wp\/v2\/product_cat?post=67374"},{"taxonomy":"product_tag","embeddable":true,"href":"https:\/\/kasima3.bcapps.lt\/et\/wp-json\/wp\/v2\/product_tag?post=67374"}],"curies":[{"name":"wp","href":"https:\/\/api.w.org\/{rel}","templated":true}]}}