{"id":67378,"date":"2025-08-08T10:00:08","date_gmt":"2025-08-08T10:00:08","guid":{"rendered":"https:\/\/kasima3.bcapps.lt\/produktas\/bobcat-lr-5a-hudrauliline-haralija\/"},"modified":"2025-10-29T08:36:09","modified_gmt":"2025-10-29T08:36:09","slug":"bobcat-lr-5a-hudrauliline-haralija","status":"publish","type":"product","link":"https:\/\/kasima3.bcapps.lt\/et\/produktas\/bobcat-lr-5a-hudrauliline-haralija\/","title":{"rendered":"Bobcat LR 5A h\u00fcdrauliline haralija"},"content":{"rendered":"<p>Kasutatud Bobcat h\u00fcdrauliline maastikuharveste.<br \/>\nSeisund: Hea, t\u00f6\u00f6valmis<br \/>\nT\u00f6\u00f6laius: 150 cm<br \/>\nPaigaldus: minilaadur<br \/>\nT\u00f6\u00f6trummel: Kahepoolne p\u00f6\u00f6rlemine \u2013 ette- ja tagasikogumine<br \/>\nM\u00f5eldud: maa ettevalmistamiseks, k\u00fclvi ettevalmistamiseks, kivide ja prahi kogumiseks, muru korrastamiseks<br \/>\nKontroll ja testimine v\u00f5imalik KASIMA laos<br \/>\nV\u00f5imalik on seadme kohaletoimetamine teie valitud aadressile<\/p>\n<p><iframe loading=\"lazy\" title=\"Bobcat Landscape Rake 5A \u2502 UAB KASIMA\" width=\"1080\" height=\"608\" src=\"https:\/\/www.youtube.com\/embed\/w4jCgajCl2Q?feature=oembed\"  allow=\"accelerometer; autoplay; clipboard-write; encrypted-media; gyroscope; picture-in-picture; web-share\" referrerpolicy=\"strict-origin-when-cross-origin\" allowfullscreen><\/iframe><\/p>\n","protected":false},"excerpt":{"rendered":"<p>Hind ilma k\u00e4ibemaksuta<\/p>\n<p>Tootja: Bobcat\/Melroe<br \/>\nMudel: Landscape Rake 5A<br \/>\nHelista: <a href=\"tel:+37067607071\">+37067607071<\/a><br \/>\nE-post: <a href=\"mailto:sales@kasima.lt\">sales@kasima.lt<\/a><\/p>\n","protected":false},"featured_media":65471,"template":"","meta":{"_et_pb_use_builder":"","_et_pb_old_content":"","_et_gb_content_width":""},"product_brand":[],"product_cat":[214,156],"product_tag":[],"class_list":{"0":"post-67378","1":"product","2":"type-product","3":"status-publish","4":"has-post-thumbnail","6":"product_cat-kasutatud","7":"product_cat-minilaadur","9":"first","10":"instock","11":"taxable","12":"shipping-taxable","13":"purchasable","14":"product-type-simple"},"_links":{"self":[{"href":"https:\/\/kasima3.bcapps.lt\/et\/wp-json\/wp\/v2\/product\/67378","targetHints":{"allow":["GET"]}}],"collection":[{"href":"https:\/\/kasima3.bcapps.lt\/et\/wp-json\/wp\/v2\/product"}],"about":[{"href":"https:\/\/kasima3.bcapps.lt\/et\/wp-json\/wp\/v2\/types\/product"}],"wp:featuredmedia":[{"embeddable":true,"href":"https:\/\/kasima3.bcapps.lt\/et\/wp-json\/wp\/v2\/media\/65471"}],"wp:attachment":[{"href":"https:\/\/kasima3.bcapps.lt\/et\/wp-json\/wp\/v2\/media?parent=67378"}],"wp:term":[{"taxonomy":"product_brand","embeddable":true,"href":"https:\/\/kasima3.bcapps.lt\/et\/wp-json\/wp\/v2\/product_brand?post=67378"},{"taxonomy":"product_cat","embeddable":true,"href":"https:\/\/kasima3.bcapps.lt\/et\/wp-json\/wp\/v2\/product_cat?post=67378"},{"taxonomy":"product_tag","embeddable":true,"href":"https:\/\/kasima3.bcapps.lt\/et\/wp-json\/wp\/v2\/product_tag?post=67378"}],"curies":[{"name":"wp","href":"https:\/\/api.w.org\/{rel}","templated":true}]}}