{"id":67382,"date":"2025-08-08T10:53:57","date_gmt":"2025-08-08T10:53:57","guid":{"rendered":"https:\/\/kasima3.bcapps.lt\/produktas\/ksm-8k-puurimiskomplekt-ekskavaatorile\/"},"modified":"2025-10-29T08:36:09","modified_gmt":"2025-10-29T08:36:09","slug":"ksm-8k-puurimiskomplekt-ekskavaatorile","status":"publish","type":"product","link":"https:\/\/kasima3.bcapps.lt\/et\/produktas\/ksm-8k-puurimiskomplekt-ekskavaatorile\/","title":{"rendered":"KSM 8K puurimiskomplekt ekskavaatorile"},"content":{"rendered":"<p>Puurikomplekt ekskavaatorile KSM 8K<\/p>\n<p>V\u00f5imas ja mitmek\u00fclgne lahendus 5-10-tonniste ekskavaatoritega tehtavateks puurimist\u00f6\u00f6deks.<br \/>\nIntensiivseks kasutamiseks ehituses, tsiviilehituses, tarade, vaiade v\u00f5i vundamentide puurimiseks, istutamiseks v\u00f5i infrastruktuuri paigaldamiseks.<\/p>\n<p>Kohandamine:<\/p>\n<p>Puurimine vundamentide, postide ja tugede jaoks<br \/>\nPuurimine aedade, postide ja p\u00e4ikesepaneelide jaoks<br \/>\nPuurimine puude istutamiseks<br \/>\nPuurimine maam\u00f5\u00f5tmiseks ja muud puurimist\u00f6\u00f6d<\/p>\n<p>Komplekti kuuluvad:<\/p>\n<p>Puurimiss\u00fcsteem &#8211; KSM Attachments KSM 8K<br \/>\nP\u00f6\u00f6rdemoment: 2500-8075 Nm<br \/>\nH\u00fcdrauliline r\u00f5hk: 70-210 bar<br \/>\nH\u00fcdrauliline vooluhulk: 40-115 l\/min<br \/>\nRPM: 27-80 rpm<br \/>\nAksel: 75 mm kandiline (75Sq)<br \/>\nVoolikute \u00fchendused: 1\/2&#8243;, kiir\u00fchendustega liitmikud.<\/p>\n<p>Puurid &#8211; KSM Premium ST:<\/p>\n<p>200 mm l\u00e4bim\u00f5\u00f5t, 150 cm pikk<br \/>\n300 mm l\u00e4bim\u00f5\u00f5t, 150 cm pikk<br \/>\n400 mm l\u00e4bim\u00f5\u00f5t, 150 cm pikk 400 mm l\u00e4bim\u00f5\u00f5t, 150 cm pikk<\/p>\n<p>Puuraugu laiendaja:<\/p>\n<p>150 cm, 75 mm ruudukujulise v\u00f5lliga (75Sq)<\/p>\n<p>Riputamine:<\/p>\n<p>Valitud v\u00f5i kohandatud vastavalt ekskavaatorimudelile<br \/>\nKurviga sujuvaks puurimiseks ja v\u00e4hendatud mehaaniliseks pingutuseks<\/p>\n<p>Lisavarustus:<\/p>\n<p>4 tihvti<br \/>\n4 varuhammast puuride jaoks  <\/p>\n<p>&#8211; &#8211;<br \/>\nMe tarnime varuosasid ja remondime maapuurid ja nende seadmed.<\/p>\n","protected":false},"excerpt":{"rendered":"<p>Hind ilma k\u00e4ibemaksuta<\/p>\n<p>Tootja: KSM Attachments<br \/>\nMudel: KSM 8K Excavator Kit<br \/>\nHelista: <a href=\"tel:+37067607071\">+37067607071<\/a><br \/>\nE-post: <a href=\"mailto:sales@kasima.lt\">sales@kasima.lt<\/a><\/p>\n","protected":false},"featured_media":65551,"template":"","meta":{"_et_pb_use_builder":"","_et_pb_old_content":"","_et_gb_content_width":""},"product_brand":[],"product_cat":[169,172,165,167,367],"product_tag":[],"class_list":{"0":"post-67382","1":"product","2":"type-product","3":"status-publish","4":"has-post-thumbnail","6":"product_cat-5-7-tonni","7":"product_cat-7-10-tonni","8":"product_cat-uus","9":"product_cat-ekskavaator","10":"product_cat-hudropuur","12":"first","13":"instock","14":"taxable","15":"shipping-taxable","16":"purchasable","17":"product-type-simple"},"_links":{"self":[{"href":"https:\/\/kasima3.bcapps.lt\/et\/wp-json\/wp\/v2\/product\/67382","targetHints":{"allow":["GET"]}}],"collection":[{"href":"https:\/\/kasima3.bcapps.lt\/et\/wp-json\/wp\/v2\/product"}],"about":[{"href":"https:\/\/kasima3.bcapps.lt\/et\/wp-json\/wp\/v2\/types\/product"}],"wp:featuredmedia":[{"embeddable":true,"href":"https:\/\/kasima3.bcapps.lt\/et\/wp-json\/wp\/v2\/media\/65551"}],"wp:attachment":[{"href":"https:\/\/kasima3.bcapps.lt\/et\/wp-json\/wp\/v2\/media?parent=67382"}],"wp:term":[{"taxonomy":"product_brand","embeddable":true,"href":"https:\/\/kasima3.bcapps.lt\/et\/wp-json\/wp\/v2\/product_brand?post=67382"},{"taxonomy":"product_cat","embeddable":true,"href":"https:\/\/kasima3.bcapps.lt\/et\/wp-json\/wp\/v2\/product_cat?post=67382"},{"taxonomy":"product_tag","embeddable":true,"href":"https:\/\/kasima3.bcapps.lt\/et\/wp-json\/wp\/v2\/product_tag?post=67382"}],"curies":[{"name":"wp","href":"https:\/\/api.w.org\/{rel}","templated":true}]}}