{"id":67587,"date":"2025-08-12T08:44:43","date_gmt":"2025-08-12T08:44:43","guid":{"rendered":"https:\/\/kasima3.bcapps.lt\/produktas\/betoonisegisti-cf-bmx160\/"},"modified":"2025-10-29T08:36:24","modified_gmt":"2025-10-29T08:36:24","slug":"betoonisegisti-cf-bmx160","status":"publish","type":"product","link":"https:\/\/kasima3.bcapps.lt\/et\/produktas\/betoonisegisti-cf-bmx160\/","title":{"rendered":"Betoonisegisti C&amp;F BMX160"},"content":{"rendered":"<p>SPETSIFIKATSIOONID:<br \/>\nMaksimaalne mahutavus: 200 l.<br \/>\nSoovituslik segisti mahutavus: 160 l.<br \/>\nT\u00e4idetud segisti kaal (ligikaudne): 630 kg.<br \/>\nT\u00fchja segisti kaal: 250 kg.<br \/>\nBetoonisegisti laius: 1200 mm.<br \/>\nMaksimaalne r\u00f5hk: 180 bar.<br \/>\nH\u00fcdraulika\u00f5li t\u00f6\u00f6vool: 45-65 l\/min.<\/p>\n<p>Pakume teile t\u00e4ielikku h\u00fcdraulilist betoonisegajat, mis on valmistatud Itaalias ja sertifitseeritud t\u00f6\u00f6tamiseks Euroopa \u00dchenduses. Segur on varustatud elektrimootori poolt juhitava betooni v\u00e4ljavooluklapiga, mis avaneb ja sulgub h\u00fcdraulilise jaoturi abil, ning minilaaduri vedrustusega. Segisti m\u00fc\u00fcakse komplektina (betooni v\u00e4ljavooluvoolik, h\u00fcdraulilised voolikud ja pihustid, elektroonilised \u00fchendused ja l\u00fclitid). Segur segab betooni m\u00f5lemas suunas. See on varustatud M+S h\u00fcdropumpade ja Bosh Rextrothi h\u00fcdrauliliste jaoturitega. Minilaaduri betoonisegisti korpus on valmistatud HB400 ning terad ja v\u00f5ll on valmistatud HB500 struktuuriterasest. Pakume 12-kuulise garantii tehase defektide vastu. UAB &#8220;KASIMA&#8221; teostab garantii- ja garantiij\u00e4rgset hooldust<br \/>\nTOOTE L\u00c4HETAMINE:<br \/>\nMeil on kaup kohapeal, nii et saate tulla ja vaadata seda isiklikult. Kiire tarne teie aadressile.<\/p>\n<p>See betoonisegisti sobib Bobcat, CAT, Gehl, Komatsu, Wacker Neuson, Gehlmax, Mustang, CASE, EUROCOMACH ja muudele minilaaduritele.<\/p>\n","protected":false},"excerpt":{"rendered":"<p>Hind ilma k\u00e4ibemaksuta<\/p>\n<p>Tootja: C&amp;F<br \/>\nMudel: BMX 160E<br \/>\nHelista: <a href=\"tel:+37067607071\">+37067607071<\/a><br \/>\nEmail: <a href=\"mailto:sales@kasima.lt\">sales@kasima.lt<\/a><\/p>\n","protected":false},"featured_media":66196,"template":"","meta":{"_et_pb_use_builder":"","_et_pb_old_content":"","_et_gb_content_width":""},"product_brand":[],"product_cat":[159,161,165,158,167,156],"product_tag":[],"class_list":{"0":"post-67587","1":"product","2":"type-product","3":"status-publish","4":"has-post-thumbnail","6":"product_cat-15-3-tonni","7":"product_cat-3-5-tonni","8":"product_cat-uus","9":"product_cat-betooni-segumasin","10":"product_cat-ekskavaator","11":"product_cat-minilaadur","13":"first","14":"instock","15":"taxable","16":"shipping-taxable","17":"purchasable","18":"product-type-simple"},"_links":{"self":[{"href":"https:\/\/kasima3.bcapps.lt\/et\/wp-json\/wp\/v2\/product\/67587","targetHints":{"allow":["GET"]}}],"collection":[{"href":"https:\/\/kasima3.bcapps.lt\/et\/wp-json\/wp\/v2\/product"}],"about":[{"href":"https:\/\/kasima3.bcapps.lt\/et\/wp-json\/wp\/v2\/types\/product"}],"wp:featuredmedia":[{"embeddable":true,"href":"https:\/\/kasima3.bcapps.lt\/et\/wp-json\/wp\/v2\/media\/66196"}],"wp:attachment":[{"href":"https:\/\/kasima3.bcapps.lt\/et\/wp-json\/wp\/v2\/media?parent=67587"}],"wp:term":[{"taxonomy":"product_brand","embeddable":true,"href":"https:\/\/kasima3.bcapps.lt\/et\/wp-json\/wp\/v2\/product_brand?post=67587"},{"taxonomy":"product_cat","embeddable":true,"href":"https:\/\/kasima3.bcapps.lt\/et\/wp-json\/wp\/v2\/product_cat?post=67587"},{"taxonomy":"product_tag","embeddable":true,"href":"https:\/\/kasima3.bcapps.lt\/et\/wp-json\/wp\/v2\/product_tag?post=67587"}],"curies":[{"name":"wp","href":"https:\/\/api.w.org\/{rel}","templated":true}]}}