{"id":7266,"date":"2023-01-07T15:11:09","date_gmt":"2023-01-07T15:11:09","guid":{"rendered":"https:\/\/kasima.lt\/shop\/maaratlemata\/vibratsiooniplaat-polituur-ksm-cp04\/"},"modified":"2025-10-29T08:31:33","modified_gmt":"2025-10-29T08:31:33","slug":"vibroplate-poliakale-ksm-cp04","status":"publish","type":"product","link":"https:\/\/kasima3.bcapps.lt\/et\/produktas\/vibroplate-poliakale-ksm-cp04\/","title":{"rendered":"Vibratsiooniplaat \/ Vaiahaamer  KSM CP04"},"content":{"rendered":"<p>SPETSIFIKATSIOONID:<br \/>\nKaal 295 kg.<br \/>\nVibratsioonisagedus: 2000 bpm;<br \/>\nV\u00f5imsus: 4 t.<br \/>\nH\u00fcdrauliline vooluhulk: 45-75 l\/min.<br \/>\nH\u00fcdrauliline t\u00f6\u00f6r\u00f5hk: 100-130 baari.<br \/>\nAlusplaadi m\u00f5\u00f5tmed: 900&#215;550 mm.<\/p>\n<p>Vibratsiooniplaat\/Vaiahaamer on suurep\u00e4rase j\u00f5udlusega. Seda kasutatakse piirkondades, kus on vaja pinnase t\u00f5husat tihendamist. Pol\u00fcasfalti kasutatakse laialdaselt puu- v\u00f5i metallvarraste sepistamiseks ning see sobib ka kraavide tihendamiseks. See v\u00f5imaldab teil kiiresti ja vaevata paigaldada tara v\u00f5i muu tara postid.<br \/>\nKAUPADE TARNIMINE:<br \/>\nToode on meil kohapeal olemas, nii et selle kohale toimetamine ei v\u00f5ta kaua aega. Olete teretulnud meid k\u00fclastama, et tutvuda tootega.<br \/>\nSee vibratsiooniplaat sobib Atlas, Bobcat, CASE, Caterpillar, CAT, Doosan, Eurocomach, Gehl, Hitachi, JCB, Komatsu, Liebherr, Liebherr, New Holland, Terex, Wacker, Neuson, Volvo ja muudele masinatele.<\/p>\n","protected":false},"excerpt":{"rendered":"<p>Hind ilma k\u00e4ibemaksuta<\/p>\n<p>Tootja: KSM<br \/>\nMudel: CP04<br \/>\nHelista: <a href=\"tel:+37067607071\">+37067607071<\/a><br \/>\nKontakt: <a href=\"mailto:sales@kasima3.bcapps.lt\">sales@kasima3.bcapps.lt<\/a><\/p>\n","protected":false},"featured_media":6257,"template":"","meta":{"_et_pb_use_builder":"","_et_pb_old_content":"","_et_gb_content_width":""},"product_brand":[],"product_cat":[161,169,172,165,167,177],"product_tag":[],"class_list":{"0":"post-7266","1":"product","2":"type-product","3":"status-publish","4":"has-post-thumbnail","6":"product_cat-3-5-tonni","7":"product_cat-5-7-tonni","8":"product_cat-7-10-tonni","9":"product_cat-uus","10":"product_cat-ekskavaator","11":"product_cat-ekskavaatori-vibroplaat","13":"first","14":"instock","15":"taxable","16":"shipping-taxable","17":"purchasable","18":"product-type-simple"},"_links":{"self":[{"href":"https:\/\/kasima3.bcapps.lt\/et\/wp-json\/wp\/v2\/product\/7266","targetHints":{"allow":["GET"]}}],"collection":[{"href":"https:\/\/kasima3.bcapps.lt\/et\/wp-json\/wp\/v2\/product"}],"about":[{"href":"https:\/\/kasima3.bcapps.lt\/et\/wp-json\/wp\/v2\/types\/product"}],"wp:featuredmedia":[{"embeddable":true,"href":"https:\/\/kasima3.bcapps.lt\/et\/wp-json\/wp\/v2\/media\/6257"}],"wp:attachment":[{"href":"https:\/\/kasima3.bcapps.lt\/et\/wp-json\/wp\/v2\/media?parent=7266"}],"wp:term":[{"taxonomy":"product_brand","embeddable":true,"href":"https:\/\/kasima3.bcapps.lt\/et\/wp-json\/wp\/v2\/product_brand?post=7266"},{"taxonomy":"product_cat","embeddable":true,"href":"https:\/\/kasima3.bcapps.lt\/et\/wp-json\/wp\/v2\/product_cat?post=7266"},{"taxonomy":"product_tag","embeddable":true,"href":"https:\/\/kasima3.bcapps.lt\/et\/wp-json\/wp\/v2\/product_tag?post=7266"}],"curies":[{"name":"wp","href":"https:\/\/api.w.org\/{rel}","templated":true}]}}