{"id":7281,"date":"2023-01-07T15:11:09","date_gmt":"2023-01-07T15:11:09","guid":{"rendered":"https:\/\/kasima.lt\/shop\/maaratlemata\/nurgaluud-wolverine-72\/"},"modified":"2025-10-29T08:31:34","modified_gmt":"2025-10-29T08:31:34","slug":"kampine-slot-wolverine-72","status":"publish","type":"product","link":"https:\/\/kasima3.bcapps.lt\/et\/produktas\/kampine-slot-wolverine-72\/","title":{"rendered":"Nurgaluud Wolverine 72"},"content":{"rendered":"<p>SPETSIFIKATSIOONID:<\/p>\n<p>Nurgal\u00f5ikuri laius: 183 cm.<br \/>\nNurgal\u00f5ikuri kogulaius: 220 cm.<br \/>\nNurgal\u00f5ikuri pikkus: 110 cm.<br \/>\nNurgal\u00f5ikuri k\u00f5rgus: 60 cm.<br \/>\nNurgal\u00f5ikuri kaal: 240 kg.<br \/>\nT\u00f6\u00f6vool kuni 90 l\/min.<br \/>\nP\u00fchkimissegmendi reguleeritav k\u00f5rgus<br \/>\nM\u00e4\u00e4ritud laagrid<br \/>\nVedrustus: liugurvedrustus<\/p>\n<p>Pakume teile t\u00e4ielikku Wolverine&#8217;i nurgaluuda mustuse, lume ja muude soovimatute materjalide p\u00fchkimiseks minilaaduriga. Nurgaluudade komplekti kuuluvad: h\u00fcdraulilised voolikud, \u00fchendusotsakud. Nurgal\u00f5ikuri p\u00fchkimisnurka saab reguleerida vastavalt teie vajadustele, keerates luuda m\u00f5lemas suunas.<br \/>\nMini Loader nurgal\u00f5ikuril on 12-kuuline garantii, mis katab tehases esinevad defektid. KASIMA Ltd. pakub garantii- ja garantiij\u00e4rgset hooldust.<br \/>\nTOOTETE L\u00c4HETAMINE:<br \/>\nMeil on tooted kohapeal, nii et saate tulla neid isiklikult vaatama.<br \/>\n &#8212;&#8212;&#8212;&#8212;&#8212;&#8212;&#8212;&#8212;&#8212;&#8212;&#8212;&#8212;&#8212;&#8212;&#8212;&#8212;&#8212;&#8212;&#8212;&#8212;&#8211;<br \/>\nSee nurgal\u00f5ikur sobib j\u00e4rgmistele kahvelt\u00f5stukitele: Bobcat, CAT, Gehl, Takeuchi, Manitou, Komatsu, Wacker Neuson, Terex, New Holland, JCB, Mustang, CASE, EUROCOMACH, Doosan, Caterpillar jne.<br \/>\n*Kohaliselt saab lisatasu eest paigaldada adapteri kahvelt\u00f5stuki \u00fchendusele.  <\/p>\n","protected":false},"excerpt":{"rendered":"<p>Hind ilma k\u00e4ibemaksuta<\/p>\n<p>Tootja: Wolverine<br \/>\nMudel: Angle Broom 72<br \/>\nHelista: <a href=\"tel:+37067607071\">+37067607071<\/a><br \/>\nE-post: <a href=\"mailto:sales@kasima3.bcapps.lt\">sales@kasima3.bcapps.lt<\/a><\/p>\n","protected":false},"featured_media":5949,"template":"","meta":{"_et_pb_use_builder":"","_et_pb_old_content":"","_et_gb_content_width":""},"product_brand":[],"product_cat":[159,161,165,290,156],"product_tag":[],"class_list":{"0":"post-7281","1":"product","2":"type-product","3":"status-publish","4":"has-post-thumbnail","6":"product_cat-15-3-tonni","7":"product_cat-3-5-tonni","8":"product_cat-uus","9":"product_cat-hudrauliline-puhkimishari","10":"product_cat-minilaadur","12":"first","13":"instock","14":"taxable","15":"shipping-taxable","16":"purchasable","17":"product-type-simple"},"_links":{"self":[{"href":"https:\/\/kasima3.bcapps.lt\/et\/wp-json\/wp\/v2\/product\/7281","targetHints":{"allow":["GET"]}}],"collection":[{"href":"https:\/\/kasima3.bcapps.lt\/et\/wp-json\/wp\/v2\/product"}],"about":[{"href":"https:\/\/kasima3.bcapps.lt\/et\/wp-json\/wp\/v2\/types\/product"}],"wp:featuredmedia":[{"embeddable":true,"href":"https:\/\/kasima3.bcapps.lt\/et\/wp-json\/wp\/v2\/media\/5949"}],"wp:attachment":[{"href":"https:\/\/kasima3.bcapps.lt\/et\/wp-json\/wp\/v2\/media?parent=7281"}],"wp:term":[{"taxonomy":"product_brand","embeddable":true,"href":"https:\/\/kasima3.bcapps.lt\/et\/wp-json\/wp\/v2\/product_brand?post=7281"},{"taxonomy":"product_cat","embeddable":true,"href":"https:\/\/kasima3.bcapps.lt\/et\/wp-json\/wp\/v2\/product_cat?post=7281"},{"taxonomy":"product_tag","embeddable":true,"href":"https:\/\/kasima3.bcapps.lt\/et\/wp-json\/wp\/v2\/product_tag?post=7281"}],"curies":[{"name":"wp","href":"https:\/\/api.w.org\/{rel}","templated":true}]}}