{"id":7283,"date":"2022-12-29T11:12:58","date_gmt":"2022-12-29T11:12:58","guid":{"rendered":"https:\/\/kasima.lt\/shop\/maaratlemata\/betoonisegistid-cf-bmx200\/"},"modified":"2025-10-29T08:31:34","modified_gmt":"2025-10-29T08:31:34","slug":"betoonisegisti-cf-bmx200","status":"publish","type":"product","link":"https:\/\/kasima3.bcapps.lt\/et\/produktas\/betoonisegisti-cf-bmx200\/","title":{"rendered":"Betoonisegistid C&amp;F BMX200"},"content":{"rendered":"<p>SPETSIFIKATSIOONID:<br \/>\nMaksimaalne mahutavus: 250 l.<br \/>\nSegisti soovitatav maht: 200 l.<br \/>\nT\u00e4idetud segisti kaal (ligikaudne): 810 kg.<br \/>\nT\u00fchja segisti kaal: 330 kg.<br \/>\nBetoonisegisti laius: 1420 mm.<br \/>\nMaksimaalne r\u00f5hk: 180 baari.<br \/>\nH\u00fcdraulika\u00f5li vooluhulk: 45-65 l\/min.<\/p>\n<p>Pakume teile t\u00e4ielikku h\u00fcdraulilist betoonisegajat, mis on valmistatud Itaalias ja sertifitseeritud t\u00f6\u00f6tamiseks Euroopa \u00dchenduses. Segur on varustatud elektrimootori poolt juhitava betooni v\u00e4ljavooluklapiga, mida avab ja sulgeb h\u00fcdrauliline jaotur. Segisti m\u00fc\u00fcakse komplektina (betooni v\u00e4ljavooluvoolik, h\u00fcdraulilised voolikud ja pihustid, elektroonilised \u00fchendused ja l\u00fclitid). Segur segab betooni m\u00f5lemas suunas. See on varustatud M+S h\u00fcdropumpade ja Bosh Rextrothi h\u00fcdrauliliste jaoturitega. Minilaaduri betoonisegisti korpus on valmistatud HB400 ning terad ja v\u00f5ll on valmistatud HB500 struktuuriterasest. Pakume 12-kuulise garantii tehase defektide vastu. KASIMA Ltd. pakub garantii- ja garantiij\u00e4rgset hooldust.<br \/>\nKAUPADE TARNIMINE:<br \/>\nMeil on toode kohapeal, nii et saate tulla ja neid isiklikult n\u00e4ha. Kiire tarne teie aadressile.<br \/>\n&#8212;&#8212;&#8212;&#8212;&#8212;&#8212;&#8212;&#8212;&#8212;&#8212;&#8212;&#8212;&#8212;&#8212;&#8212;&#8212;&#8212;&#8212;&#8212;&#8212;&#8211;<br \/>\nSee betoonisegisti sobib Bobcat, CAT, Gehl, Takeuchi, Manitou, Komatsu, Wacker Neuson, Gehlmax, New Holland, JCB, Mustang, CASE, EUROCOMACH, Doosan, Caterpillar ja muudele laaduritele.<br \/>\nLisatasu eest saame paigaldada betoonisegisti vedrustuse teie veoautole.<\/p>\n","protected":false},"excerpt":{"rendered":"<p>Hind ilma k\u00e4ibemaksuta<\/p>\n<p>Tootja: C&amp;F<br \/>\nMudel: BMX 200<br \/>\nHelista: <a href=\"tel:+37067607071\">+37067607071<\/a><br \/>\nKontakt: <a href=\"mailto:sales@kasima3.bcapps.lt\">sales@kasima3.bcapps.lt<\/a><\/p>\n","protected":false},"featured_media":7020,"template":"","meta":{"_et_pb_use_builder":"","_et_pb_old_content":"","_et_gb_content_width":""},"product_brand":[],"product_cat":[159,161,165,158,156],"product_tag":[],"class_list":{"0":"post-7283","1":"product","2":"type-product","3":"status-publish","4":"has-post-thumbnail","6":"product_cat-15-3-tonni","7":"product_cat-3-5-tonni","8":"product_cat-uus","9":"product_cat-betooni-segumasin","10":"product_cat-minilaadur","12":"first","13":"instock","14":"taxable","15":"shipping-taxable","16":"purchasable","17":"product-type-simple"},"_links":{"self":[{"href":"https:\/\/kasima3.bcapps.lt\/et\/wp-json\/wp\/v2\/product\/7283","targetHints":{"allow":["GET"]}}],"collection":[{"href":"https:\/\/kasima3.bcapps.lt\/et\/wp-json\/wp\/v2\/product"}],"about":[{"href":"https:\/\/kasima3.bcapps.lt\/et\/wp-json\/wp\/v2\/types\/product"}],"wp:featuredmedia":[{"embeddable":true,"href":"https:\/\/kasima3.bcapps.lt\/et\/wp-json\/wp\/v2\/media\/7020"}],"wp:attachment":[{"href":"https:\/\/kasima3.bcapps.lt\/et\/wp-json\/wp\/v2\/media?parent=7283"}],"wp:term":[{"taxonomy":"product_brand","embeddable":true,"href":"https:\/\/kasima3.bcapps.lt\/et\/wp-json\/wp\/v2\/product_brand?post=7283"},{"taxonomy":"product_cat","embeddable":true,"href":"https:\/\/kasima3.bcapps.lt\/et\/wp-json\/wp\/v2\/product_cat?post=7283"},{"taxonomy":"product_tag","embeddable":true,"href":"https:\/\/kasima3.bcapps.lt\/et\/wp-json\/wp\/v2\/product_tag?post=7283"}],"curies":[{"name":"wp","href":"https:\/\/api.w.org\/{rel}","templated":true}]}}