{"id":7289,"date":"2022-12-29T11:12:59","date_gmt":"2022-12-29T11:12:59","guid":{"rendered":"https:\/\/kasima.lt\/shop\/maaratlemata\/betoonisegistid-cf-bmx450t\/"},"modified":"2025-10-29T08:31:34","modified_gmt":"2025-10-29T08:31:34","slug":"betoonisegisti-cf-bmx450t","status":"publish","type":"product","link":"https:\/\/kasima3.bcapps.lt\/et\/produktas\/betoonisegisti-cf-bmx450t\/","title":{"rendered":"Betoonisegistid C&amp;F BMX450T"},"content":{"rendered":"<p>SPETSIFIKATSIOONID:<br \/>\nBetoonisegisti maksimaalne mahutavus: 520 l.<br \/>\nBetoonisegisti soovitatav maht: 450 l.<br \/>\nT\u00e4idetud betoonisegisti kaal (ligikaudne): 1570 kg.<br \/>\nT\u00fchja betoonisegisti kaal: 440 kg.<br \/>\nBetoonisegisti laius: 1600 mm.<br \/>\nMaksimaalne betoonisegisti r\u00f5hk: 180 baari.<br \/>\nH\u00fcdraulika\u00f5li vooluhulk : 75-125 l\/min.<\/p>\n<p>Pakume teile t\u00e4ielikku h\u00fcdraulilist betoonisegajat esi-, teleskoop- v\u00f5i rataslaaduritele. Segur on varustatud elektrimootori poolt juhitava betooni v\u00e4ljavooluklapiga, mida avab ja sulgeb h\u00fcdrauliline jaotur. Segur m\u00fc\u00fcakse komplektina (betooni v\u00e4ljavooluvoolik, h\u00fcdraulilised voolikud ja pihustid, elektri\u00fchendused ja l\u00fclitid). Itaalias valmistatud betoonisegisti, mis on sertifitseeritud Euroopa \u00dchenduses t\u00f6\u00f6tamiseks. Pakume 12-kuulise garantii tehase defektide vastu. KASIMA UAB pakub garantii- ja garantiij\u00e4rgset hooldust. H\u00fcdraulilised betoonisegistid on varustatud M+S h\u00fcdrauliliste pumpade ja Bosh Rextrothi h\u00fcdraulilise jaoturiga. Betoonisegisti korpus on valmistatud konstruktsiooniterasest HB400 ning labad ja v\u00f5ll HB500. Segur segab betooni m\u00f5lemas suunas, h\u00fcdromootori p\u00f6\u00f6rdemomenti edastab kett ja betooni v\u00e4ljavooluklappi avab h\u00fcdrauliline jaotur.<\/p>\n<p>Toode on meil kohapeal olemas, nii et selle kohale toimetamine ei v\u00f5ta kaua aega. Olete teretulnud meid k\u00fclastama, et tutvuda tootega.<br \/>\nKAUPADE TARNIMINE:<br \/>\nMeil on toode kohapeal, nii et saate tulla ja neid isiklikult n\u00e4ha.<br \/>\nKiire tarne teie aadressile.<br \/>\n&#8212;&#8212;&#8212;&#8212;&#8212;&#8212;&#8212;&#8212;&#8212;&#8212;&#8212;&#8212;&#8212;&#8212;&#8212;&#8212;&#8212;&#8212;&#8212;&#8212;&#8211;<br \/>\nSee betoonisegisti sobib JCB, Manitou, CAT, John Deere, Fendt, Trimex, Quicke, Terex, New Holland, Mustang, CASE, Caterpillar, EURO vedrustus ja muudele mudelitele.<\/p>\n","protected":false},"excerpt":{"rendered":"<p>Hind ilma k\u00e4ibemaksuta<\/p>\n<p>Tootja: C&amp;F<br \/>\nMudel: BMX 450T<br \/>\nHelista: <a href=\"tel:+37067607071\">+37067607071<\/a><br \/>\nKontakt: <a href=\"mailto:sales@kasima3.bcapps.lt\">sales@kasima3.bcapps.lt<\/a><\/p>\n","protected":false},"featured_media":7070,"template":"","meta":{"_et_pb_use_builder":"","_et_pb_old_content":"","_et_gb_content_width":""},"product_brand":[],"product_cat":[161,169,172,201,165,158,156,199,195,197],"product_tag":[],"class_list":{"0":"post-7289","1":"product","2":"type-product","3":"status-publish","4":"has-post-thumbnail","6":"product_cat-3-5-tonni","7":"product_cat-5-7-tonni","8":"product_cat-7-10-tonni","9":"product_cat-10-13-tonni","10":"product_cat-uus","11":"product_cat-betooni-segumasin","12":"product_cat-minilaadur","13":"product_cat-frontaallaadurid","14":"product_cat-teleskooptostukid","15":"product_cat-traktor","17":"first","18":"instock","19":"taxable","20":"shipping-taxable","21":"purchasable","22":"product-type-simple"},"_links":{"self":[{"href":"https:\/\/kasima3.bcapps.lt\/et\/wp-json\/wp\/v2\/product\/7289","targetHints":{"allow":["GET"]}}],"collection":[{"href":"https:\/\/kasima3.bcapps.lt\/et\/wp-json\/wp\/v2\/product"}],"about":[{"href":"https:\/\/kasima3.bcapps.lt\/et\/wp-json\/wp\/v2\/types\/product"}],"wp:featuredmedia":[{"embeddable":true,"href":"https:\/\/kasima3.bcapps.lt\/et\/wp-json\/wp\/v2\/media\/7070"}],"wp:attachment":[{"href":"https:\/\/kasima3.bcapps.lt\/et\/wp-json\/wp\/v2\/media?parent=7289"}],"wp:term":[{"taxonomy":"product_brand","embeddable":true,"href":"https:\/\/kasima3.bcapps.lt\/et\/wp-json\/wp\/v2\/product_brand?post=7289"},{"taxonomy":"product_cat","embeddable":true,"href":"https:\/\/kasima3.bcapps.lt\/et\/wp-json\/wp\/v2\/product_cat?post=7289"},{"taxonomy":"product_tag","embeddable":true,"href":"https:\/\/kasima3.bcapps.lt\/et\/wp-json\/wp\/v2\/product_tag?post=7289"}],"curies":[{"name":"wp","href":"https:\/\/api.w.org\/{rel}","templated":true}]}}