{"id":7293,"date":"2023-01-07T15:11:09","date_gmt":"2023-01-07T15:11:09","guid":{"rendered":"https:\/\/kasima.lt\/shop\/maaratlemata\/punkriluuda-nurgaharjaga-wolverine-72\/"},"modified":"2025-10-29T08:31:34","modified_gmt":"2025-10-29T08:31:34","slug":"punkrikattega-korvaldega-istmega-olverine-72","status":"publish","type":"product","link":"https:\/\/kasima3.bcapps.lt\/et\/produktas\/punkrikattega-korvaldega-istmega-olverine-72\/","title":{"rendered":"Punkriluuda nurgaharjaga Wolverine 72"},"content":{"rendered":"<p>SPETSIFIKATSIOONID: <br \/>Laius Hopper Broom: 183 cm <br \/>Hopper luuda kogulaius: 220 cm <br \/>Punktharja pikkus: 130 cm <br \/>Punktharja k\u00f5rgus: 68 cm<br \/>Punktharja kaal: 435 kg <br \/>T\u00f6\u00f6vooluhulk: kuni 90 l\/min <br \/>Aasta: 2022 <br \/>Reguleeritav p\u00fchkimissegmendi k\u00f5rgus <br \/>M\u00e4\u00e4ritud laagrid <br \/>Paigaldus: minilaadur<\/p>\n<p>Pakume teile komplektset Wolverine Hopper Broom&#8217;i, mis on m\u00f5eldud mustuse, puistematerjalide ja muude soovimatute materjalide p\u00fchkimiseks skid steer laaduriga. hopper Broom sisaldab: h\u00fcdraulilisi voolikuid koos \u00fchendusd\u00fc\u00fcsidega. Hopper Broom on ideaalne lahendus neile, kellel on vaja p\u00fchkida ja koguda mustust, mida tavaline nurgal\u00f5ikepintsel ei suuda. hopper Broom v\u00f5imaldab h\u00f5lpsasti p\u00fchkida ja k\u00f5rvaldada prahi teie valitud kohas. seadme kaitsekummid takistavad tolmu nii kergesti levikut \u00fcmbruskonnas. See teeb operaatori t\u00f6\u00f6 lihtsamaks ja v\u00e4hendab keskkonda sattuva tolmu hulka. Sellel Wolverine&#8217;i luudal on ka lisafunktsioonina k\u00fclgmine p\u00fchkimishari, mis v\u00f5imaldab p\u00fchkida kuni k\u00f5nnitee \u00e4\u00e4reni. 12-kuuline garantii tehase defektide vastu. KASIMA Ltd. pakub garantii- ja garantiij\u00e4rgset hooldust. <br \/>TOOTE TARNE: Meil on kaup kohapeal, nii et saate tulla ja vaadata seda isiklikult. Kiire tarne teie m\u00e4\u00e4ratud aadressile <br \/>&#8212;&#8212;&#8212;&#8212;&#8212;&#8212;&#8212;&#8212;&#8212;&#8212;&#8212;&#8212;&#8212;&#8212;&#8212;&#8212;&#8212;&#8212;&#8212;&#8212;&#8211;<br \/>See punktharja sobib Bobcat, CAT, Gehl, Takeuchi, Manitou, Komatsu, Wacker Neuson, Terex, New Holland, JCB, Mustang, CASE, EUROCOMACH, Doosan, Caterpillar ja teiste laaduritega.<br \/>*Adapterit saab lisatasu eest paigaldada teie kahvelt\u00f5stukile.<\/p>\n","protected":false},"excerpt":{"rendered":"<p>Hind ilma k\u00e4ibemaksuta<\/p>\n<p>Tootja: Wolverine<br \/>Mudel: p\u00fchkimiskopp 72 S<br \/>Helista: <a href=\"tel:+37067607071\">+37067607071<\/a><br \/>E-post: <a href=\"mailto:sales@kasima3.bcapps.lt\">sales@kasima3.bcapps.lt<\/a><\/p>\n","protected":false},"featured_media":5861,"template":"","meta":{"_et_pb_use_builder":"","_et_pb_old_content":"","_et_gb_content_width":""},"product_brand":[],"product_cat":[159,161,165,290,156],"product_tag":[],"class_list":{"0":"post-7293","1":"product","2":"type-product","3":"status-publish","4":"has-post-thumbnail","6":"product_cat-15-3-tonni","7":"product_cat-3-5-tonni","8":"product_cat-uus","9":"product_cat-hudrauliline-puhkimishari","10":"product_cat-minilaadur","12":"first","13":"instock","14":"taxable","15":"shipping-taxable","16":"purchasable","17":"product-type-simple"},"_links":{"self":[{"href":"https:\/\/kasima3.bcapps.lt\/et\/wp-json\/wp\/v2\/product\/7293","targetHints":{"allow":["GET"]}}],"collection":[{"href":"https:\/\/kasima3.bcapps.lt\/et\/wp-json\/wp\/v2\/product"}],"about":[{"href":"https:\/\/kasima3.bcapps.lt\/et\/wp-json\/wp\/v2\/types\/product"}],"wp:featuredmedia":[{"embeddable":true,"href":"https:\/\/kasima3.bcapps.lt\/et\/wp-json\/wp\/v2\/media\/5861"}],"wp:attachment":[{"href":"https:\/\/kasima3.bcapps.lt\/et\/wp-json\/wp\/v2\/media?parent=7293"}],"wp:term":[{"taxonomy":"product_brand","embeddable":true,"href":"https:\/\/kasima3.bcapps.lt\/et\/wp-json\/wp\/v2\/product_brand?post=7293"},{"taxonomy":"product_cat","embeddable":true,"href":"https:\/\/kasima3.bcapps.lt\/et\/wp-json\/wp\/v2\/product_cat?post=7293"},{"taxonomy":"product_tag","embeddable":true,"href":"https:\/\/kasima3.bcapps.lt\/et\/wp-json\/wp\/v2\/product_tag?post=7293"}],"curies":[{"name":"wp","href":"https:\/\/api.w.org\/{rel}","templated":true}]}}