{"id":7295,"date":"2022-12-27T13:58:06","date_gmt":"2022-12-27T13:58:06","guid":{"rendered":"https:\/\/kasima.lt\/shop\/maaratlemata\/elektrigeneraator-genesal-energy\/"},"modified":"2025-10-29T08:31:34","modified_gmt":"2025-10-29T08:31:34","slug":"elektrienergia-generaator-energeenium-energeenium","status":"publish","type":"product","link":"https:\/\/kasima3.bcapps.lt\/et\/produktas\/elektrienergia-generaator-energeenium-energeenium\/","title":{"rendered":"Elektrigeneraator Genesal Energy"},"content":{"rendered":"<p>Tootja Genesal Energy<br \/>\nMudel GEN1000PC<br \/>\nSeisund Kasutatud\/t\u00f6\u00f6tav<br \/>\nTootjariik Hispaania<br \/>\nValmistamise aasta 2015<br \/>\nMootori t\u00fc\u00fcp PERKINS<br \/>\nGeneraatori t\u00fc\u00fcp Meccalte<br \/>\nV\u00f5imsus 1000 Kva<br \/>\nSagedus 50 Hz<br \/>\nPinge 230\/400V<br \/>\nFaaside arv 3<br \/>\nT\u00f6\u00f6aeg 1990<\/p>\n<p>T\u00e4ielik komplekt. M\u00f5eldud kasutamiseks \u00e4\u00e4rmiselt madalatel temperatuuridel.<br \/>\nKogu dokumentatsioon<br \/>\nV\u00e4ga madal t\u00f6\u00f6aeg<\/p>\n","protected":false},"excerpt":{"rendered":"<p>Hind ilma k\u00e4ibemaksuta<\/p>\n<p>Tootja: Genesal Energy<br \/>\nMudel: GEN1000PC<br \/>\nHelista: <a href=\"tel:+37067607071\">+37067607071<\/a><br \/>\nKontakt: <a href=\"mailto:sales@kasima3.bcapps.lt\">sales@kasima3.bcapps.lt<\/a><\/p>\n","protected":false},"featured_media":16897,"template":"","meta":{"_et_pb_use_builder":"","_et_pb_old_content":"","_et_gb_content_width":""},"product_brand":[],"product_cat":[147,148],"product_tag":[],"class_list":{"0":"post-7295","1":"product","2":"type-product","3":"status-publish","4":"has-post-thumbnail","6":"product_cat-ehitus","7":"product_cat-muud-masinad","9":"first","10":"instock","11":"taxable","12":"shipping-taxable","13":"product-type-simple"},"_links":{"self":[{"href":"https:\/\/kasima3.bcapps.lt\/et\/wp-json\/wp\/v2\/product\/7295","targetHints":{"allow":["GET"]}}],"collection":[{"href":"https:\/\/kasima3.bcapps.lt\/et\/wp-json\/wp\/v2\/product"}],"about":[{"href":"https:\/\/kasima3.bcapps.lt\/et\/wp-json\/wp\/v2\/types\/product"}],"wp:featuredmedia":[{"embeddable":true,"href":"https:\/\/kasima3.bcapps.lt\/et\/wp-json\/wp\/v2\/media\/16897"}],"wp:attachment":[{"href":"https:\/\/kasima3.bcapps.lt\/et\/wp-json\/wp\/v2\/media?parent=7295"}],"wp:term":[{"taxonomy":"product_brand","embeddable":true,"href":"https:\/\/kasima3.bcapps.lt\/et\/wp-json\/wp\/v2\/product_brand?post=7295"},{"taxonomy":"product_cat","embeddable":true,"href":"https:\/\/kasima3.bcapps.lt\/et\/wp-json\/wp\/v2\/product_cat?post=7295"},{"taxonomy":"product_tag","embeddable":true,"href":"https:\/\/kasima3.bcapps.lt\/et\/wp-json\/wp\/v2\/product_tag?post=7295"}],"curies":[{"name":"wp","href":"https:\/\/api.w.org\/{rel}","templated":true}]}}