{"id":7306,"date":"2023-01-07T15:11:09","date_gmt":"2023-01-07T15:11:09","guid":{"rendered":"https:\/\/kasima.lt\/shop\/maaratlemata\/kannifreesur-valentini-apache-2300\/"},"modified":"2025-10-29T08:31:35","modified_gmt":"2025-10-29T08:31:35","slug":"kannu-fresco-valentini-apache-2300","status":"publish","type":"product","link":"https:\/\/kasima3.bcapps.lt\/et\/produktas\/kannu-fresco-valentini-apache-2300\/","title":{"rendered":"K\u00e4nnifreesur Valentini Apache 2300"},"content":{"rendered":"<p>SPETSIFIKATSIOONID:<br \/>\nSoovitatav traktori v\u00f5imsus: 125-206 Kw, 170-280 HP;<br \/>\nT\u00f6\u00f6s\u00fcgavus kuni: 25cm.<br \/>\nValentini 4G reduktoriga k\u00e4igukast;<br \/>\nRootori l\u00e4bim\u00f5\u00f5t: 635 mm.<br \/>\nRootori p\u00f6\u00f6rlemiskiirus: 324 p\/min;<br \/>\nPTO kiirus 1000 p\u00f6\u00f6ret minutis<br \/>\nT\u00f6\u00f6laius: 2325 mm.<br \/>\n\u00dcldlaius: 2710 mm.<br \/>\nHammaste arv: 86<br \/>\nKolmepunktiline haakeseadise s\u00fcsteem<\/p>\n<p>Pakume teile metsa- ja k\u00e4ndude freesimist professionaalseks traktorit\u00f6\u00f6ks. See metsa- ja k\u00e4ndude freeser sobib suurep\u00e4raselt intensiivseks t\u00f6\u00f6ks \u00e4\u00e4rmiselt rasketes tingimustes. Seda saab kasutada taimede, kiviste v\u00f5i muude muldade purustamiseks. Traktori Forest and Stump Cutter peamised eelised on j\u00e4rgmised: sellel on hammasrataste ja hammasrataste k\u00e4igukast (palju vastupidavam ajamit\u00fc\u00fcp kui rihmamootor), h\u00fcdraulilised esi- ja tagaventiilid, h\u00fcdrauliline k\u00f5rguse reguleerimine. Sellel metsa- ja k\u00e4ndude lihvijal on v\u00e4ga kulumiskindel korpus, vahetatavad kulumisosad ja eriti tugevad hambad, mis ei karda kive ega betoonij\u00e4\u00e4tmeid ja suudavad neid materjale purustada. Pakume 12-kuulise garantii tehase defektide vastu. KASIMA UAB pakub garantii- ja garantiij\u00e4rgset hooldust.<br \/>\nKAUPADE TARNIMINE:<br \/>\nMeil on toode kohapeal, nii et saate tulla ja neid isiklikult n\u00e4ha.<br \/>\nKiire tarne teie aadressile.<br \/>\n&#8212;&#8212;&#8212;&#8212;&#8212;&#8212;&#8212;&#8212;&#8212;&#8212;&#8212;&#8212;&#8212;&#8212;&#8212;&#8212;&#8212;&#8212;&#8212;-<br \/>\nSee mult\u0161eri sobib j\u00e4rgmiste traktorimarkide jaoks: John Deere, Fendt, CASE, New Holland, Valtra, Caterpiller, Claas, Deutzfahr, Massey Ferguson ja muud PTO-funktsiooniga traktorid.<\/p>\n","protected":false},"excerpt":{"rendered":"<p>Hind ilma k\u00e4ibemaksuta<\/p>\n<p>Kaubam\u00e4rk: Valentini<br \/>\nMudel: Apache 2300<br \/>\nHelista: <a href=\"tel:+37067607071\">+37067607071<\/a><br \/>\nKontakt: <a href=\"mailto:sales@kasima3.bcapps.lt\">sales@kasima3.bcapps.lt<\/a><\/p>\n","protected":false},"featured_media":6025,"template":"","meta":{"_et_pb_use_builder":"","_et_pb_old_content":"","_et_gb_content_width":""},"product_brand":[],"product_cat":[162,165,218,217,197,193],"product_tag":[],"class_list":{"0":"post-7306","1":"product","2":"type-product","3":"status-publish","4":"has-post-thumbnail","6":"product_cat-pollumajandus","7":"product_cat-uus","8":"product_cat-hudraulilised-multserid","9":"product_cat-traktoriga-veetavad-stabilisaatorid","10":"product_cat-traktor","11":"product_cat-kultivaatorid","13":"first","14":"outofstock","15":"taxable","16":"shipping-taxable","17":"product-type-simple"},"_links":{"self":[{"href":"https:\/\/kasima3.bcapps.lt\/et\/wp-json\/wp\/v2\/product\/7306","targetHints":{"allow":["GET"]}}],"collection":[{"href":"https:\/\/kasima3.bcapps.lt\/et\/wp-json\/wp\/v2\/product"}],"about":[{"href":"https:\/\/kasima3.bcapps.lt\/et\/wp-json\/wp\/v2\/types\/product"}],"wp:featuredmedia":[{"embeddable":true,"href":"https:\/\/kasima3.bcapps.lt\/et\/wp-json\/wp\/v2\/media\/6025"}],"wp:attachment":[{"href":"https:\/\/kasima3.bcapps.lt\/et\/wp-json\/wp\/v2\/media?parent=7306"}],"wp:term":[{"taxonomy":"product_brand","embeddable":true,"href":"https:\/\/kasima3.bcapps.lt\/et\/wp-json\/wp\/v2\/product_brand?post=7306"},{"taxonomy":"product_cat","embeddable":true,"href":"https:\/\/kasima3.bcapps.lt\/et\/wp-json\/wp\/v2\/product_cat?post=7306"},{"taxonomy":"product_tag","embeddable":true,"href":"https:\/\/kasima3.bcapps.lt\/et\/wp-json\/wp\/v2\/product_tag?post=7306"}],"curies":[{"name":"wp","href":"https:\/\/api.w.org\/{rel}","templated":true}]}}