{"id":7312,"date":"2023-01-07T16:06:59","date_gmt":"2023-01-07T16:06:59","guid":{"rendered":"https:\/\/kasima.lt\/shop\/maaratlemata\/hudrovasar-ksm-attachments-ksh500\/"},"modified":"2025-10-29T08:31:35","modified_gmt":"2025-10-29T08:31:35","slug":"hudrauliline-haamer-ksm-lisaseadmed-ksh500","status":"publish","type":"product","link":"https:\/\/kasima3.bcapps.lt\/et\/produktas\/hudrauliline-haamer-ksm-lisaseadmed-ksh500\/","title":{"rendered":"H\u00fcdrovasar KSM Attachments KSH500"},"content":{"rendered":"<p>SPETSIFIKATSIOONID:<br \/>\nH\u00fcdrovasara kaal: 450 kg.<br \/>\nT\u00f6\u00f6tav \u00f5livool: 50 &#8211; 90 l\/min.<br \/>\nT\u00f6\u00f6tav \u00f5lir\u00f5hk: 120-170 baari.<br \/>\nL\u00f6\u00f6gisagedus: 400-800 l\u00f6\u00f6ki minutis;<br \/>\nTeraatori l\u00e4bim\u00f5\u00f5t: 75 mm<br \/>\nH\u00fcdraulilise vooliku l\u00e4bim\u00f5\u00f5t: 1\/2<br \/>\nSisaldab h\u00fcdraulilist voolikut ja hooldust\u00f6\u00f6riistade komplekti.<br \/>\nH\u00fcdrovasar on m\u00f5eldud betooni, raudbetoonkonstruktsioonide ja asfaldi purustamiseks. Seda saab kasutada ka k\u00f5vade materjalide, n\u00e4iteks kivide v\u00f5i kivimite purustamiseks ja purustamiseks. KSH 500 murdmisv\u00f5imsus on v\u00f5rratu k\u00e4sisaagiga ja teeb t\u00f6\u00f6 palju lihtsamaks. Norra kaubam\u00e4rk KSM Attachments pakub suurep\u00e4rast hinna ja kvaliteedi suhet. Pakume 12-kuulise garantii tehase defektide vastu. KASIMA UAB pakub garantii- ja garantiij\u00e4rgset hooldust.<\/p>\n<p>KAUPADE TARNIMINE:<br \/>\nMeil on toode kohapeal, nii et saate tulla ja neid isiklikult n\u00e4ha. Kiire tarne teie aadressile.<\/p>\n","protected":false},"excerpt":{"rendered":"<p>Hind ilma k\u00e4ibemaksuta<\/p>\n<p>Tootja: KSM Attachments<br \/>\nMudel: KSH500<br \/>\nHelista: <a href=\"tel:+37067607071\">+37067607071<\/a><br \/>\nKontakt: <a href=\"mailto:sales@kasima3.bcapps.lt\">sales@kasima3.bcapps.lt<\/a><\/p>\n","protected":false},"featured_media":6377,"template":"","meta":{"_et_pb_use_builder":"","_et_pb_old_content":"","_et_gb_content_width":""},"product_brand":[],"product_cat":[169,172,165,226,167,156],"product_tag":[],"class_list":{"0":"post-7312","1":"product","2":"type-product","3":"status-publish","4":"has-post-thumbnail","6":"product_cat-5-7-tonni","7":"product_cat-7-10-tonni","8":"product_cat-uus","9":"product_cat-hudrovasar","10":"product_cat-ekskavaator","11":"product_cat-minilaadur","13":"first","14":"instock","15":"taxable","16":"shipping-taxable","17":"purchasable","18":"product-type-simple"},"_links":{"self":[{"href":"https:\/\/kasima3.bcapps.lt\/et\/wp-json\/wp\/v2\/product\/7312","targetHints":{"allow":["GET"]}}],"collection":[{"href":"https:\/\/kasima3.bcapps.lt\/et\/wp-json\/wp\/v2\/product"}],"about":[{"href":"https:\/\/kasima3.bcapps.lt\/et\/wp-json\/wp\/v2\/types\/product"}],"wp:featuredmedia":[{"embeddable":true,"href":"https:\/\/kasima3.bcapps.lt\/et\/wp-json\/wp\/v2\/media\/6377"}],"wp:attachment":[{"href":"https:\/\/kasima3.bcapps.lt\/et\/wp-json\/wp\/v2\/media?parent=7312"}],"wp:term":[{"taxonomy":"product_brand","embeddable":true,"href":"https:\/\/kasima3.bcapps.lt\/et\/wp-json\/wp\/v2\/product_brand?post=7312"},{"taxonomy":"product_cat","embeddable":true,"href":"https:\/\/kasima3.bcapps.lt\/et\/wp-json\/wp\/v2\/product_cat?post=7312"},{"taxonomy":"product_tag","embeddable":true,"href":"https:\/\/kasima3.bcapps.lt\/et\/wp-json\/wp\/v2\/product_tag?post=7312"}],"curies":[{"name":"wp","href":"https:\/\/api.w.org\/{rel}","templated":true}]}}