{"id":7318,"date":"2023-01-07T15:11:09","date_gmt":"2023-01-07T15:11:09","guid":{"rendered":"https:\/\/kasima.lt\/shop\/maaratlemata\/maapinna-tasandaja-lg2500-mm\/"},"modified":"2025-10-29T08:31:35","modified_gmt":"2025-10-29T08:31:35","slug":"mulla-tasandaja-lg2500-mm","status":"publish","type":"product","link":"https:\/\/kasima3.bcapps.lt\/et\/produktas\/mulla-tasandaja-lg2500-mm\/","title":{"rendered":"Maapinna tasandaja LG2500 mm"},"content":{"rendered":"<p>SPETSIFIKATSIOONID:<br \/>\nValmistamise aasta 2022<br \/>\nLaius 2500mm<br \/>\nPikkus 1250mm<br \/>\nK\u00f5rgus 200mm<br \/>\nRulli l\u00e4bim\u00f5\u00f5t 220mm<br \/>\nKaal 377kg<br \/>\nVajadusel saame paigaldada teile vajaliku vedrustuse.<\/p>\n<p>Kasutatakse ekskavaatoriga teede, kruntide ja muu pinnase tasandamiseks ja kujundamiseks.<\/p>\n","protected":false},"excerpt":{"rendered":"<p>Hind ilma k\u00e4ibemaksuta<\/p>\n<p>Tootja.<br \/>\nMudel: LG2500<br \/>\nHelista: <a href=\"tel:+37067607071\">+37067607071<\/a><br \/>\nKontakt: <a href=\"mailto:sales@kasima3.bcapps.lt\">sales@kasima3.bcapps.lt<\/a><\/p>\n","protected":false},"featured_media":5857,"template":"","meta":{"_et_pb_use_builder":"","_et_pb_old_content":"","_et_gb_content_width":""},"product_brand":[],"product_cat":[169,172,201,212,233,165,234,167],"product_tag":[],"class_list":{"0":"post-7318","1":"product","2":"type-product","3":"status-publish","4":"has-post-thumbnail","6":"product_cat-5-7-tonni","7":"product_cat-7-10-tonni","8":"product_cat-10-13-tonni","9":"product_cat-13-16-tonni","10":"product_cat-16-20-tonni","11":"product_cat-uus","12":"product_cat-muud-lisaseadmed","13":"product_cat-ekskavaator","15":"first","16":"instock","17":"taxable","18":"shipping-taxable","19":"product-type-simple"},"_links":{"self":[{"href":"https:\/\/kasima3.bcapps.lt\/et\/wp-json\/wp\/v2\/product\/7318","targetHints":{"allow":["GET"]}}],"collection":[{"href":"https:\/\/kasima3.bcapps.lt\/et\/wp-json\/wp\/v2\/product"}],"about":[{"href":"https:\/\/kasima3.bcapps.lt\/et\/wp-json\/wp\/v2\/types\/product"}],"wp:featuredmedia":[{"embeddable":true,"href":"https:\/\/kasima3.bcapps.lt\/et\/wp-json\/wp\/v2\/media\/5857"}],"wp:attachment":[{"href":"https:\/\/kasima3.bcapps.lt\/et\/wp-json\/wp\/v2\/media?parent=7318"}],"wp:term":[{"taxonomy":"product_brand","embeddable":true,"href":"https:\/\/kasima3.bcapps.lt\/et\/wp-json\/wp\/v2\/product_brand?post=7318"},{"taxonomy":"product_cat","embeddable":true,"href":"https:\/\/kasima3.bcapps.lt\/et\/wp-json\/wp\/v2\/product_cat?post=7318"},{"taxonomy":"product_tag","embeddable":true,"href":"https:\/\/kasima3.bcapps.lt\/et\/wp-json\/wp\/v2\/product_tag?post=7318"}],"curies":[{"name":"wp","href":"https:\/\/api.w.org\/{rel}","templated":true}]}}