{"id":7340,"date":"2023-01-07T16:06:59","date_gmt":"2023-01-07T16:06:59","guid":{"rendered":"https:\/\/kasima.lt\/shop\/maaratlemata\/hudrauliline-haamer-ksm-attachments-ksh1700\/"},"modified":"2025-10-29T08:31:36","modified_gmt":"2025-10-29T08:31:36","slug":"hudrauliline-haamer-ksm-lisaseadmed-ksh1700","status":"publish","type":"product","link":"https:\/\/kasima3.bcapps.lt\/et\/produktas\/hudrauliline-haamer-ksm-lisaseadmed-ksh1700\/","title":{"rendered":"H\u00fcdrauliline haamer KSM Attachments KSH1700"},"content":{"rendered":"<p>SPETSIFIKATSIOONID:<br \/>\nH\u00fcdrovasara kaal: 1850 kg.<br \/>\nT\u00f6\u00f6tav \u00f5livool: 150-190 l\/min.<br \/>\nT\u00f6\u00f6tav \u00f5lir\u00f5hk: 165-185 baari.<br \/>\nL\u00f6\u00f6gisagedus: 400-500 l\u00f6\u00f6ki minutis;<br \/>\nTeraatori l\u00e4bim\u00f5\u00f5t: 140 mm<br \/>\nH\u00fcdraulilise vooliku l\u00e4bim\u00f5\u00f5t: 1 tolli<br \/>\nSisaldab h\u00fcdraulilist voolikut ja hooldust\u00f6\u00f6riistade komplekti.<br \/>\nH\u00fcdrovasar on m\u00f5eldud betooni, raudbetoonkonstruktsioonide ja asfaldi purustamiseks. Seda saab kasutada ka k\u00f5vade materjalide, n\u00e4iteks kivide v\u00f5i kivimite purustamiseks ja purustamiseks. Norra kaubam\u00e4rk KSM Attachments pakub suurep\u00e4rast hinna ja kvaliteedi suhet. Pakume 12-kuulise garantii tehase defektide vastu. KASIMA UAB pakub garantii- ja garantiij\u00e4rgset hooldust.<\/p>\n<p>KAUPADE TARNIMINE:<br \/>\nMeil on toode kohapeal, nii et saate tulla ja neid isiklikult n\u00e4ha. Kiire tarne teie aadressile.<\/p>\n","protected":false},"excerpt":{"rendered":"<p>Hind ilma k\u00e4ibemaksuta<\/p>\n<p>Tootja: KSM Attachments<br \/>\nMudel: KSH1700<br \/>\nHelista: <a href=\"tel:+37067607071\">+37067607071<\/a><br \/>\nKontakt: <a href=\"mailto:sales@kasima3.bcapps.lt\">sales@kasima3.bcapps.lt<\/a><\/p>\n","protected":false},"featured_media":6421,"template":"","meta":{"_et_pb_use_builder":"","_et_pb_old_content":"","_et_gb_content_width":""},"product_brand":[],"product_cat":[233,243,244,165,226,167],"product_tag":[],"class_list":{"0":"post-7340","1":"product","2":"type-product","3":"status-publish","4":"has-post-thumbnail","6":"product_cat-16-20-tonni","7":"product_cat-20-25-tonni","8":"product_cat-25-tonni-ja-rohkem","9":"product_cat-uus","10":"product_cat-hudrovasar","11":"product_cat-ekskavaator","13":"first","14":"instock","15":"taxable","16":"shipping-taxable","17":"purchasable","18":"product-type-simple"},"_links":{"self":[{"href":"https:\/\/kasima3.bcapps.lt\/et\/wp-json\/wp\/v2\/product\/7340","targetHints":{"allow":["GET"]}}],"collection":[{"href":"https:\/\/kasima3.bcapps.lt\/et\/wp-json\/wp\/v2\/product"}],"about":[{"href":"https:\/\/kasima3.bcapps.lt\/et\/wp-json\/wp\/v2\/types\/product"}],"wp:featuredmedia":[{"embeddable":true,"href":"https:\/\/kasima3.bcapps.lt\/et\/wp-json\/wp\/v2\/media\/6421"}],"wp:attachment":[{"href":"https:\/\/kasima3.bcapps.lt\/et\/wp-json\/wp\/v2\/media?parent=7340"}],"wp:term":[{"taxonomy":"product_brand","embeddable":true,"href":"https:\/\/kasima3.bcapps.lt\/et\/wp-json\/wp\/v2\/product_brand?post=7340"},{"taxonomy":"product_cat","embeddable":true,"href":"https:\/\/kasima3.bcapps.lt\/et\/wp-json\/wp\/v2\/product_cat?post=7340"},{"taxonomy":"product_tag","embeddable":true,"href":"https:\/\/kasima3.bcapps.lt\/et\/wp-json\/wp\/v2\/product_tag?post=7340"}],"curies":[{"name":"wp","href":"https:\/\/api.w.org\/{rel}","templated":true}]}}