{"id":7901,"date":"2023-01-24T16:41:13","date_gmt":"2023-01-24T16:41:13","guid":{"rendered":"https:\/\/kasima.lt\/shop\/maaratlemata\/manitou-mrt-1432\/"},"modified":"2025-10-29T08:31:36","modified_gmt":"2025-10-29T08:31:36","slug":"manitou-mrt-1432","status":"publish","type":"product","link":"https:\/\/kasima3.bcapps.lt\/et\/produktas\/manitou-mrt-1432\/","title":{"rendered":"Manitou MRT 1432"},"content":{"rendered":"<p>P\u00f6\u00f6rlev &#8211; teleskoopk\u00e4sitleja<\/p>\n<p>Manitou MRT 1432<\/p>\n<p>Ehitatud 2000. aastal.<\/p>\n<p>Mootori t\u00f6\u00f6tundide arv 3913<\/p>\n<p>Mootor Perkins 77 kw.<\/p>\n<p>Kaal 11 500 kg.<\/p>\n<p>T\u00f5stev\u00f5ime 3200 kg.<\/p>\n<p>T\u00f5stek\u00f5rgus 14 meetrit.<\/p>\n<p>T\u00f5stekahvlid<\/p>\n<p>Kopp<\/p>\n<p>Leedus ei kasutata<\/p>\n<p>&nbsp;<\/p>\n<p>&nbsp;<\/p>\n","protected":false},"excerpt":{"rendered":"<p>Tootja: Manitou<br \/>\nMudel: MRT 1432<br \/>\nHelista: <a href=\"tel:+37067607071\">+37067607071<\/a><br \/>\nKontakt: <a href=\"mailto:info@kasima3.bcapps.lt\">info@kasima3.bcapps.lt<\/a><\/p>\n","protected":false},"featured_media":7782,"template":"","meta":{"_et_pb_use_builder":"","_et_pb_old_content":"","_et_gb_content_width":""},"product_brand":[],"product_cat":[147],"product_tag":[],"class_list":{"0":"post-7901","1":"product","2":"type-product","3":"status-publish","4":"has-post-thumbnail","6":"product_cat-ehitus","8":"first","9":"outofstock","10":"taxable","11":"shipping-taxable","12":"product-type-simple"},"_links":{"self":[{"href":"https:\/\/kasima3.bcapps.lt\/et\/wp-json\/wp\/v2\/product\/7901","targetHints":{"allow":["GET"]}}],"collection":[{"href":"https:\/\/kasima3.bcapps.lt\/et\/wp-json\/wp\/v2\/product"}],"about":[{"href":"https:\/\/kasima3.bcapps.lt\/et\/wp-json\/wp\/v2\/types\/product"}],"wp:featuredmedia":[{"embeddable":true,"href":"https:\/\/kasima3.bcapps.lt\/et\/wp-json\/wp\/v2\/media\/7782"}],"wp:attachment":[{"href":"https:\/\/kasima3.bcapps.lt\/et\/wp-json\/wp\/v2\/media?parent=7901"}],"wp:term":[{"taxonomy":"product_brand","embeddable":true,"href":"https:\/\/kasima3.bcapps.lt\/et\/wp-json\/wp\/v2\/product_brand?post=7901"},{"taxonomy":"product_cat","embeddable":true,"href":"https:\/\/kasima3.bcapps.lt\/et\/wp-json\/wp\/v2\/product_cat?post=7901"},{"taxonomy":"product_tag","embeddable":true,"href":"https:\/\/kasima3.bcapps.lt\/et\/wp-json\/wp\/v2\/product_tag?post=7901"}],"curies":[{"name":"wp","href":"https:\/\/api.w.org\/{rel}","templated":true}]}}