{"id":8510,"date":"2023-02-03T08:35:18","date_gmt":"2023-02-03T08:35:18","guid":{"rendered":"https:\/\/kasima.lt\/shop\/maaratlemata\/kaubaaluste-kahvlid-manitou-4000-kg\/"},"modified":"2025-10-29T08:31:36","modified_gmt":"2025-10-29T08:31:36","slug":"paleciu-sakes-manitou-4000-kg","status":"publish","type":"product","link":"https:\/\/kasima3.bcapps.lt\/et\/produktas\/paleciu-sakes-manitou-4000-kg\/","title":{"rendered":"Kaubaaluste kahvlid Manitou 4000 kg."},"content":{"rendered":"<p><strong>Manitou kaubaaluste kahvlid SPETSIFIKATSIOONID:<\/strong><\/p>\n<p>T\u00f5stev\u00f5ime: 4000 kg<\/p>\n<p>Kahvli pikkus: 120 cm.<\/p>\n<p>Reguleeritav kahvli laius kuni 115 cm.<\/p>\n<p>Vedrustuse t\u00fc\u00fcp: Manitou<\/p>\n<p>Pakume teile t\u00e4ielikku komplekti Manitou kaubaaluste kahvleid teleskooplaadurile. Komplekti kuuluvad: raam, kahvlikomplekt, klambrid. Kaubaaluste kahvleid kasutatakse ehitus- ja p\u00f5llumajandussektoris mitmesuguste koormate laadimiseks ja transportimiseks. Teleskooplaaduri kahvlitega t\u00f6\u00f6tamine kiirendab ja h\u00f5lbustab kaupade laadimist, mahalaadimist v\u00f5i vedu. Nendel Manitou kahvlitel on 12-kuuline garantii tootmisvigade suhtes. KASIMA UAB pakub garantii- ja garantiij\u00e4rgset hooldust.<\/p>\n<p><strong>KAUPADE TARNIMINE:<\/strong><\/p>\n<p>Meil on toode kohapeal, nii et saate tulla ja neid isiklikult n\u00e4ha. Kiire tarne teie aadressile.<\/p>\n<p>Kahvlid sobivad j\u00e4rgmiste kaubam\u00e4rkide masinatele.<\/p>\n<p>*Lisatasu eest saame kohandada teie teleskoopk\u00e4sitlejat.<\/p>\n","protected":false},"excerpt":{"rendered":"<p>Hind ilma k\u00e4ibemaksuta<\/p>\n<p>Tootja: Manitou<br \/>\nMudel: 4000 kg.<br \/>\nHelista: <a href=\"tel:+37067607071\">+37067607071<\/a><br \/>\nKontakt: <a href=\"mailto:info@kasima3.bcapps.lt\">sales@kasima3.bcapps.lt<\/a><\/p>\n","protected":false},"featured_media":8505,"template":"","meta":{"_et_pb_use_builder":"","_et_pb_old_content":"","_et_gb_content_width":""},"product_brand":[],"product_cat":[161,169,172,201,165,324,195],"product_tag":[],"class_list":{"0":"post-8510","1":"product","2":"type-product","3":"status-publish","4":"has-post-thumbnail","6":"product_cat-3-5-tonni","7":"product_cat-5-7-tonni","8":"product_cat-7-10-tonni","9":"product_cat-10-13-tonni","10":"product_cat-uus","11":"product_cat-tostehargid","12":"product_cat-teleskooptostukid","14":"first","15":"instock","16":"taxable","17":"shipping-taxable","18":"purchasable","19":"product-type-simple"},"_links":{"self":[{"href":"https:\/\/kasima3.bcapps.lt\/et\/wp-json\/wp\/v2\/product\/8510","targetHints":{"allow":["GET"]}}],"collection":[{"href":"https:\/\/kasima3.bcapps.lt\/et\/wp-json\/wp\/v2\/product"}],"about":[{"href":"https:\/\/kasima3.bcapps.lt\/et\/wp-json\/wp\/v2\/types\/product"}],"wp:featuredmedia":[{"embeddable":true,"href":"https:\/\/kasima3.bcapps.lt\/et\/wp-json\/wp\/v2\/media\/8505"}],"wp:attachment":[{"href":"https:\/\/kasima3.bcapps.lt\/et\/wp-json\/wp\/v2\/media?parent=8510"}],"wp:term":[{"taxonomy":"product_brand","embeddable":true,"href":"https:\/\/kasima3.bcapps.lt\/et\/wp-json\/wp\/v2\/product_brand?post=8510"},{"taxonomy":"product_cat","embeddable":true,"href":"https:\/\/kasima3.bcapps.lt\/et\/wp-json\/wp\/v2\/product_cat?post=8510"},{"taxonomy":"product_tag","embeddable":true,"href":"https:\/\/kasima3.bcapps.lt\/et\/wp-json\/wp\/v2\/product_tag?post=8510"}],"curies":[{"name":"wp","href":"https:\/\/api.w.org\/{rel}","templated":true}]}}