{"id":8605,"date":"2023-02-03T09:25:12","date_gmt":"2023-02-03T09:25:12","guid":{"rendered":"https:\/\/kasima.lt\/shop\/maaratlemata\/kaubaaluste-kahvlid-2500-kg\/"},"modified":"2025-10-29T08:31:37","modified_gmt":"2025-10-29T08:31:37","slug":"manipulaator-laskuri-sakes-2500-kg","status":"publish","type":"product","link":"https:\/\/kasima3.bcapps.lt\/et\/produktas\/manipulaator-laskuri-sakes-2500-kg\/","title":{"rendered":"Kaubaaluste kahvlid 2500 kg."},"content":{"rendered":"<p><strong>Manipulatsiooniv\u00f5llide SPETSIFIKATSIOONID:<\/strong><\/p>\n<p>T\u00f5stmise kaalupiirang: 2000 kg.<\/p>\n<p>Koormuskese: 600 mm.<\/p>\n<p>Kaal: 245 kg.<\/p>\n<p>Tsingitud terasest konstruktsioon<\/p>\n<p>Pakume teile t\u00e4ielikku komplekti reguleeritavaid kaubaaluste kahvleid autokraanade jaoks. Kahvlidel on reguleeritav raami k\u00f5rgus ja kahvli laius ning kahes asendis reguleeritav raskuskese. Komplekti kuuluvad: tsingitud vedrustusraam, kahvlikomplekt, klambrid, tihvtid, riputussilmus. Manipulaatoriga kaubaaluste kahvleid kasutatakse mitmesuguste koormate laadimiseks, kasutades EURO- v\u00f5i muid kaubaaluste standardeid. T\u00f6\u00f6tamine kahvlitega kiirendab ja h\u00f5lbustab koormate peale- ja mahalaadimist. KASIMA UAB pakub garantii- ja garantiij\u00e4rgset hooldust.<\/p>\n<p><strong>KAUPADE TARNIMINE:<\/strong><\/p>\n<p>Meil on toode kohapeal, nii et saate tulla ja neid isiklikult n\u00e4ha.<\/p>\n<p>Kiire tarne teie aadressile.<\/p>\n<p>Kaubaaluste kahvlid sobivad erinevat t\u00fc\u00fcpi kraanade (manipulaatorite) jaoks.<\/p>\n<p>&nbsp;<\/p>\n","protected":false},"excerpt":{"rendered":"<p>Hind ilma k\u00e4ibemaksuta<\/p>\n<p>Manipulaatori \/ kraana tootja<br \/>\nMudel: 2500 kg.<br \/>\nHelista: <a href=\"tel:+37067607071\">+37067607071<\/a><br \/>\nKontakt: <a href=\"mailto:info@kasima3.bcapps.lt\">sales@kasima3.bcapps.lt<\/a><\/p>\n","protected":false},"featured_media":8561,"template":"","meta":{"_et_pb_use_builder":"","_et_pb_old_content":"","_et_gb_content_width":""},"product_brand":[],"product_cat":[148,169,172,201,212,165,324],"product_tag":[],"class_list":{"0":"post-8605","1":"product","2":"type-product","3":"status-publish","4":"has-post-thumbnail","6":"product_cat-muud-masinad","7":"product_cat-5-7-tonni","8":"product_cat-7-10-tonni","9":"product_cat-10-13-tonni","10":"product_cat-13-16-tonni","11":"product_cat-uus","12":"product_cat-tostehargid","14":"first","15":"instock","16":"taxable","17":"shipping-taxable","18":"purchasable","19":"product-type-simple"},"_links":{"self":[{"href":"https:\/\/kasima3.bcapps.lt\/et\/wp-json\/wp\/v2\/product\/8605","targetHints":{"allow":["GET"]}}],"collection":[{"href":"https:\/\/kasima3.bcapps.lt\/et\/wp-json\/wp\/v2\/product"}],"about":[{"href":"https:\/\/kasima3.bcapps.lt\/et\/wp-json\/wp\/v2\/types\/product"}],"wp:featuredmedia":[{"embeddable":true,"href":"https:\/\/kasima3.bcapps.lt\/et\/wp-json\/wp\/v2\/media\/8561"}],"wp:attachment":[{"href":"https:\/\/kasima3.bcapps.lt\/et\/wp-json\/wp\/v2\/media?parent=8605"}],"wp:term":[{"taxonomy":"product_brand","embeddable":true,"href":"https:\/\/kasima3.bcapps.lt\/et\/wp-json\/wp\/v2\/product_brand?post=8605"},{"taxonomy":"product_cat","embeddable":true,"href":"https:\/\/kasima3.bcapps.lt\/et\/wp-json\/wp\/v2\/product_cat?post=8605"},{"taxonomy":"product_tag","embeddable":true,"href":"https:\/\/kasima3.bcapps.lt\/et\/wp-json\/wp\/v2\/product_tag?post=8605"}],"curies":[{"name":"wp","href":"https:\/\/api.w.org\/{rel}","templated":true}]}}