{"id":8872,"date":"2023-02-06T14:40:15","date_gmt":"2023-02-06T14:40:15","guid":{"rendered":"https:\/\/kasima.lt\/shop\/maaratlemata\/hudrauliline-hoovelkopp-s-50\/"},"modified":"2025-10-29T08:31:38","modified_gmt":"2025-10-29T08:31:38","slug":"hudrauliline-planeerimisliitmik-s-50","status":"publish","type":"product","link":"https:\/\/kasima3.bcapps.lt\/et\/produktas\/hudrauliline-planeerimisliitmik-s-50\/","title":{"rendered":"H\u00fcdrauliline h\u00f6\u00f6velkopp S-50"},"content":{"rendered":"<p>Skandinaavia stiilis planeerimis\u00e4mber<br \/>\nH\u00fcdraulilise lehe funktsioon<br \/>\nH\u00fcdrosilindrid &#8211; 2 tk.<br \/>\nMahutavus: 550l<br \/>\nLaius: 150cm<br \/>\nKaal: 320 kg<br \/>\n\u00dchendus: S50<\/p>\n","protected":false},"excerpt":{"rendered":"<p>Hind ilma k\u00e4ibemaksuta<\/p>\n<p>Tootja.<br \/>\nMudel: S-50<br \/>\nHelista: <a href=\"tel:+37067607071\">+37067607071<\/a><br \/>\nKontakt: <a href=\"mailto:sales@kasima3.bcapps.lt\">sales@kasima3.bcapps.lt<\/a><\/p>\n","protected":false},"featured_media":8845,"template":"","meta":{"_et_pb_use_builder":"","_et_pb_old_content":"","_et_gb_content_width":""},"product_brand":[],"product_cat":[169,172,201,165,303,167],"product_tag":[],"class_list":{"0":"post-8872","1":"product","2":"type-product","3":"status-publish","4":"has-post-thumbnail","6":"product_cat-5-7-tonni","7":"product_cat-7-10-tonni","8":"product_cat-10-13-tonni","9":"product_cat-uus","10":"product_cat-kopad","11":"product_cat-ekskavaator","13":"first","14":"instock","15":"taxable","16":"shipping-taxable","17":"purchasable","18":"product-type-simple"},"_links":{"self":[{"href":"https:\/\/kasima3.bcapps.lt\/et\/wp-json\/wp\/v2\/product\/8872","targetHints":{"allow":["GET"]}}],"collection":[{"href":"https:\/\/kasima3.bcapps.lt\/et\/wp-json\/wp\/v2\/product"}],"about":[{"href":"https:\/\/kasima3.bcapps.lt\/et\/wp-json\/wp\/v2\/types\/product"}],"wp:featuredmedia":[{"embeddable":true,"href":"https:\/\/kasima3.bcapps.lt\/et\/wp-json\/wp\/v2\/media\/8845"}],"wp:attachment":[{"href":"https:\/\/kasima3.bcapps.lt\/et\/wp-json\/wp\/v2\/media?parent=8872"}],"wp:term":[{"taxonomy":"product_brand","embeddable":true,"href":"https:\/\/kasima3.bcapps.lt\/et\/wp-json\/wp\/v2\/product_brand?post=8872"},{"taxonomy":"product_cat","embeddable":true,"href":"https:\/\/kasima3.bcapps.lt\/et\/wp-json\/wp\/v2\/product_cat?post=8872"},{"taxonomy":"product_tag","embeddable":true,"href":"https:\/\/kasima3.bcapps.lt\/et\/wp-json\/wp\/v2\/product_tag?post=8872"}],"curies":[{"name":"wp","href":"https:\/\/api.w.org\/{rel}","templated":true}]}}