{"id":9356,"date":"2023-02-07T15:01:14","date_gmt":"2023-02-07T15:01:14","guid":{"rendered":"https:\/\/kasima.lt\/shop\/maaratlemata\/kiiruhendus-45-345-165-mm-mehaaniline\/"},"modified":"2025-10-29T08:31:40","modified_gmt":"2025-10-29T08:31:40","slug":"greita-jungtis-45-345-165-mm-mechanine","status":"publish","type":"product","link":"https:\/\/kasima3.bcapps.lt\/et\/produktas\/greita-jungtis-45-345-165-mm-mechanine\/","title":{"rendered":"Kiir\u00fchendus 45-345-165 mm, mehaaniline"},"content":{"rendered":"<p>SPETSIFIKATSIOONID:<br \/>\nTolli l\u00e4bim\u00f5\u00f5t (D1=D2): 45 mm.<br \/>\nNooletappide (A1) keskpunktide vaheline kaugus: 345 mm.<br \/>\nKaubitsat\u00e4ppide vahekaugus (A2): 345 mm.<br \/>\nEkskavaatori poomi laius (W): 165 mm.<br \/>\nKoppade vahekaugus (W2): 165 mm.<br \/>\nReguleeritav \u00e4mbrilukustuse l\u00f6\u00f6k (A2).<\/p>\n<p>Ekskavaatori mehaanilist kiir\u00fchendust kasutatakse ekskavaatori koppade, puuride, h\u00fcdrovasara v\u00f5i muude lisaseadmete kiireks vahetamiseks. See on kiire, t\u00f5hus ja aja kokkuhoidev viis, millega unustate k\u00e4sitsi haamri, mida varem kasutasite tapide v\u00e4lja l\u00f6\u00f6miseks. V\u00f5tmega \u00fchenduskoht takistab \u00fchenduskoha kinnij\u00e4\u00e4mist ekskavaatori k\u00fcna v\u00f5i muu kinnitusseadme k\u00fclge, isegi kui see on loomulikul viisil kulunud.<\/p>\n<p>KAUPADE TARNIMINE:<br \/>\nMeil on toode kohapeal, nii et saate tulla ja neid isiklikult n\u00e4ha. Kiire tarne teie aadressile.<\/p>\n","protected":false},"excerpt":{"rendered":"<p>Hind ilma k\u00e4ibemaksuta<\/p>\n<p>Tootja.<br \/>\nMudel: M 45-345-165<br \/>\nHelista: <a href=\"tel:+37067607071\">+37067607071<\/a><br \/>\nKontakt: <a href=\"mailto:info@kasima3.bcapps.lt\">sales@kasima3.bcapps.lt<\/a><\/p>\n","protected":false},"featured_media":9307,"template":"","meta":{"_et_pb_use_builder":"","_et_pb_old_content":"","_et_gb_content_width":""},"product_brand":[],"product_cat":[169,172,165,284,167],"product_tag":[],"class_list":{"0":"post-9356","1":"product","2":"type-product","3":"status-publish","4":"has-post-thumbnail","6":"product_cat-5-7-tonni","7":"product_cat-7-10-tonni","8":"product_cat-uus","9":"product_cat-ekskavaatori-kiirkonks","10":"product_cat-ekskavaator","12":"first","13":"instock","14":"taxable","15":"shipping-taxable","16":"purchasable","17":"product-type-simple"},"_links":{"self":[{"href":"https:\/\/kasima3.bcapps.lt\/et\/wp-json\/wp\/v2\/product\/9356","targetHints":{"allow":["GET"]}}],"collection":[{"href":"https:\/\/kasima3.bcapps.lt\/et\/wp-json\/wp\/v2\/product"}],"about":[{"href":"https:\/\/kasima3.bcapps.lt\/et\/wp-json\/wp\/v2\/types\/product"}],"wp:featuredmedia":[{"embeddable":true,"href":"https:\/\/kasima3.bcapps.lt\/et\/wp-json\/wp\/v2\/media\/9307"}],"wp:attachment":[{"href":"https:\/\/kasima3.bcapps.lt\/et\/wp-json\/wp\/v2\/media?parent=9356"}],"wp:term":[{"taxonomy":"product_brand","embeddable":true,"href":"https:\/\/kasima3.bcapps.lt\/et\/wp-json\/wp\/v2\/product_brand?post=9356"},{"taxonomy":"product_cat","embeddable":true,"href":"https:\/\/kasima3.bcapps.lt\/et\/wp-json\/wp\/v2\/product_cat?post=9356"},{"taxonomy":"product_tag","embeddable":true,"href":"https:\/\/kasima3.bcapps.lt\/et\/wp-json\/wp\/v2\/product_tag?post=9356"}],"curies":[{"name":"wp","href":"https:\/\/api.w.org\/{rel}","templated":true}]}}