{"id":9466,"date":"2023-02-07T15:11:51","date_gmt":"2023-02-07T15:11:51","guid":{"rendered":"https:\/\/kasima.lt\/shop\/maaratlemata\/kiiruhendus-60-290-172-s50-mm-mehaaniline\/"},"modified":"2025-10-29T08:31:40","modified_gmt":"2025-10-29T08:31:40","slug":"greita-jungtis-60-290-172-s50-mm-mechanine","status":"publish","type":"product","link":"https:\/\/kasima3.bcapps.lt\/et\/produktas\/greita-jungtis-60-290-172-s50-mm-mechanine\/","title":{"rendered":"Kiir\u00fchendus 60-290-172 \/ S50 mm, mehaaniline"},"content":{"rendered":"<p>SPETSIFIKATSIOONID:<\/p>\n<p>Ekskavaatori \u00fchenduskoht Top:<br \/>\nTolli l\u00e4bim\u00f5\u00f5t: 60 mm.<br \/>\nNoolte keskpunktide vaheline kaugus: 290 mm.<br \/>\nEkskavaatori poomi laius: 172 mm.<\/p>\n<p>Ekskavaatori alumine \u00fchenduskoht:<br \/>\nS-50 mudel standard<\/p>\n","protected":false},"excerpt":{"rendered":"<p>Hind ilma k\u00e4ibemaksuta<\/p>\n<p>Tootja.<br \/>\nMudel: M 60-290-172 \/ S-50<br \/>\nHelista: <a href=\"tel:+37067607071\">+37067607071<\/a><br \/>\nKontakt: <a href=\"mailto:info@kasima3.bcapps.lt\">sales@kasima3.bcapps.lt<\/a><\/p>\n","protected":false},"featured_media":9417,"template":"","meta":{"_et_pb_use_builder":"","_et_pb_old_content":"","_et_gb_content_width":""},"product_brand":[],"product_cat":[201,212,165,284,167],"product_tag":[],"class_list":{"0":"post-9466","1":"product","2":"type-product","3":"status-publish","4":"has-post-thumbnail","6":"product_cat-10-13-tonni","7":"product_cat-13-16-tonni","8":"product_cat-uus","9":"product_cat-ekskavaatori-kiirkonks","10":"product_cat-ekskavaator","12":"first","13":"instock","14":"taxable","15":"shipping-taxable","16":"purchasable","17":"product-type-simple"},"_links":{"self":[{"href":"https:\/\/kasima3.bcapps.lt\/et\/wp-json\/wp\/v2\/product\/9466","targetHints":{"allow":["GET"]}}],"collection":[{"href":"https:\/\/kasima3.bcapps.lt\/et\/wp-json\/wp\/v2\/product"}],"about":[{"href":"https:\/\/kasima3.bcapps.lt\/et\/wp-json\/wp\/v2\/types\/product"}],"wp:featuredmedia":[{"embeddable":true,"href":"https:\/\/kasima3.bcapps.lt\/et\/wp-json\/wp\/v2\/media\/9417"}],"wp:attachment":[{"href":"https:\/\/kasima3.bcapps.lt\/et\/wp-json\/wp\/v2\/media?parent=9466"}],"wp:term":[{"taxonomy":"product_brand","embeddable":true,"href":"https:\/\/kasima3.bcapps.lt\/et\/wp-json\/wp\/v2\/product_brand?post=9466"},{"taxonomy":"product_cat","embeddable":true,"href":"https:\/\/kasima3.bcapps.lt\/et\/wp-json\/wp\/v2\/product_cat?post=9466"},{"taxonomy":"product_tag","embeddable":true,"href":"https:\/\/kasima3.bcapps.lt\/et\/wp-json\/wp\/v2\/product_tag?post=9466"}],"curies":[{"name":"wp","href":"https:\/\/api.w.org\/{rel}","templated":true}]}}