{"id":9586,"date":"2023-02-07T15:28:37","date_gmt":"2023-02-07T15:28:37","guid":{"rendered":"https:\/\/kasima.lt\/shop\/maaratlemata\/kiiruhendus-65-385-260-s60-mm-mehaaniline\/"},"modified":"2025-10-29T08:31:41","modified_gmt":"2025-10-29T08:31:41","slug":"greita-jungtis-65-385-260-s60-mm-mechanine","status":"publish","type":"product","link":"https:\/\/kasima3.bcapps.lt\/et\/produktas\/greita-jungtis-65-385-260-s60-mm-mechanine\/","title":{"rendered":"Kiir\u00fchendus 65-385-260 \/ S60 mm, mehaaniline"},"content":{"rendered":"<p>SPETSIFIKATSIOONID:<\/p>\n<p>Ekskavaatori \u00fchenduskoht Top:<br \/>\nTolli l\u00e4bim\u00f5\u00f5t: 65 mm.<br \/>\nNoolte keskpunktide vaheline kaugus: 385 mm.<br \/>\nEkskavaatori poomi laius: 260 mm.<\/p>\n<p>Ekskavaatori alumine \u00fchenduskoht:<br \/>\nS-60 mudel standard<\/p>\n","protected":false},"excerpt":{"rendered":"<p>Hind ilma k\u00e4ibemaksuta<\/p>\n<p>Tootja.<br \/>\nMudel: M 65-385-260 \/ S-60<br \/>\nHelista: <a href=\"tel:+37067607071\">+37067607071<\/a><br \/>\nKontakt: <a href=\"mailto:info@kasima3.bcapps.lt\">sales@kasima3.bcapps.lt<\/a><\/p>\n","protected":false},"featured_media":9547,"template":"","meta":{"_et_pb_use_builder":"","_et_pb_old_content":"","_et_gb_content_width":""},"product_brand":[],"product_cat":[212,233,165,284,167],"product_tag":[],"class_list":{"0":"post-9586","1":"product","2":"type-product","3":"status-publish","4":"has-post-thumbnail","6":"product_cat-13-16-tonni","7":"product_cat-16-20-tonni","8":"product_cat-uus","9":"product_cat-ekskavaatori-kiirkonks","10":"product_cat-ekskavaator","12":"first","13":"instock","14":"taxable","15":"shipping-taxable","16":"purchasable","17":"product-type-simple"},"_links":{"self":[{"href":"https:\/\/kasima3.bcapps.lt\/et\/wp-json\/wp\/v2\/product\/9586","targetHints":{"allow":["GET"]}}],"collection":[{"href":"https:\/\/kasima3.bcapps.lt\/et\/wp-json\/wp\/v2\/product"}],"about":[{"href":"https:\/\/kasima3.bcapps.lt\/et\/wp-json\/wp\/v2\/types\/product"}],"wp:featuredmedia":[{"embeddable":true,"href":"https:\/\/kasima3.bcapps.lt\/et\/wp-json\/wp\/v2\/media\/9547"}],"wp:attachment":[{"href":"https:\/\/kasima3.bcapps.lt\/et\/wp-json\/wp\/v2\/media?parent=9586"}],"wp:term":[{"taxonomy":"product_brand","embeddable":true,"href":"https:\/\/kasima3.bcapps.lt\/et\/wp-json\/wp\/v2\/product_brand?post=9586"},{"taxonomy":"product_cat","embeddable":true,"href":"https:\/\/kasima3.bcapps.lt\/et\/wp-json\/wp\/v2\/product_cat?post=9586"},{"taxonomy":"product_tag","embeddable":true,"href":"https:\/\/kasima3.bcapps.lt\/et\/wp-json\/wp\/v2\/product_tag?post=9586"}],"curies":[{"name":"wp","href":"https:\/\/api.w.org\/{rel}","templated":true}]}}