{"id":9890,"date":"2023-02-09T12:59:50","date_gmt":"2023-02-09T12:59:50","guid":{"rendered":"https:\/\/kasima.lt\/shop\/maaratlemata\/kiiruhendus-60-290-175-s50-mm-hudrauliline\/"},"modified":"2025-10-29T08:31:41","modified_gmt":"2025-10-29T08:31:41","slug":"greita-jungtis-60-290-175-s50-mm-hidrauline","status":"publish","type":"product","link":"https:\/\/kasima3.bcapps.lt\/et\/produktas\/greita-jungtis-60-290-175-s50-mm-hidrauline\/","title":{"rendered":"Kiir\u00fchendus 60-290-175 \/ S50 mm, h\u00fcdrauliline"},"content":{"rendered":"<p>SPETSIFIKATSIOONID:<\/p>\n<p>\u00dcleval:<br \/>\nTolli l\u00e4bim\u00f5\u00f5t: 60 mm.<br \/>\nNoolte keskpunktide vaheline kaugus: 290 mm.<br \/>\nEkskavaatori poomi laius: 172 mm.<br \/>\nKoppide vahemaa: 172 mm.<\/p>\n<p>Allpool:<br \/>\nS-50 pistiku standard.<\/p>\n<p>H\u00fcdrauliline \u00fchenduskomplekt, mis koosneb h\u00fcdraulilistest voolikutest, jaoturist, muhvist ja muudest osadest.<\/p>\n<p>Ekskavaatori h\u00fcdrauliline lisaliitmik on m\u00f5eldud ekskavaatorite koppade, puuride, h\u00fcdrovasarate v\u00f5i muude lisaseadmete kiireks vahetamiseks.<\/p>\n<p>KAUPADE TARNIMINE:<br \/>\nMeil on toode kohapeal, nii et saate tulla ja neid isiklikult n\u00e4ha.<br \/>\nKiire tarne teie aadressile.<\/p>\n","protected":false},"excerpt":{"rendered":"<p>Hind ilma k\u00e4ibemaksuta<\/p>\n<p>Tootja.<br \/>\nMudel: H 60-290-172 \/ S-50<br \/>\nHelista: <a href=\"tel:+37067607071\">+37067607071<\/a><br \/>\nKontakt: <a href=\"mailto:info@kasima3.bcapps.lt\">sales@kasima3.bcapps.lt<\/a><\/p>\n","protected":false},"featured_media":9816,"template":"","meta":{"_et_pb_use_builder":"","_et_pb_old_content":"","_et_gb_content_width":""},"product_brand":[],"product_cat":[169,172,165,284,167],"product_tag":[],"class_list":{"0":"post-9890","1":"product","2":"type-product","3":"status-publish","4":"has-post-thumbnail","6":"product_cat-5-7-tonni","7":"product_cat-7-10-tonni","8":"product_cat-uus","9":"product_cat-ekskavaatori-kiirkonks","10":"product_cat-ekskavaator","12":"first","13":"instock","14":"taxable","15":"shipping-taxable","16":"purchasable","17":"product-type-simple"},"_links":{"self":[{"href":"https:\/\/kasima3.bcapps.lt\/et\/wp-json\/wp\/v2\/product\/9890","targetHints":{"allow":["GET"]}}],"collection":[{"href":"https:\/\/kasima3.bcapps.lt\/et\/wp-json\/wp\/v2\/product"}],"about":[{"href":"https:\/\/kasima3.bcapps.lt\/et\/wp-json\/wp\/v2\/types\/product"}],"wp:featuredmedia":[{"embeddable":true,"href":"https:\/\/kasima3.bcapps.lt\/et\/wp-json\/wp\/v2\/media\/9816"}],"wp:attachment":[{"href":"https:\/\/kasima3.bcapps.lt\/et\/wp-json\/wp\/v2\/media?parent=9890"}],"wp:term":[{"taxonomy":"product_brand","embeddable":true,"href":"https:\/\/kasima3.bcapps.lt\/et\/wp-json\/wp\/v2\/product_brand?post=9890"},{"taxonomy":"product_cat","embeddable":true,"href":"https:\/\/kasima3.bcapps.lt\/et\/wp-json\/wp\/v2\/product_cat?post=9890"},{"taxonomy":"product_tag","embeddable":true,"href":"https:\/\/kasima3.bcapps.lt\/et\/wp-json\/wp\/v2\/product_tag?post=9890"}],"curies":[{"name":"wp","href":"https:\/\/api.w.org\/{rel}","templated":true}]}}