{"id":7176,"date":"2022-11-28T16:56:49","date_gmt":"2022-11-28T16:56:49","guid":{"rendered":"https:\/\/kasima.lt\/precu-atgriesana\/"},"modified":"2024-06-11T15:10:22","modified_gmt":"2024-06-11T15:10:22","slug":"precu-atgriesana","status":"publish","type":"page","link":"https:\/\/kasima3.bcapps.lt\/lv\/precu-atgriesana\/","title":{"rendered":"Pre\u010du atgrie\u0161ana"},"content":{"rendered":"<h1>PRE\u010cU ATGRIE\u0160ANA<\/h1>\n<p>\t\t\t\t\t\t\t\t\t\t\t\t\t<img loading=\"lazy\" decoding=\"async\" width=\"768\" height=\"164\" src=\"https:\/\/kasima3.bcapps.lt\/wp-content\/uploads\/2023\/01\/perskirimas-2.png\" alt=\"\" srcset=\"https:\/\/kasima3.bcapps.lt\/wp-content\/uploads\/2023\/01\/perskirimas-2.png 1024w, https:\/\/kasima3.bcapps.lt\/wp-content\/uploads\/2023\/01\/perskirimas-2-100x21.png 100w, https:\/\/kasima3.bcapps.lt\/wp-content\/uploads\/2023\/01\/perskirimas-2-600x128.png 600w\" sizes=\"(max-width: 768px) 100vw, 768px\" \/><br \/>\n&nbsp;<\/p>\n<p>ATGRIE\u0160ANAS POLITIKA<\/p>\n<\/p>\n<p>Paldies, ka iep\u0113rkaties UAB KASIMA. M\u0113s ceram, ka esat apmierin\u0101ts ar saviem pirkumiem. Zem\u0101k atrad\u012bsiet KASIMA pre\u010du atgrie\u0161anas noteikumus.<\/p>\n<p>Visp\u0101r\u012bgi nosac\u012bjumi<\/p>\n<ol>\n<li>\n<p>Pirc\u0113jam ir ties\u012bbas atgriezt jaunas un neizmantotas preces 14 kalend\u0101ro dienu laik\u0101 p\u0113c to ieg\u0101des. Ieg\u0101des datums ir PVN r\u0113\u0137ina izrakst\u012b\u0161anas datums.<\/p>\n<\/li>\n<li>\n<p>Lai atgrieztu preci, l\u016bdzu, sazinieties ar e-komercijas mened\u017eeri, rakstot e-pastu. pa e-pastu uz \u0161\u0101du adresi&nbsp;&nbsp;e-commerce@kasima3.bcapps.lt vai ar Tirdzniec\u012bbas noda\u013cas vad\u012bt\u0101ju &#8211;&nbsp;<a href=\"mailto:sales@kasima3.bcapps.lt\" target=\"_self\" rel=\"noopener\">sales@kasima3.bcapps.lt, kas<\/a> jums izsniegs atpaka\u013cs\u016bt\u012bjuma pazi\u0146ojumu.<\/p>\n<\/li>\n<li>\n<p>Atgrie\u017eot preci, jums ir j\u0101iesniedz pirkuma apliecin\u0101jums.<\/p>\n<\/li>\n<li>\n<p>P\u0113c akta noform\u0113\u0161anas un atgrie\u0161anas apstiprin\u0101juma sa\u0146em\u0161anas prece j\u0101nog\u0101d\u0101 UAB KASIMA, Daukanto g. 66, Tel\u0161iai, LT-87101, Lietuva.<\/p>\n<\/li>\n<li>\n<p>Atteikuma klauzula attiecas tikai uz jauniem pirkumiem, t.i., uz. y. lietotas preces nevar atdot atpaka\u013c.<\/p>\n<\/li>\n<li>\n<p>P\u0101rdev\u0113jam ir ties\u012bbas atteikties pie\u0146emt atgriezt\u0101s preces, nenor\u0101dot iemeslus.<\/p>\n<\/li>\n<li>\n<p>\u0160\u012b politika attiecas tikai uz pirc\u0113jiem, kas nav pat\u0113r\u0113t\u0101ji. Pat\u0113r\u0113t\u0101jiem, ieg\u0101d\u0101joties preces, tiek sniegtas likum\u0101 noteikt\u0101s garantijas.<\/p>\n<\/li>\n<\/ol>\n<p>Pirc\u0113ja ties\u012bbas un pien\u0101kumi<\/p>\n<ol>\n<li>\n<p>Pirc\u0113jam ir ties\u012bbas atgriezt preces jaunas, nelietotas, ar ori\u0123in\u0101lajiem piederumiem un deta\u013c\u0101m, neiepakotas, nesaboj\u0101tas, ar neskartu izskatu un \u012bpa\u0161\u012bb\u0101m.<\/p>\n<\/li>\n<li>\n<p>Atgrie\u017eot preci, Pirc\u0113js ap\u0146emas samaks\u0101t atpaka\u013cnos\u016bt\u012b\u0161anas p\u0101rbaudes maksu Kasima UAB, kuras apm\u0113rs ir atkar\u012bgs no atgriezt\u0101s preces un ir nor\u0101d\u012bts atgrie\u0161anas apliec\u012bb\u0101.<\/p>\n<\/li>\n<li>\n<p>Ja atgrie\u017eamo pre\u010du iepakojums ir boj\u0101ts vai preces tiek atgrieztas bez iepakojuma, pirc\u0113jam ir j\u0101maks\u0101 iepakojuma maksa, kuras apm\u0113rs ir atkar\u012bgs no atgrie\u017eam\u0101s preces un tiek nor\u0101d\u012bts, uzr\u0101dot atgrie\u0161anas pazi\u0146ojumu.<\/p>\n<\/li>\n<li>\n<p>Pirc\u0113js ar\u012b atl\u012bdzina P\u0101rdev\u0113jam visus izdevumus, kas P\u0101rdev\u0113jam radu\u0161ies saist\u012bb\u0101 ar pre\u010du nos\u016bt\u012b\u0161anu, un to summa tiek nor\u0101d\u012bta, uzr\u0101dot Pre\u010du atpaka\u013cnos\u016bt\u012b\u0161anas pazi\u0146ojumu..<\/p>\n<\/li>\n<li>\n<p>L\u016bdzu, \u0146emiet v\u0113r\u0101, ka pirc\u0113js ir atbild\u012bgs par atgrie\u017eamo pre\u010du piln\u012bgumu. Ja ieg\u0101d\u0101t\u0101s preces nav piln\u012bb\u0101 nokomplekt\u0113tas, p\u0101rdev\u0113jam ir ties\u012bbas nepie\u0146emt atgriezt\u0101s preces.<\/p>\n<\/li>\n<\/ol>\n<p>Cik ilg\u0101 laik\u0101 tiek apstr\u0101d\u0101ts pieteikums<\/p>\n<ol>\n<li>\n<p>P\u0113c tam, kad prece ir atgriezta un ir izpild\u012bti \u0161aj\u0101 politik\u0101 izkl\u0101st\u012btie nosac\u012bjumi, p\u0101rdev\u0113js v\u0113l\u0101kais 20 dienu laik\u0101. d. atmaks\u0101t pirc\u0113ja samaks\u0101to naudu uz nor\u0101d\u012bto bankas kontu vai apmain\u012bt preci pret citu preci, vai izmantot jebkuru citu abpus\u0113ji pie\u0146emamu risin\u0101jumu.<\/p>\n<\/li>\n<\/ol>\n","protected":false},"excerpt":{"rendered":"<p>PRE\u010cU ATGRIE\u0160ANA &nbsp; ATGRIE\u0160ANAS POLITIKA Paldies, ka iep\u0113rkaties UAB KASIMA. M\u0113s ceram, ka esat apmierin\u0101ts ar saviem pirkumiem. Zem\u0101k atrad\u012bsiet KASIMA pre\u010du atgrie\u0161anas noteikumus. Visp\u0101r\u012bgi nosac\u012bjumi Pirc\u0113jam ir ties\u012bbas atgriezt jaunas un neizmantotas preces 14 kalend\u0101ro dienu laik\u0101 p\u0113c to ieg\u0101des. Ieg\u0101des datums ir PVN r\u0113\u0137ina izrakst\u012b\u0161anas datums. Lai atgrieztu preci, l\u016bdzu, sazinieties ar e-komercijas [&hellip;]<\/p>\n","protected":false},"author":1,"featured_media":0,"parent":0,"menu_order":0,"comment_status":"closed","ping_status":"closed","template":"","meta":{"_et_pb_use_builder":"on","_et_pb_old_content":"","_et_gb_content_width":"","footnotes":""},"class_list":["post-7176","page","type-page","status-publish","hentry"],"_links":{"self":[{"href":"https:\/\/kasima3.bcapps.lt\/lv\/wp-json\/wp\/v2\/pages\/7176","targetHints":{"allow":["GET"]}}],"collection":[{"href":"https:\/\/kasima3.bcapps.lt\/lv\/wp-json\/wp\/v2\/pages"}],"about":[{"href":"https:\/\/kasima3.bcapps.lt\/lv\/wp-json\/wp\/v2\/types\/page"}],"author":[{"embeddable":true,"href":"https:\/\/kasima3.bcapps.lt\/lv\/wp-json\/wp\/v2\/users\/1"}],"replies":[{"embeddable":true,"href":"https:\/\/kasima3.bcapps.lt\/lv\/wp-json\/wp\/v2\/comments?post=7176"}],"version-history":[{"count":4,"href":"https:\/\/kasima3.bcapps.lt\/lv\/wp-json\/wp\/v2\/pages\/7176\/revisions"}],"predecessor-version":[{"id":20977,"href":"https:\/\/kasima3.bcapps.lt\/lv\/wp-json\/wp\/v2\/pages\/7176\/revisions\/20977"}],"wp:attachment":[{"href":"https:\/\/kasima3.bcapps.lt\/lv\/wp-json\/wp\/v2\/media?parent=7176"}],"curies":[{"name":"wp","href":"https:\/\/api.w.org\/{rel}","templated":true}]}}