{"id":7183,"date":"2022-11-09T12:54:47","date_gmt":"2022-11-09T12:54:47","guid":{"rendered":"https:\/\/kasima.lt\/konfidencialitates-politika\/"},"modified":"2024-06-11T15:12:54","modified_gmt":"2024-06-11T15:12:54","slug":"konfidencialitates-politika","status":"publish","type":"page","link":"https:\/\/kasima3.bcapps.lt\/lv\/konfidencialitates-politika\/","title":{"rendered":"Konfidencialit\u0101tes politika"},"content":{"rendered":"<style>\/*! elementor - v3.21.0 - 26-05-2024 *\/\n.elementor-heading-title{padding:0;margin:0;line-height:1}.elementor-widget-heading .elementor-heading-title[class*=elementor-size-]>a{color:inherit;font-size:inherit;line-height:inherit}.elementor-widget-heading .elementor-heading-title.elementor-size-small{font-size:15px}.elementor-widget-heading .elementor-heading-title.elementor-size-medium{font-size:19px}.elementor-widget-heading .elementor-heading-title.elementor-size-large{font-size:29px}.elementor-widget-heading .elementor-heading-title.elementor-size-xl{font-size:39px}.elementor-widget-heading .elementor-heading-title.elementor-size-xxl{font-size:59px}<\/style>\n<h1>PRIV\u0100TUMA POLITIKA<\/h1>\n<style>\/*! elementor - v3.21.0 - 26-05-2024 *\/\n.elementor-widget-image{text-align:center}.elementor-widget-image a{display:inline-block}.elementor-widget-image a img[src$=\".svg\"]{width:48px}.elementor-widget-image img{vertical-align:middle;display:inline-block}<\/style>\n<p>\t\t\t\t\t\t\t\t\t\t<img loading=\"lazy\" decoding=\"async\" width=\"768\" height=\"164\" src=\"https:\/\/kasima3.bcapps.lt\/wp-content\/uploads\/2023\/01\/perskirimas-2.png\" alt=\"\" srcset=\"https:\/\/kasima3.bcapps.lt\/wp-content\/uploads\/2023\/01\/perskirimas-2.png 1024w, https:\/\/kasima3.bcapps.lt\/wp-content\/uploads\/2023\/01\/perskirimas-2-100x21.png 100w, https:\/\/kasima3.bcapps.lt\/wp-content\/uploads\/2023\/01\/perskirimas-2-600x128.png 600w\" sizes=\"(max-width: 768px) 100vw, 768px\" \/>\t\t\t\t\t\t\t\t\t\t\t\t\t<\/p>\n<p>VISP\u0100R\u012aGA INFORM\u0100CIJA<\/p>\n<\/p>\n<p>&nbsp;&nbsp;&nbsp;&nbsp;Apmekl\u0113jot t\u012bmek\u013ca vietni<a href=\"https:\/\/www.kasima3.bcapps.lt\/\" target=\"_blank\" rel=\"noopener\" data-auto-recognition=\"true\">https:\/\/www.kasima3.bcapps.lt\/<\/a>, J\u016bsu personas datus apstr\u0101d\u0101 UAB &#8220;KASIMA&#8221;, uz\u0146\u0113muma kods 302752257 (turpm\u0101k tekst\u0101 &#8211; &#8220;Uz\u0146\u0113mums&#8221;).<\/p>\n<p>Adrese: Daukanto g. 66, Tel\u0161iai<\/p>\n<p>El. Pasts:&nbsp;<a href=\"mailto:info@kasima3.bcapps.lt\" data-auto-recognition=\"true\">info@kasima3.bcapps.lt<\/a><\/p>\n<p>M\u0113s respekt\u0113jam fizisko personu ties\u012bbas uz vi\u0146u personas datu aizsardz\u012bbu un cen\u0161amies nodro\u0161in\u0101t \u0161aj\u0101 vietn\u0113 apstr\u0101d\u0101to personas datu aizsardz\u012bbu.<\/p>\n<p>Uz\u0146\u0113mums jebkur\u0101 laik\u0101 var p\u0101rskat\u012bt un groz\u012bt \u0161o konfidencialit\u0101tes politiku, t\u0101p\u0113c iesak\u0101m periodiski p\u0101rbaud\u012bt, vai esat iepazinies ar \u0161\u012bs konfidencialit\u0101tes politikas aktu\u0101lo versiju. \u0160\u012bs t\u012bmek\u013ca vietnes lapas aug\u0161pus\u0113 ir nor\u0101d\u012bts datums, kad public\u0113ta pa\u0161reiz\u0113j\u0101 konfidencialit\u0101tes politikas versija.<\/p>\n<p>T\u012bmek\u013ca vietnes apmekl\u0113t\u0101ju un citu datu subjektu personas dati tiek apstr\u0101d\u0101ti saska\u0146\u0101 ar sp\u0113k\u0101 eso\u0161ajiem ties\u012bbu aktiem un izmantojot atbilsto\u0161us tehniskos un organizatoriskos pas\u0101kumus personas datu aizsardz\u012bbai.<\/p>\n<p>Sabiedr\u012bba izmanto j\u016bsu sniegtos vai Sabiedr\u012bbas sav\u0101ktos personas datus tikai m\u0113r\u0137iem, kas izkl\u0101st\u012bti Priv\u0101tuma politik\u0101 vai atsevi\u0161\u0137\u0101 pazi\u0146ojum\u0101 jums, un nenodod personas datus p\u0101rvald\u012b\u0161anai cit\u0101m person\u0101m, iz\u0146emot \u0161aj\u0101 Priv\u0101tuma politik\u0101 noteiktos gad\u012bjumus. Likum\u0101 paredz\u0113tajos gad\u012bjumos j\u016bsu dati var tikt nos\u016bt\u012bti ar\u012b kompetentaj\u0101m iest\u0101d\u0113m. Citi gad\u012bjumi, kad j\u016bsu personas dati tiek nodoti tre\u0161aj\u0101m person\u0101m (Sabiedr\u012bbas partneriem, datu apstr\u0101d\u0101t\u0101jiem utt.), ir izkl\u0101st\u012bti atsevi\u0161\u0137\u0101s Priv\u0101tuma politikas sada\u013c\u0101s.<\/p>\n","protected":false},"excerpt":{"rendered":"<p>PRIV\u0100TUMA POLITIKA VISP\u0100R\u012aGA INFORM\u0100CIJA &nbsp;&nbsp;&nbsp;&nbsp;Apmekl\u0113jot t\u012bmek\u013ca vietnihttps:\/\/www.kasima3.bcapps.lt\/, J\u016bsu personas datus apstr\u0101d\u0101 UAB &#8220;KASIMA&#8221;, uz\u0146\u0113muma kods 302752257 (turpm\u0101k tekst\u0101 &#8211; &#8220;Uz\u0146\u0113mums&#8221;). Adrese: Daukanto g. 66, Tel\u0161iai El. Pasts:&nbsp;info@kasima3.bcapps.lt M\u0113s respekt\u0113jam fizisko personu ties\u012bbas uz vi\u0146u personas datu aizsardz\u012bbu un cen\u0161amies nodro\u0161in\u0101t \u0161aj\u0101 vietn\u0113 apstr\u0101d\u0101to personas datu aizsardz\u012bbu. Uz\u0146\u0113mums jebkur\u0101 laik\u0101 var p\u0101rskat\u012bt un groz\u012bt \u0161o konfidencialit\u0101tes [&hellip;]<\/p>\n","protected":false},"author":1,"featured_media":0,"parent":0,"menu_order":0,"comment_status":"closed","ping_status":"closed","template":"","meta":{"_et_pb_use_builder":"on","_et_pb_old_content":"","_et_gb_content_width":"","footnotes":""},"class_list":["post-7183","page","type-page","status-publish","hentry"],"_links":{"self":[{"href":"https:\/\/kasima3.bcapps.lt\/lv\/wp-json\/wp\/v2\/pages\/7183","targetHints":{"allow":["GET"]}}],"collection":[{"href":"https:\/\/kasima3.bcapps.lt\/lv\/wp-json\/wp\/v2\/pages"}],"about":[{"href":"https:\/\/kasima3.bcapps.lt\/lv\/wp-json\/wp\/v2\/types\/page"}],"author":[{"embeddable":true,"href":"https:\/\/kasima3.bcapps.lt\/lv\/wp-json\/wp\/v2\/users\/1"}],"replies":[{"embeddable":true,"href":"https:\/\/kasima3.bcapps.lt\/lv\/wp-json\/wp\/v2\/comments?post=7183"}],"version-history":[{"count":2,"href":"https:\/\/kasima3.bcapps.lt\/lv\/wp-json\/wp\/v2\/pages\/7183\/revisions"}],"predecessor-version":[{"id":20982,"href":"https:\/\/kasima3.bcapps.lt\/lv\/wp-json\/wp\/v2\/pages\/7183\/revisions\/20982"}],"wp:attachment":[{"href":"https:\/\/kasima3.bcapps.lt\/lv\/wp-json\/wp\/v2\/media?parent=7183"}],"curies":[{"name":"wp","href":"https:\/\/api.w.org\/{rel}","templated":true}]}}