{"id":10005,"date":"2023-02-10T13:12:37","date_gmt":"2023-02-10T13:12:37","guid":{"rendered":"https:\/\/kasima.lt\/shop\/uncategorized\/zemes-urbji\/"},"modified":"2025-10-29T08:31:41","modified_gmt":"2025-10-29T08:31:41","slug":"par-zemes-uzpirksanu","status":"publish","type":"product","link":"https:\/\/kasima3.bcapps.lt\/lv\/produktas\/par-zemes-uzpirksanu\/","title":{"rendered":"Zemes urbji KSM Attachments"},"content":{"rendered":"<p>KSM piederumi hidrauliskie zemes urbji izmanto\u0161anai ar celtniec\u012bbas un lauksaimniec\u012bbas tehniku.<br \/>\nUrb\u0161anas reduktori, zemes urbji, pagarin\u0101t\u0101ji, adapteri, stiprin\u0101jumi, stiprin\u0101jumi, da\u013cas un viss p\u0101r\u0113jais apr\u012bkojums zemes urb\u0161anai.<br \/>\nDa\u017e\u0101du veidu un diametru zemes urbji vienuviet.<br \/>\nGarantija, p\u0113cp\u0101rdo\u0161anas serviss.<br \/>\nKonsult\u0113jieties ar<\/p>\n<p>Liel\u0101k\u0101 izv\u0113le Baltijas valst\u012bs!<\/p>\n<p>M\u0113s pieg\u0101d\u0101jam preces uz klienta nor\u0101d\u012bto adresi.<\/p>\n","protected":false},"excerpt":{"rendered":"<p>Cena bez PVN<\/p>\n<p>Ra\u017eot\u0101js: KSM pielikumi<br \/>\nModelis: zemes urbis<br \/>\nZvans: <a href=\"tel:+37067607071\">+37067607071<\/a><br \/>\nKontaktpersona: <a href=\"mailto:info@kasima3.bcapps.lt\">sales@kasima3.bcapps.lt<\/a><\/p>\n","protected":false},"featured_media":9990,"template":"","meta":{"_et_pb_use_builder":"","_et_pb_old_content":"","_et_gb_content_width":""},"product_brand":[],"product_cat":[153,154,166,168,171,174,229,247,248,155,185,366],"product_tag":[],"class_list":{"0":"post-10005","1":"product","2":"type-product","3":"status-publish","4":"has-post-thumbnail","6":"product_cat-15-3-tonnas","7":"product_cat-3-5-tonnas","8":"product_cat-5-7-tonnas","9":"product_cat-7-10-tonnas","10":"product_cat-10-13-tonnas","11":"product_cat-13-16-tonnas","12":"product_cat-16-20-tonnas","13":"product_cat-20-25-tonnas","14":"product_cat-25-tonnas-un-vairak","15":"product_cat-jauns","16":"product_cat-ekskavators","17":"product_cat-zemes-urbji","19":"first","20":"instock","21":"taxable","22":"shipping-taxable","23":"purchasable","24":"product-type-simple"},"_links":{"self":[{"href":"https:\/\/kasima3.bcapps.lt\/lv\/wp-json\/wp\/v2\/product\/10005","targetHints":{"allow":["GET"]}}],"collection":[{"href":"https:\/\/kasima3.bcapps.lt\/lv\/wp-json\/wp\/v2\/product"}],"about":[{"href":"https:\/\/kasima3.bcapps.lt\/lv\/wp-json\/wp\/v2\/types\/product"}],"wp:featuredmedia":[{"embeddable":true,"href":"https:\/\/kasima3.bcapps.lt\/lv\/wp-json\/wp\/v2\/media\/9990"}],"wp:attachment":[{"href":"https:\/\/kasima3.bcapps.lt\/lv\/wp-json\/wp\/v2\/media?parent=10005"}],"wp:term":[{"taxonomy":"product_brand","embeddable":true,"href":"https:\/\/kasima3.bcapps.lt\/lv\/wp-json\/wp\/v2\/product_brand?post=10005"},{"taxonomy":"product_cat","embeddable":true,"href":"https:\/\/kasima3.bcapps.lt\/lv\/wp-json\/wp\/v2\/product_cat?post=10005"},{"taxonomy":"product_tag","embeddable":true,"href":"https:\/\/kasima3.bcapps.lt\/lv\/wp-json\/wp\/v2\/product_tag?post=10005"}],"curies":[{"name":"wp","href":"https:\/\/api.w.org\/{rel}","templated":true}]}}