{"id":10440,"date":"2023-02-21T13:36:30","date_gmt":"2023-02-21T13:36:30","guid":{"rendered":"https:\/\/kasima.lt\/shop\/uncategorized\/cfa-urbsanas-sistemas\/"},"modified":"2025-10-29T08:31:42","modified_gmt":"2025-10-29T08:31:42","slug":"cfa-rezimo-systems","status":"publish","type":"product","link":"https:\/\/kasima3.bcapps.lt\/lv\/produktas\/cfa-rezimo-systems\/","title":{"rendered":"CFA urb\u0161anas sist\u0113mas"},"content":{"rendered":"<p>M\u0113s pied\u0101v\u0101jam CFA tipa zemes urb\u0161anas sist\u0113mas un ar t\u0101m saist\u012bto apr\u012bkojumu: CFA tipa savienot\u0101jus (adapterus), urb\u0161anas reduktorus, zemes urbjus, urb\u0161anas pakaramos utt.<\/p>\n<p>CFA urbji ir pieejami ar garumu no 2 metriem l\u012bdz pat vajadz\u012bgajam garumam. Visbie\u017e\u0101k izmanto 300, 400, 500, 600 mm diametra urbjus. Urbji tiek izv\u0113l\u0113ti atbilsto\u0161i klienta tehnikai un tam, k\u0101dam ir priek\u0161roka urb\u0161anas dzi\u013cumam 2 vai 3 metru sekcij\u0101s.<\/p>\n<p>CFA urbji tiek piel\u0101goti atbilsto\u0161i klienta pras\u012bb\u0101m. M\u0113s mont\u0113jam un savienojam ar klienta apr\u012bkojumu.<\/p>\n<p>CFA apz\u012bm\u0113 nep\u0101rtraukt\u0101 lidojuma urbjus. \u0160\u012b p\u0101\u013cu mont\u0101\u017eas tehnolo\u0123ija ir \u013coti izplat\u012bta m\u016bsdienu \u0113k\u0101s, jo tai ir pla\u0161s pielietojums. Lai uzst\u0101d\u012btu \u0161os p\u0101\u013cus, ar speci\u0101liem instrumentiem tiek urbti vajadz\u012bg\u0101 diametra dobumi, kurus, velkot urbi atpaka\u013c, aizpilda ar betonu. CFA p\u0101\u013cus var izmantot visda\u017e\u0101d\u0101kaj\u0101s situ\u0101cij\u0101s, bet visbie\u017e\u0101k tos izmanto, ja augsne ir \u013coti irdena vai ja nav iesp\u0113jams izmantot vienk\u0101r\u0161us urbtos vai iedz\u012btos p\u0101\u013cus.<\/p>\n<p>Cenas at\u0161\u0137iras atkar\u012bb\u0101 no klienta v\u0113lm\u0113m un tehniskaj\u0101m iesp\u0113j\u0101m, ta\u010du sist\u0113ma ir daudzk\u0101rt l\u0113t\u0101ka nek\u0101 pa\u0161g\u0101j\u0113ja s\u0113jma\u0161\u012bna.<\/p>\n","protected":false},"excerpt":{"rendered":"<p>Cena bez PVN<\/p>\n<p>Ra\u017eot\u0101js: CFA urbji<br \/>\nModelis: nep\u0101rtrauktas lidojuma Augers<br \/>\nZvans: <a href=\"tel:+37067607071\">+37067607071<\/a><br \/>\nKontaktpersona: <a href=\"mailto:info@kasima3.bcapps.lt\">sales@kasima3.bcapps.lt<\/a><\/p>\n<p>&nbsp;<\/p>\n","protected":false},"featured_media":10460,"template":"","meta":{"_et_pb_use_builder":"","_et_pb_old_content":"","_et_gb_content_width":""},"product_brand":[],"product_cat":[168,171,174,229,247,248,155,279,366],"product_tag":[],"class_list":{"0":"post-10440","1":"product","2":"type-product","3":"status-publish","4":"has-post-thumbnail","6":"product_cat-7-10-tonnas","7":"product_cat-10-13-tonnas","8":"product_cat-13-16-tonnas","9":"product_cat-16-20-tonnas","10":"product_cat-20-25-tonnas","11":"product_cat-25-tonnas-un-vairak","12":"product_cat-jauns","13":"product_cat-cfa-urbji","14":"product_cat-zemes-urbji","16":"first","17":"instock","18":"taxable","19":"shipping-taxable","20":"product-type-simple"},"_links":{"self":[{"href":"https:\/\/kasima3.bcapps.lt\/lv\/wp-json\/wp\/v2\/product\/10440","targetHints":{"allow":["GET"]}}],"collection":[{"href":"https:\/\/kasima3.bcapps.lt\/lv\/wp-json\/wp\/v2\/product"}],"about":[{"href":"https:\/\/kasima3.bcapps.lt\/lv\/wp-json\/wp\/v2\/types\/product"}],"wp:featuredmedia":[{"embeddable":true,"href":"https:\/\/kasima3.bcapps.lt\/lv\/wp-json\/wp\/v2\/media\/10460"}],"wp:attachment":[{"href":"https:\/\/kasima3.bcapps.lt\/lv\/wp-json\/wp\/v2\/media?parent=10440"}],"wp:term":[{"taxonomy":"product_brand","embeddable":true,"href":"https:\/\/kasima3.bcapps.lt\/lv\/wp-json\/wp\/v2\/product_brand?post=10440"},{"taxonomy":"product_cat","embeddable":true,"href":"https:\/\/kasima3.bcapps.lt\/lv\/wp-json\/wp\/v2\/product_cat?post=10440"},{"taxonomy":"product_tag","embeddable":true,"href":"https:\/\/kasima3.bcapps.lt\/lv\/wp-json\/wp\/v2\/product_tag?post=10440"}],"curies":[{"name":"wp","href":"https:\/\/api.w.org\/{rel}","templated":true}]}}