{"id":10985,"date":"2023-03-01T14:59:01","date_gmt":"2023-03-01T14:59:01","guid":{"rendered":"https:\/\/kasima.lt\/shop\/uncategorized\/fendt-820-vario\/"},"modified":"2025-10-29T08:31:42","modified_gmt":"2025-10-29T08:31:42","slug":"fendt-820-vario","status":"publish","type":"product","link":"https:\/\/kasima3.bcapps.lt\/lv\/produktas\/fendt-820-vario\/","title":{"rendered":"Fendt 820 Vario"},"content":{"rendered":"<p>Izgatavo\u0161anas gads 2008<br \/>\nMotora stundas 10325<br \/>\nDzin\u0113ja jauda 156 kw., 212 ZS<br \/>\n\u0100trums 50 km\/h<br \/>\nPriek\u0161\u0113j\u0101s riepas 540\/65-R30<br \/>\nAizmugur\u0113j\u0101s riepas 650\/65-R42<br \/>\nAmortiz\u0113jam\u0101 priek\u0161\u0113j\u0101 ass<br \/>\nAmortiz\u0113jama kab\u012bne<br \/>\nHidraulisk\u0101 piekabes sakabe<br \/>\nQuicke Q75 front\u0101lais iekr\u0101v\u0113ji<br \/>\nPriek\u0161\u0113j\u0101 balstiek\u0101rta ar kard\u0101na v\u0101rpstu<br \/>\nHidraulisk\u0101s un pneimatisk\u0101s bremzes<br \/>\nPriek\u0161\u0113j\u0101s hidraulisk\u0101s l\u012bnijas<br \/>\n4 hidraulisk\u0101s l\u012bnijas aizmugur\u0113<br \/>\nISOBUS savienot\u0101js<br \/>\nGaisa kondicion\u0113\u0161ana<br \/>\nP\u0101rnesumk\u0101rbas nomai\u0146a pirms aptuveni 1500 stund\u0101m<br \/>\nLietuv\u0101 nedarbojas<br \/>\nDaudzas citas priek\u0161roc\u012bbas&#8230;  <\/p>\n","protected":false},"excerpt":{"rendered":"<p>Cena bez PVN<\/p>\n<p>Ra\u017eot\u0101js FENDT<br \/>\nModelis: 820 Vario<br \/>\nZvans: <a href=\"tel:+37067607071\">+37067607071<\/a><br \/>\nKontaktpersona: <a href=\"mailto:info@kasima3.bcapps.lt\">sales@kasima3.bcapps.lt<\/a><\/p>\n<p>&nbsp;<\/p>\n","protected":false},"featured_media":10821,"template":"","meta":{"_et_pb_use_builder":"","_et_pb_old_content":"","_et_gb_content_width":""},"product_brand":[],"product_cat":[149],"product_tag":[],"class_list":{"0":"post-10985","1":"product","2":"type-product","3":"status-publish","4":"has-post-thumbnail","6":"product_cat-buvnieciba","8":"first","9":"instock","10":"taxable","11":"shipping-taxable","12":"product-type-simple"},"_links":{"self":[{"href":"https:\/\/kasima3.bcapps.lt\/lv\/wp-json\/wp\/v2\/product\/10985","targetHints":{"allow":["GET"]}}],"collection":[{"href":"https:\/\/kasima3.bcapps.lt\/lv\/wp-json\/wp\/v2\/product"}],"about":[{"href":"https:\/\/kasima3.bcapps.lt\/lv\/wp-json\/wp\/v2\/types\/product"}],"wp:featuredmedia":[{"embeddable":true,"href":"https:\/\/kasima3.bcapps.lt\/lv\/wp-json\/wp\/v2\/media\/10821"}],"wp:attachment":[{"href":"https:\/\/kasima3.bcapps.lt\/lv\/wp-json\/wp\/v2\/media?parent=10985"}],"wp:term":[{"taxonomy":"product_brand","embeddable":true,"href":"https:\/\/kasima3.bcapps.lt\/lv\/wp-json\/wp\/v2\/product_brand?post=10985"},{"taxonomy":"product_cat","embeddable":true,"href":"https:\/\/kasima3.bcapps.lt\/lv\/wp-json\/wp\/v2\/product_cat?post=10985"},{"taxonomy":"product_tag","embeddable":true,"href":"https:\/\/kasima3.bcapps.lt\/lv\/wp-json\/wp\/v2\/product_tag?post=10985"}],"curies":[{"name":"wp","href":"https:\/\/api.w.org\/{rel}","templated":true}]}}