{"id":11169,"date":"2023-03-03T15:42:15","date_gmt":"2023-03-03T15:42:15","guid":{"rendered":"https:\/\/kasima.lt\/shop\/uncategorized\/11169\/"},"modified":"2025-10-29T08:31:42","modified_gmt":"2025-10-29T08:31:42","slug":"11169","status":"publish","type":"product","link":"https:\/\/kasima3.bcapps.lt\/lv\/produktas\/11169\/","title":{"rendered":"Augsnes kondicionieris Bobcat SCH 72"},"content":{"rendered":"<p>Izgatavo\u0161anas gads 2017<br \/>\nSt\u0101voklis: Mazliet lietots<br \/>\nDarba platums 183 cm<br \/>\nSvars 530 kg.<br \/>\nDarb\u012bbas pl\u016bsma 49 &#8211; 140 ltr\/min.<br \/>\nPagrie\u0161an\u0101s uz s\u0101niem l\u012bdz 25 gr\u0101diem<\/p>\n","protected":false},"excerpt":{"rendered":"<p>Cena bez PVN<\/p>\n<p>Ra\u017eot\u0101js: bobcat<br \/>\nModelis: SCH 72<br \/>\nZvans: <a href=\"tel:+37067607071\">+37067607071<\/a><br \/>\nKontaktpersona: <a href=\"mailto:sales@kasima3.bcapps.lt\">sales@kasima3.bcapps.lt<\/a><\/p>\n","protected":false},"featured_media":11092,"template":"","meta":{"_et_pb_use_builder":"","_et_pb_old_content":"","_et_gb_content_width":""},"product_brand":[],"product_cat":[153,154,219,237,151,179],"product_tag":[],"class_list":{"0":"post-11169","1":"product","2":"type-product","3":"status-publish","4":"has-post-thumbnail","6":"product_cat-15-3-tonnas","7":"product_cat-3-5-tonnas","8":"product_cat-lietots","9":"product_cat-citi-piederumi","10":"product_cat-mini-iekraveji","11":"product_cat-zemes-griezeji","13":"first","14":"instock","15":"taxable","16":"shipping-taxable","17":"product-type-simple"},"_links":{"self":[{"href":"https:\/\/kasima3.bcapps.lt\/lv\/wp-json\/wp\/v2\/product\/11169","targetHints":{"allow":["GET"]}}],"collection":[{"href":"https:\/\/kasima3.bcapps.lt\/lv\/wp-json\/wp\/v2\/product"}],"about":[{"href":"https:\/\/kasima3.bcapps.lt\/lv\/wp-json\/wp\/v2\/types\/product"}],"wp:featuredmedia":[{"embeddable":true,"href":"https:\/\/kasima3.bcapps.lt\/lv\/wp-json\/wp\/v2\/media\/11092"}],"wp:attachment":[{"href":"https:\/\/kasima3.bcapps.lt\/lv\/wp-json\/wp\/v2\/media?parent=11169"}],"wp:term":[{"taxonomy":"product_brand","embeddable":true,"href":"https:\/\/kasima3.bcapps.lt\/lv\/wp-json\/wp\/v2\/product_brand?post=11169"},{"taxonomy":"product_cat","embeddable":true,"href":"https:\/\/kasima3.bcapps.lt\/lv\/wp-json\/wp\/v2\/product_cat?post=11169"},{"taxonomy":"product_tag","embeddable":true,"href":"https:\/\/kasima3.bcapps.lt\/lv\/wp-json\/wp\/v2\/product_tag?post=11169"}],"curies":[{"name":"wp","href":"https:\/\/api.w.org\/{rel}","templated":true}]}}