{"id":11462,"date":"2023-03-15T13:03:09","date_gmt":"2023-03-15T13:03:09","guid":{"rendered":"https:\/\/kasima.lt\/shop\/uncategorized\/daksas-pagarinajumi-240-cm-135x55\/"},"modified":"2025-10-29T08:31:44","modified_gmt":"2025-10-29T08:31:44","slug":"sakiu-prailgintojai-240-cm-135x55","status":"publish","type":"product","link":"https:\/\/kasima3.bcapps.lt\/lv\/produktas\/sakiu-prailgintojai-240-cm-135x55\/","title":{"rendered":"Dak\u0161as pagarin\u0101jumi 240 cm &#8211; 135&#215;55"},"content":{"rendered":"<p>Specifik\u0101cijas dak\u0161u pagarin\u0101jumiem:<br \/>\nGarums: 2400 mm.<br \/>\nPiem\u0113rots dak\u0161\u0101m: 135&#215;55 mm.<br \/>\nCinkots t\u0113rauds<br \/>\nTapu blo\u0137\u0113\u0161ana<br \/>\nPilna r\u0101mja konstrukcija<\/p>\n<p>Paletes dak\u0161u pagarin\u0101t\u0101ji \u013cauj pagarin\u0101t eso\u0161o dak\u0161u garumu no standarta garuma l\u012bdz vajadz\u012bgajam. Cinkotie dak\u0161u pagarin\u0101jumi ir iztur\u012bgi un ilgi kalpo, un tie ir lieliski sader\u012bgi ar da\u017e\u0101du ra\u017eot\u0101ju dak\u0161\u0101m un ma\u0161\u012bn\u0101m.<\/p>\n<p>PRE\u010cU PIEG\u0100DE:<br \/>\nMums ir preces uz vietas, lai j\u016bs var\u0113tu ierasties un apskat\u012bt t\u0101s kl\u0101tien\u0113.<br \/>\n\u0100tra pieg\u0101de uz j\u016bsu adresi.<\/p>\n","protected":false},"excerpt":{"rendered":"<p>Cena bez PVN<\/p>\n<p>Ra\u017eot\u0101js.<br \/>\nModelis: 240cm-55x135mm<br \/>\nZvans: <a href=\"tel:+37067607071\">+37067607071<\/a><br \/>\nKontaktpersona: <a href=\"mailto:sales@kasima3.bcapps.lt\">sales@kasima3.bcapps.lt<\/a><\/p>\n","protected":false},"featured_media":11433,"template":"","meta":{"_et_pb_use_builder":"","_et_pb_old_content":"","_et_gb_content_width":""},"product_brand":[],"product_cat":[154,166,168,155,323,151],"product_tag":[],"class_list":{"0":"post-11462","1":"product","2":"type-product","3":"status-publish","4":"has-post-thumbnail","6":"product_cat-3-5-tonnas","7":"product_cat-5-7-tonnas","8":"product_cat-7-10-tonnas","9":"product_cat-jauns","10":"product_cat-palesu-daksas","11":"product_cat-mini-iekraveji","13":"first","14":"outofstock","15":"taxable","16":"shipping-taxable","17":"product-type-simple"},"_links":{"self":[{"href":"https:\/\/kasima3.bcapps.lt\/lv\/wp-json\/wp\/v2\/product\/11462","targetHints":{"allow":["GET"]}}],"collection":[{"href":"https:\/\/kasima3.bcapps.lt\/lv\/wp-json\/wp\/v2\/product"}],"about":[{"href":"https:\/\/kasima3.bcapps.lt\/lv\/wp-json\/wp\/v2\/types\/product"}],"wp:featuredmedia":[{"embeddable":true,"href":"https:\/\/kasima3.bcapps.lt\/lv\/wp-json\/wp\/v2\/media\/11433"}],"wp:attachment":[{"href":"https:\/\/kasima3.bcapps.lt\/lv\/wp-json\/wp\/v2\/media?parent=11462"}],"wp:term":[{"taxonomy":"product_brand","embeddable":true,"href":"https:\/\/kasima3.bcapps.lt\/lv\/wp-json\/wp\/v2\/product_brand?post=11462"},{"taxonomy":"product_cat","embeddable":true,"href":"https:\/\/kasima3.bcapps.lt\/lv\/wp-json\/wp\/v2\/product_cat?post=11462"},{"taxonomy":"product_tag","embeddable":true,"href":"https:\/\/kasima3.bcapps.lt\/lv\/wp-json\/wp\/v2\/product_tag?post=11462"}],"curies":[{"name":"wp","href":"https:\/\/api.w.org\/{rel}","templated":true}]}}