{"id":11507,"date":"2023-03-15T13:29:29","date_gmt":"2023-03-15T13:29:29","guid":{"rendered":"https:\/\/kasima.lt\/shop\/uncategorized\/mini-iekraveja-palesu-daksas-2500-kg\/"},"modified":"2025-10-29T08:31:44","modified_gmt":"2025-10-29T08:31:44","slug":"palesu-pasreizes-mini-iekraveji-2500-kg","status":"publish","type":"product","link":"https:\/\/kasima3.bcapps.lt\/lv\/produktas\/palesu-pasreizes-mini-iekraveji-2500-kg\/","title":{"rendered":"Mini iekr\u0101v\u0113ja pale\u0161u dak\u0161as 2500 kg."},"content":{"rendered":"<p>Mini iekr\u0101v\u0113ja pale\u0161u dak\u0161u SPECIFIK\u0100CIJA:<br \/>\nPaletes celtsp\u0113ja: 2500 kg.<br \/>\nPaletes dak\u0161u garums: 1,2 m.<br \/>\nRegul\u0113jams pale\u0161u dak\u0161u platums l\u012bdz 120 cm.<br \/>\nPiekare: mini iekr\u0101v\u0113ji<br \/>\nAizsargr\u0101mis.<\/p>\n<p>Mums ir preces uz vietas, lai j\u016bs var\u0113tu ierasties un apskat\u012bt t\u0101s kl\u0101tien\u0113. \u0100tra pieg\u0101de uz j\u016bsu adresi.<\/p>\n<p>Paletes dak\u0161as ir piem\u0113rotas Bobcat, CAT, JCB, New Holland, Case, Komatsu, Caterpillar, Gehl, Takeuchi, Volvo, Wacker Neuson, Mustang un citiem sl\u012bdkr\u0101v\u0113ju tipa iekr\u0101v\u0113ji.  <\/p>\n","protected":false},"excerpt":{"rendered":"<p>Cena bez PVN<\/p>\n<p>Ra\u017eot\u0101js.<br \/>\nModelis: 2500 kg.<br \/>\nZvans: <a href=\"tel:+37067607071\">+37067607071<\/a><br \/>\nKontaktpersona: <a href=\"mailto:sales@kasima3.bcapps.lt\">sales@kasima3.bcapps.lt<\/a><\/p>\n","protected":false},"featured_media":13217,"template":"","meta":{"_et_pb_use_builder":"","_et_pb_old_content":"","_et_gb_content_width":""},"product_brand":[],"product_cat":[153,154,155,323,151],"product_tag":[],"class_list":{"0":"post-11507","1":"product","2":"type-product","3":"status-publish","4":"has-post-thumbnail","6":"product_cat-15-3-tonnas","7":"product_cat-3-5-tonnas","8":"product_cat-jauns","9":"product_cat-palesu-daksas","10":"product_cat-mini-iekraveji","12":"first","13":"instock","14":"taxable","15":"shipping-taxable","16":"purchasable","17":"product-type-simple"},"_links":{"self":[{"href":"https:\/\/kasima3.bcapps.lt\/lv\/wp-json\/wp\/v2\/product\/11507","targetHints":{"allow":["GET"]}}],"collection":[{"href":"https:\/\/kasima3.bcapps.lt\/lv\/wp-json\/wp\/v2\/product"}],"about":[{"href":"https:\/\/kasima3.bcapps.lt\/lv\/wp-json\/wp\/v2\/types\/product"}],"wp:featuredmedia":[{"embeddable":true,"href":"https:\/\/kasima3.bcapps.lt\/lv\/wp-json\/wp\/v2\/media\/13217"}],"wp:attachment":[{"href":"https:\/\/kasima3.bcapps.lt\/lv\/wp-json\/wp\/v2\/media?parent=11507"}],"wp:term":[{"taxonomy":"product_brand","embeddable":true,"href":"https:\/\/kasima3.bcapps.lt\/lv\/wp-json\/wp\/v2\/product_brand?post=11507"},{"taxonomy":"product_cat","embeddable":true,"href":"https:\/\/kasima3.bcapps.lt\/lv\/wp-json\/wp\/v2\/product_cat?post=11507"},{"taxonomy":"product_tag","embeddable":true,"href":"https:\/\/kasima3.bcapps.lt\/lv\/wp-json\/wp\/v2\/product_tag?post=11507"}],"curies":[{"name":"wp","href":"https:\/\/api.w.org\/{rel}","templated":true}]}}