{"id":11730,"date":"2023-03-21T11:16:10","date_gmt":"2023-03-21T11:16:10","guid":{"rendered":"https:\/\/kasima.lt\/shop\/uncategorized\/meza-mulca-valentini-picchio-1500\/"},"modified":"2025-10-29T08:31:44","modified_gmt":"2025-10-29T08:31:44","slug":"misko-mulceris-valentini-picchio-1500","status":"publish","type":"product","link":"https:\/\/kasima3.bcapps.lt\/lv\/produktas\/misko-mulceris-valentini-picchio-1500\/","title":{"rendered":"Me\u017ea mul\u010da Valentini Picchio 1500"},"content":{"rendered":"<p>Ra\u017eot\u0101js: Valentini Srl.<br \/>\nModelis: Picchio 1500<br \/>\nKorpusa da\u013cas: HARDOX,<br \/>\nDarba e\u013c\u013cas pl\u016bsma 60-70 ltr\/min.<br \/>\nDarba e\u013c\u013cas spiediens l\u012bdz 300 b\u0101riem,<br \/>\nSvars 585 kg.<br \/>\nGarums 120 cm,<br \/>\nPlatums 172 cm,<br \/>\nDarba platums 150 cm,<br \/>\nAugstums 105 cm<br \/>\nZobu skaits 30 gab.<br \/>\nAizsardz\u012bba pret p\u0101rlieku lielu griezes momentu un trieciena p\u0101rslodzi,<br \/>\nZobi ir fiks\u0113ti un pagriezti par 180 gr\u0101diem,<br \/>\n2 metri hidraulisk\u0101s \u0161\u013c\u016btenes ar sprausl\u0101m,<br \/>\nDubult\u0101 mikrosh\u0113mu aizsardz\u012bba,<br \/>\nStiprin\u0101juma r\u0101mis,<br \/>\nIeteicamais \u0161\u0137eldojam\u0101 materi\u0101la diametrs ir l\u012bdz 15 cm.<\/p>\n","protected":false},"excerpt":{"rendered":"<p>Cena bez PVN<\/p>\n<p>Ra\u017eot\u0101js: Valentini Srl<br \/>\nModelis: Picchio 1500<br \/>\nZvans: <a href=\"tel:+37067607071\">+37067607071<\/a><br \/>\nKontaktpersona: <a href=\"mailto:sales@kasima3.bcapps.lt\">sales@kasima3.bcapps.lt<\/a><\/p>\n","protected":false},"featured_media":11621,"template":"","meta":{"_et_pb_use_builder":"","_et_pb_old_content":"","_et_gb_content_width":""},"product_brand":[],"product_cat":[153,154,155,182,222,151,211],"product_tag":[],"class_list":{"0":"post-11730","1":"product","2":"type-product","3":"status-publish","4":"has-post-thumbnail","6":"product_cat-15-3-tonnas","7":"product_cat-3-5-tonnas","8":"product_cat-jauns","9":"product_cat-mulceri","10":"product_cat-krumgriezi","11":"product_cat-mini-iekraveji","12":"product_cat-ritenu-iekraveji","14":"first","15":"instock","16":"taxable","17":"shipping-taxable","18":"purchasable","19":"product-type-simple"},"_links":{"self":[{"href":"https:\/\/kasima3.bcapps.lt\/lv\/wp-json\/wp\/v2\/product\/11730","targetHints":{"allow":["GET"]}}],"collection":[{"href":"https:\/\/kasima3.bcapps.lt\/lv\/wp-json\/wp\/v2\/product"}],"about":[{"href":"https:\/\/kasima3.bcapps.lt\/lv\/wp-json\/wp\/v2\/types\/product"}],"wp:featuredmedia":[{"embeddable":true,"href":"https:\/\/kasima3.bcapps.lt\/lv\/wp-json\/wp\/v2\/media\/11621"}],"wp:attachment":[{"href":"https:\/\/kasima3.bcapps.lt\/lv\/wp-json\/wp\/v2\/media?parent=11730"}],"wp:term":[{"taxonomy":"product_brand","embeddable":true,"href":"https:\/\/kasima3.bcapps.lt\/lv\/wp-json\/wp\/v2\/product_brand?post=11730"},{"taxonomy":"product_cat","embeddable":true,"href":"https:\/\/kasima3.bcapps.lt\/lv\/wp-json\/wp\/v2\/product_cat?post=11730"},{"taxonomy":"product_tag","embeddable":true,"href":"https:\/\/kasima3.bcapps.lt\/lv\/wp-json\/wp\/v2\/product_tag?post=11730"}],"curies":[{"name":"wp","href":"https:\/\/api.w.org\/{rel}","templated":true}]}}