{"id":11955,"date":"2023-03-24T12:31:39","date_gmt":"2023-03-24T12:31:39","guid":{"rendered":"https:\/\/kasima.lt\/shop\/uncategorized\/elektriskais-generators-armak-arj-70\/"},"modified":"2025-10-29T08:31:44","modified_gmt":"2025-10-29T08:31:44","slug":"jaudas-generators-armak-arj-70","status":"publish","type":"product","link":"https:\/\/kasima3.bcapps.lt\/lv\/produktas\/jaudas-generators-armak-arj-70\/","title":{"rendered":"Elektriskais \u0123enerators ARMAK ARJ-70"},"content":{"rendered":"<p><strong>Ra\u017eot\u0101js: ARMAK<br \/>\nModelis: ARJ-70<\/strong><br \/>\nSt\u0101voklis: Jauns<br \/>\nKontrolieris: Datakom D-500<br \/>\nTie\u0161saistes uzraudz\u012bba: pieejama<br \/>\nGSM piep\u016ble: J\u0101<br \/>\nAutom\u0101tisk\u0101 iedarbin\u0101\u0161anas sist\u0113ma: j\u0101<br \/>\nT\u012bkla izv\u0113le: J\u0101<br \/>\nJauda Kva: 70<br \/>\nJauda Kw: 56<br \/>\nJauda amp\u0113ros: 88<br \/>\nSpriegums: 230\/400 V<br \/>\nPosmu skaits: 3<br \/>\nFrekvence: 50 Hz<br \/>\nDzin\u0113js: Riccardo<br \/>\n\u0122enerators: ARA-70<br \/>\nDzin\u0113ja iesild\u012b\u0161ana: J\u0100<\/p>\n<p><strong>Degvielas pat\u0113ri\u0146\u0161 litros stund\u0101 (provizoriski):<\/strong><br \/>\nSlodze 100% &#8211; 14,8 ltr.<br \/>\nSlodze 70% &#8211; 11,1 ltr.<br \/>\nSlodze 50% &#8211; 7,4 ltr.<br \/>\nDegvielas tvertnes tilpums: 139 ltr.<\/p>\n<p><strong>\u0122eneratora izm\u0113ri:<\/strong><br \/>\nGarums 242 cm,<br \/>\nPlatums 100 cm,<br \/>\nAugstums 155 cm,<br \/>\nSvars 945 kg.<\/p>\n","protected":false},"excerpt":{"rendered":"<p>Cena bez PVN<\/p>\n<p>Ra\u017eot\u0101js: ARMAK<br \/>\nModelis: ARJ-70<br \/>\nZvans: <a href=\"tel:+37067607071\">+37067607071<\/a><br \/>\nKontaktpersona: <a href=\"mailto:sales@kasima3.bcapps.lt\">sales@kasima3.bcapps.lt<\/a><\/p>\n","protected":false},"featured_media":11871,"template":"","meta":{"_et_pb_use_builder":"","_et_pb_old_content":"","_et_gb_content_width":""},"product_brand":[],"product_cat":[149,150],"product_tag":[],"class_list":{"0":"post-11955","1":"product","2":"type-product","3":"status-publish","4":"has-post-thumbnail","6":"product_cat-buvnieciba","7":"product_cat-cita-tehnika","9":"first","10":"instock","11":"taxable","12":"shipping-taxable","13":"product-type-simple"},"_links":{"self":[{"href":"https:\/\/kasima3.bcapps.lt\/lv\/wp-json\/wp\/v2\/product\/11955","targetHints":{"allow":["GET"]}}],"collection":[{"href":"https:\/\/kasima3.bcapps.lt\/lv\/wp-json\/wp\/v2\/product"}],"about":[{"href":"https:\/\/kasima3.bcapps.lt\/lv\/wp-json\/wp\/v2\/types\/product"}],"wp:featuredmedia":[{"embeddable":true,"href":"https:\/\/kasima3.bcapps.lt\/lv\/wp-json\/wp\/v2\/media\/11871"}],"wp:attachment":[{"href":"https:\/\/kasima3.bcapps.lt\/lv\/wp-json\/wp\/v2\/media?parent=11955"}],"wp:term":[{"taxonomy":"product_brand","embeddable":true,"href":"https:\/\/kasima3.bcapps.lt\/lv\/wp-json\/wp\/v2\/product_brand?post=11955"},{"taxonomy":"product_cat","embeddable":true,"href":"https:\/\/kasima3.bcapps.lt\/lv\/wp-json\/wp\/v2\/product_cat?post=11955"},{"taxonomy":"product_tag","embeddable":true,"href":"https:\/\/kasima3.bcapps.lt\/lv\/wp-json\/wp\/v2\/product_tag?post=11955"}],"curies":[{"name":"wp","href":"https:\/\/api.w.org\/{rel}","templated":true}]}}