{"id":12862,"date":"2023-05-08T12:37:59","date_gmt":"2023-05-08T12:37:59","guid":{"rendered":"https:\/\/kasima.lt\/shop\/uncategorized\/vibroplokste-poliakale-ksm-cp06\/"},"modified":"2025-10-29T08:31:45","modified_gmt":"2025-10-29T08:31:45","slug":"vibroplate-poliakale-ksm-cp06","status":"publish","type":"product","link":"https:\/\/kasima3.bcapps.lt\/lv\/produktas\/vibroplate-poliakale-ksm-cp06\/","title":{"rendered":"Vibr\u0101cijas pl\u0101k\u0161\u0146u- P\u0101\u013cu \u0101murs KSM CP06"},"content":{"rendered":"<p>SPECIFIK\u0100CIJAS: Svars: 570 kg. Vibr\u0101ciju frekvence: 2000 bpm; Kal\u0161anas jauda: 7 tonnas. Hidraulisk\u0101 pl\u016bsma: 85-105 l\/min. Hidrauliskais darba spiediens: 100-130 bar. Pamatnes izm\u0113ri: 1150&#215;700 mm. <\/p>\n<p>Vibropl\u0101ksnei\/P\u0101\u013cu \u0101murs ir izcila veiktsp\u0113ja. To izmanto viet\u0101s, kur nepiecie\u0161ama efekt\u012bva augsnes sabl\u012bv\u0113\u0161ana. Poliafaltu pla\u0161i izmanto koka vai met\u0101la mietu kal\u0161anai, un tas ir piem\u0113rots ar\u012b tran\u0161eju vai nog\u0101\u017eu bl\u012bv\u0113\u0161anai. <\/p>\n<p>Tas \u013cauj \u0101tri un bez piep\u016bles uzst\u0101d\u012bt \u017eogu vai citu \u017eogu stabus. PIEG\u0100DE: Produkts ir m\u016bsu noliktav\u0101, t\u0101p\u0113c t\u0101 pieg\u0101de l\u012bdz jums neaiz\u0146ems daudz laika. J\u016bs esat laipni aicin\u0101ti apmekl\u0113t m\u016bs, lai apskat\u012btu produktu.<br \/>\n\u0160\u012b vibroplate ir piem\u0113rota Atlas, Bobcat, CASE, Caterpillar, CAT, Doosan, Eurocomach, Gehl, Hitachi, JCB, Komatsu, Liebherr, Liebherr, New Holland, Terex, Wacker, Neuson, Volvo un cit\u0101m iek\u0101rt\u0101m.<\/p>\n","protected":false},"excerpt":{"rendered":"<p>Cena bez PVN Ra\u017eot\u0101js: KSM Modelis: CP06 Zvans:<a href=\"tel:+37067607071\">+37067607071<\/a> E-pasts:<a href=\"mailto:sales@kasima3.bcapps.lt\">sales@kasima3.bcapps.lt<\/a><\/p>\n","protected":false},"featured_media":12828,"template":"","meta":{"_et_pb_use_builder":"","_et_pb_old_content":"","_et_gb_content_width":""},"product_brand":[],"product_cat":[168,171,174,229,155,185,186],"product_tag":[],"class_list":{"0":"post-12862","1":"product","2":"type-product","3":"status-publish","4":"has-post-thumbnail","6":"product_cat-7-10-tonnas","7":"product_cat-10-13-tonnas","8":"product_cat-13-16-tonnas","9":"product_cat-16-20-tonnas","10":"product_cat-jauns","11":"product_cat-ekskavators","12":"product_cat-vibropleves-poliepaklaji","14":"first","15":"instock","16":"taxable","17":"shipping-taxable","18":"purchasable","19":"product-type-simple"},"_links":{"self":[{"href":"https:\/\/kasima3.bcapps.lt\/lv\/wp-json\/wp\/v2\/product\/12862","targetHints":{"allow":["GET"]}}],"collection":[{"href":"https:\/\/kasima3.bcapps.lt\/lv\/wp-json\/wp\/v2\/product"}],"about":[{"href":"https:\/\/kasima3.bcapps.lt\/lv\/wp-json\/wp\/v2\/types\/product"}],"wp:featuredmedia":[{"embeddable":true,"href":"https:\/\/kasima3.bcapps.lt\/lv\/wp-json\/wp\/v2\/media\/12828"}],"wp:attachment":[{"href":"https:\/\/kasima3.bcapps.lt\/lv\/wp-json\/wp\/v2\/media?parent=12862"}],"wp:term":[{"taxonomy":"product_brand","embeddable":true,"href":"https:\/\/kasima3.bcapps.lt\/lv\/wp-json\/wp\/v2\/product_brand?post=12862"},{"taxonomy":"product_cat","embeddable":true,"href":"https:\/\/kasima3.bcapps.lt\/lv\/wp-json\/wp\/v2\/product_cat?post=12862"},{"taxonomy":"product_tag","embeddable":true,"href":"https:\/\/kasima3.bcapps.lt\/lv\/wp-json\/wp\/v2\/product_tag?post=12862"}],"curies":[{"name":"wp","href":"https:\/\/api.w.org\/{rel}","templated":true}]}}