{"id":13118,"date":"2023-05-30T11:54:21","date_gmt":"2023-05-30T11:54:21","guid":{"rendered":"https:\/\/kasima.lt\/shop\/uncategorized\/asfalta-veltnis-hamm-hd-12vv\/"},"modified":"2025-10-29T08:31:45","modified_gmt":"2025-10-29T08:31:45","slug":"asfalta-veltnis-hamm-hd-12vv","status":"publish","type":"product","link":"https:\/\/kasima3.bcapps.lt\/lv\/produktas\/asfalta-veltnis-hamm-hd-12vv\/","title":{"rendered":"Asfalta veltnis Hamm HD 12VV"},"content":{"rendered":"<p>Marka: HAMM<br \/>\nModelis: HD 12VV<br \/>\nRa\u017eo\u0161anas gads: 2008<br \/>\nPa\u0161a svars 2540 kg.<br \/>\nDarba svars 2900 kg.<br \/>\nJauda: 22 Kw<br \/>\nAbi vibr\u0101cijas velt\u0146i<br \/>\n\u016adens izsmidzin\u0101\u0161anas sist\u0113ma<br \/>\nRull\u012b\u0161a platums 1200 mm<\/p>\n<p>Lietuv\u0101 nedarbojas<\/p>\n","protected":false},"excerpt":{"rendered":"<p>Cena bez PVN<\/p>\n<p>Ra\u017eot\u0101js.<br \/>\nModelis: HD 12VV<br \/>\nZvans: <a href=\"tel:+37067607071\">+37067607071<\/a><br \/>\nKontaktpersona: <a href=\"mailto:sales@kasima3.bcapps.lt\">sales@kasima3.bcapps.lt<\/a><\/p>\n","protected":false},"featured_media":13044,"template":"","meta":{"_et_pb_use_builder":"","_et_pb_old_content":"","_et_gb_content_width":""},"product_brand":[],"product_cat":[149],"product_tag":[],"class_list":{"0":"post-13118","1":"product","2":"type-product","3":"status-publish","4":"has-post-thumbnail","6":"product_cat-buvnieciba","8":"first","9":"instock","10":"taxable","11":"shipping-taxable","12":"product-type-simple"},"_links":{"self":[{"href":"https:\/\/kasima3.bcapps.lt\/lv\/wp-json\/wp\/v2\/product\/13118","targetHints":{"allow":["GET"]}}],"collection":[{"href":"https:\/\/kasima3.bcapps.lt\/lv\/wp-json\/wp\/v2\/product"}],"about":[{"href":"https:\/\/kasima3.bcapps.lt\/lv\/wp-json\/wp\/v2\/types\/product"}],"wp:featuredmedia":[{"embeddable":true,"href":"https:\/\/kasima3.bcapps.lt\/lv\/wp-json\/wp\/v2\/media\/13044"}],"wp:attachment":[{"href":"https:\/\/kasima3.bcapps.lt\/lv\/wp-json\/wp\/v2\/media?parent=13118"}],"wp:term":[{"taxonomy":"product_brand","embeddable":true,"href":"https:\/\/kasima3.bcapps.lt\/lv\/wp-json\/wp\/v2\/product_brand?post=13118"},{"taxonomy":"product_cat","embeddable":true,"href":"https:\/\/kasima3.bcapps.lt\/lv\/wp-json\/wp\/v2\/product_cat?post=13118"},{"taxonomy":"product_tag","embeddable":true,"href":"https:\/\/kasima3.bcapps.lt\/lv\/wp-json\/wp\/v2\/product_tag?post=13118"}],"curies":[{"name":"wp","href":"https:\/\/api.w.org\/{rel}","templated":true}]}}