{"id":13154,"date":"2023-06-01T11:14:45","date_gmt":"2023-06-01T11:14:45","guid":{"rendered":"https:\/\/kasima.lt\/shop\/uncategorized\/paletes-daksas-avant-1500-kg\/"},"modified":"2025-10-29T08:31:45","modified_gmt":"2025-10-29T08:31:45","slug":"paleciu-sakes-avant-1500-kg","status":"publish","type":"product","link":"https:\/\/kasima3.bcapps.lt\/lv\/produktas\/paleciu-sakes-avant-1500-kg\/","title":{"rendered":"Paletes dak\u0161as AVANT 1500 kg."},"content":{"rendered":"<p>AVANT iekr\u0101v\u0113jiem<br \/>\nCeltsp\u0113ja 1500 kg.<br \/>\nDak\u0161as garums 95 cm.<br \/>\nR\u0101mja platums 85 cm.<br \/>\nRegul\u0113jams dak\u0161u platums<br \/>\nAizsargr\u0101mis  <\/p>\n<p>Mums ir preces uz vietas, lai j\u016bs var\u0113tu ierasties un apskat\u012bt t\u0101s kl\u0101tien\u0113. \u0100tra pieg\u0101de uz j\u016bsu adresi.<\/p>\n","protected":false},"excerpt":{"rendered":"<p>Cena bez PVN<\/p>\n<p>Ra\u017eot\u0101js: AVANT autoiekr\u0101v\u0113ji<br \/>\nModelis: 1500 kg.<br \/>\nZvans: <a href=\"tel:+37067607071\">+37067607071<\/a><br \/>\nKontaktpersona: <a href=\"mailto:sales@kasima3.bcapps.lt\">sales@kasima3.bcapps.lt<\/a><\/p>\n","protected":false},"featured_media":13125,"template":"","meta":{"_et_pb_use_builder":"","_et_pb_old_content":"","_et_gb_content_width":""},"product_brand":[],"product_cat":[153,154,323],"product_tag":[],"class_list":{"0":"post-13154","1":"product","2":"type-product","3":"status-publish","4":"has-post-thumbnail","6":"product_cat-15-3-tonnas","7":"product_cat-3-5-tonnas","8":"product_cat-palesu-daksas","10":"first","11":"instock","12":"taxable","13":"shipping-taxable","14":"purchasable","15":"product-type-simple"},"_links":{"self":[{"href":"https:\/\/kasima3.bcapps.lt\/lv\/wp-json\/wp\/v2\/product\/13154","targetHints":{"allow":["GET"]}}],"collection":[{"href":"https:\/\/kasima3.bcapps.lt\/lv\/wp-json\/wp\/v2\/product"}],"about":[{"href":"https:\/\/kasima3.bcapps.lt\/lv\/wp-json\/wp\/v2\/types\/product"}],"wp:featuredmedia":[{"embeddable":true,"href":"https:\/\/kasima3.bcapps.lt\/lv\/wp-json\/wp\/v2\/media\/13125"}],"wp:attachment":[{"href":"https:\/\/kasima3.bcapps.lt\/lv\/wp-json\/wp\/v2\/media?parent=13154"}],"wp:term":[{"taxonomy":"product_brand","embeddable":true,"href":"https:\/\/kasima3.bcapps.lt\/lv\/wp-json\/wp\/v2\/product_brand?post=13154"},{"taxonomy":"product_cat","embeddable":true,"href":"https:\/\/kasima3.bcapps.lt\/lv\/wp-json\/wp\/v2\/product_cat?post=13154"},{"taxonomy":"product_tag","embeddable":true,"href":"https:\/\/kasima3.bcapps.lt\/lv\/wp-json\/wp\/v2\/product_tag?post=13154"}],"curies":[{"name":"wp","href":"https:\/\/api.w.org\/{rel}","templated":true}]}}