{"id":13209,"date":"2023-06-02T11:15:35","date_gmt":"2023-06-02T11:15:35","guid":{"rendered":"https:\/\/kasima.lt\/shop\/uncategorized\/merlo-palesu-daksas-4000-kg\/"},"modified":"2025-10-29T08:31:45","modified_gmt":"2025-10-29T08:31:45","slug":"paletes-saknes-mers-4000-kg","status":"publish","type":"product","link":"https:\/\/kasima3.bcapps.lt\/lv\/produktas\/paletes-saknes-mers-4000-kg\/","title":{"rendered":"MERLO pale\u0161u dak\u0161as 4000 kg."},"content":{"rendered":"<p>Pale\u0161u dak\u0161u SPECIFIK\u0100CIJAS:<br \/>\nCeltsp\u0113ja: 4000 kg<br \/>\nDak\u0161as garums: 120 cm.<br \/>\nRegul\u0113jams dak\u0161u platums l\u012bdz 120 cm.<\/p>\n<p>Balstiek\u0101rtas tips:MERLO<\/p>\n<p>M\u0113s pied\u0101v\u0101jam jums pilnu MERLO pale\u0161u dak\u0161u komplektu teleskopiskajiem iekr\u0101v\u0113\u0161iem. Komplekt\u0101 ietilpst: r\u0101mis, dak\u0161u komplekts, skavas. Pale\u0161u dak\u0161as tiek izmantotas b\u016bvniec\u012bbas un lauksaimniec\u012bbas nozar\u0113s, lai iekrautu un transport\u0113tu da\u017e\u0101das kravas. Darbs ar teleskopisk\u0101 iekr\u0101v\u0113ja dak\u0161\u0101m pa\u0101trina un atvieglo kravu iekrau\u0161anu, izkrau\u0161anu vai transport\u0113\u0161anu. <\/p>\n<p>PRE\u010cU PIEG\u0100DE:<br \/>\nMums ir preces uz vietas, lai j\u016bs var\u0113tu ierasties un apskat\u012bt t\u0101s kl\u0101tien\u0113. \u0100tra pieg\u0101de uz j\u016bsu adresi.<\/p>\n<p>*Par papildu samaksu m\u0113s varam piel\u0101got j\u016bsu teleskopisko manipulatoru.<\/p>\n","protected":false},"excerpt":{"rendered":"<p>Cena bez PVN<\/p>\n<p>Ra\u017eot\u0101js: MERLO autoiekr\u0101v\u0113ji<br \/>\nModelis: 4000 kg.<br \/>\nZvans: <a href=\"tel:+37067607071\">+37067607071<\/a><br \/>\nKontaktpersona: <a href=\"mailto:sales@kasima3.bcapps.lt\">sales@kasima3.bcapps.lt<\/a><\/p>\n","protected":false},"featured_media":13160,"template":"","meta":{"_et_pb_use_builder":"","_et_pb_old_content":"","_et_gb_content_width":""},"product_brand":[],"product_cat":[154,166,168,323],"product_tag":[],"class_list":{"0":"post-13209","1":"product","2":"type-product","3":"status-publish","4":"has-post-thumbnail","6":"product_cat-3-5-tonnas","7":"product_cat-5-7-tonnas","8":"product_cat-7-10-tonnas","9":"product_cat-palesu-daksas","11":"first","12":"instock","13":"taxable","14":"shipping-taxable","15":"purchasable","16":"product-type-simple"},"_links":{"self":[{"href":"https:\/\/kasima3.bcapps.lt\/lv\/wp-json\/wp\/v2\/product\/13209","targetHints":{"allow":["GET"]}}],"collection":[{"href":"https:\/\/kasima3.bcapps.lt\/lv\/wp-json\/wp\/v2\/product"}],"about":[{"href":"https:\/\/kasima3.bcapps.lt\/lv\/wp-json\/wp\/v2\/types\/product"}],"wp:featuredmedia":[{"embeddable":true,"href":"https:\/\/kasima3.bcapps.lt\/lv\/wp-json\/wp\/v2\/media\/13160"}],"wp:attachment":[{"href":"https:\/\/kasima3.bcapps.lt\/lv\/wp-json\/wp\/v2\/media?parent=13209"}],"wp:term":[{"taxonomy":"product_brand","embeddable":true,"href":"https:\/\/kasima3.bcapps.lt\/lv\/wp-json\/wp\/v2\/product_brand?post=13209"},{"taxonomy":"product_cat","embeddable":true,"href":"https:\/\/kasima3.bcapps.lt\/lv\/wp-json\/wp\/v2\/product_cat?post=13209"},{"taxonomy":"product_tag","embeddable":true,"href":"https:\/\/kasima3.bcapps.lt\/lv\/wp-json\/wp\/v2\/product_tag?post=13209"}],"curies":[{"name":"wp","href":"https:\/\/api.w.org\/{rel}","templated":true}]}}