{"id":13574,"date":"2023-06-20T07:53:49","date_gmt":"2023-06-20T07:53:49","guid":{"rendered":"https:\/\/kasima.lt\/shop\/uncategorized\/bunkerine-sluota-cf-swp130\/"},"modified":"2025-10-29T08:31:46","modified_gmt":"2025-10-29T08:31:46","slug":"bunkurs-slot-cf-swp130","status":"publish","type":"product","link":"https:\/\/kasima3.bcapps.lt\/lv\/produktas\/bunkurs-slot-cf-swp130\/","title":{"rendered":"Slota ar sav\u0101c\u0113jtvertni C&amp;F SWP130"},"content":{"rendered":"<p>Specifik\u0101cija:  <\/p>\n<p>Darba platums 132 cm.<br \/>\nKop\u0113jais platums 147 cm.<br \/>\nBunkura tilpums 380 ltr.<br \/>\nTuk\u0161s svars 330 kg.<br \/>\nMaksim\u0101lais spiediens l\u012bdz 180 b\u0101riem.<br \/>\nHidraulisk\u0101s pl\u016bsmas \u0101trums 40 &#8211; 100 ltr.\/min.<br \/>\n\u0136\u0113des r\u012bks <\/p>\n<p>Piem\u0113rots liel\u0101kajai da\u013cai sl\u012bdkr\u0101v\u0113ju tipu.  <\/p>\n","protected":false},"excerpt":{"rendered":"<p>Cena bez PVN<\/p>\n<p>Ra\u017eot\u0101js: C&amp;F<br \/>\nModelis: SWP 130<br \/>\nZvans: <a href=\"tel:+37067607071\">+37067607071<\/a><br \/>\nKontaktpersona: <a href=\"mailto:sales@kasima3.bcapps.lt\">sales@kasima3.bcapps.lt<\/a><\/p>\n","protected":false},"featured_media":13530,"template":"","meta":{"_et_pb_use_builder":"","_et_pb_old_content":"","_et_gb_content_width":""},"product_brand":[],"product_cat":[153,154,155,291],"product_tag":[],"class_list":{"0":"post-13574","1":"product","2":"type-product","3":"status-publish","4":"has-post-thumbnail","6":"product_cat-15-3-tonnas","7":"product_cat-3-5-tonnas","8":"product_cat-jauns","9":"product_cat-hidrauliskas-slotas-lv","11":"first","12":"instock","13":"taxable","14":"shipping-taxable","15":"purchasable","16":"product-type-simple"},"_links":{"self":[{"href":"https:\/\/kasima3.bcapps.lt\/lv\/wp-json\/wp\/v2\/product\/13574","targetHints":{"allow":["GET"]}}],"collection":[{"href":"https:\/\/kasima3.bcapps.lt\/lv\/wp-json\/wp\/v2\/product"}],"about":[{"href":"https:\/\/kasima3.bcapps.lt\/lv\/wp-json\/wp\/v2\/types\/product"}],"wp:featuredmedia":[{"embeddable":true,"href":"https:\/\/kasima3.bcapps.lt\/lv\/wp-json\/wp\/v2\/media\/13530"}],"wp:attachment":[{"href":"https:\/\/kasima3.bcapps.lt\/lv\/wp-json\/wp\/v2\/media?parent=13574"}],"wp:term":[{"taxonomy":"product_brand","embeddable":true,"href":"https:\/\/kasima3.bcapps.lt\/lv\/wp-json\/wp\/v2\/product_brand?post=13574"},{"taxonomy":"product_cat","embeddable":true,"href":"https:\/\/kasima3.bcapps.lt\/lv\/wp-json\/wp\/v2\/product_cat?post=13574"},{"taxonomy":"product_tag","embeddable":true,"href":"https:\/\/kasima3.bcapps.lt\/lv\/wp-json\/wp\/v2\/product_tag?post=13574"}],"curies":[{"name":"wp","href":"https:\/\/api.w.org\/{rel}","templated":true}]}}