{"id":13630,"date":"2023-06-20T11:02:58","date_gmt":"2023-06-20T11:02:58","guid":{"rendered":"https:\/\/kasima.lt\/shop\/uncategorized\/bunkerine-sluota-wolverine-72\/"},"modified":"2025-10-29T08:31:46","modified_gmt":"2025-10-29T08:31:46","slug":"bunkerine-slave-wolverine-72","status":"publish","type":"product","link":"https:\/\/kasima3.bcapps.lt\/lv\/produktas\/bunkerine-slave-wolverine-72\/","title":{"rendered":"Slota ar sav\u0101c\u0113jtvertni Wolverine 72"},"content":{"rendered":"<p>SPECIFIK\u0100CIJAS:<br \/>\nSlotas darba platums: 183 cm.<br \/>\nSlotas kop\u0113jais platums: 200 cm.<br \/>\nSlotas svars: 435 kg.<br \/>\nDarba pl\u016bsma: l\u012bdz 90 l\/min.<br \/>\nRegul\u0113jams slauc\u012b\u0161anas segmenta augstums<br \/>\nE\u013c\u013coti gult\u0146i<br \/>\nPiekare: sl\u012bdo\u0161\u0101 st\u016bre<\/p>\n<p>M\u0113s pied\u0101v\u0101jam pilnu Wolverine tvertnes slotu, kas ir paredz\u0113ta net\u012brumu, birsto\u0161u materi\u0101lu un citu nev\u0113lamu materi\u0101lu slauc\u012b\u0161anai ar mini iekr\u0101v\u0113ju. Tvertnes slota ir komplekt\u0101 ar: hidrauliskaj\u0101m \u0161\u013c\u016bten\u0113m ar savienojuma sprausl\u0101m. \u0160\u013c\u016bte ar tvertni ir ide\u0101ls risin\u0101jums tiem, kam nepiecie\u0161ams slauc\u012bt un sav\u0101kt net\u012brumus, ko nevar izdar\u012bt ar standarta st\u016bra slotu. \u0160\u012b tvertnes slota \u013cauj viegli samest atkritumus un izmest tos j\u016bsu izv\u0113l\u0113taj\u0101 viet\u0101. Apr\u012bkojuma aizsarg\u0101jo\u0161\u0101s gumijas ne\u013cauj putek\u013ciem tik viegli izplat\u012bties apk\u0101rt. Tas atvieglo operatora darbu un samazina vid\u0113 emit\u0113to putek\u013cu daudzumu.<br \/>\nM\u0113s pied\u0101v\u0101jam 12 m\u0113ne\u0161u garantiju pret r\u016bpn\u012bcas defektiem. SIA KASIMA nodro\u0161ina garantijas un p\u0113cgarantijas apkalpo\u0161anu<\/p>\n<p>Mums ir preces uz vietas, lai j\u016bs var\u0113tu ierasties un apskat\u012bt t\u0101s kl\u0101tien\u0113. \u0100tra pieg\u0101de uz j\u016bsu adresi.<\/p>\n<p>\u0160\u012b tvertnes slota ir sader\u012bga ar Bobcat, CAT, Gehl, Takeuchi, Manitou, Komatsu, Wacker Neuson, Terex, New Holland, JCB, Mustang, CASE, EUROCOMACH, Doosan, Caterpillar un citiem iekr\u0101v\u0113jiem.<\/p>\n<p>*Adapteri par papildu samaksu var uzst\u0101d\u012bt uz j\u016bsu iekr\u0101v\u0113ja.<\/p>\n","protected":false},"excerpt":{"rendered":"<p>Cena bez PVN<\/p>\n<p>Ra\u017eot\u0101js: Wolverine<br \/>\nModelis: Sweeper spainis 72<br \/>\nZvans: <a href=\"tel:+37067607071\">+37067607071<\/a><br \/>\nE-pasts: <a href=\"mailto:sales@kasima3.bcapps.lt\">sales@kasima3.bcapps.lt<\/a><\/p>\n","protected":false},"featured_media":13581,"template":"","meta":{"_et_pb_use_builder":"","_et_pb_old_content":"","_et_gb_content_width":""},"product_brand":[],"product_cat":[153,154,155,291],"product_tag":[],"class_list":{"0":"post-13630","1":"product","2":"type-product","3":"status-publish","4":"has-post-thumbnail","6":"product_cat-15-3-tonnas","7":"product_cat-3-5-tonnas","8":"product_cat-jauns","9":"product_cat-hidrauliskas-slotas-lv","11":"first","12":"instock","13":"taxable","14":"shipping-taxable","15":"purchasable","16":"product-type-simple"},"_links":{"self":[{"href":"https:\/\/kasima3.bcapps.lt\/lv\/wp-json\/wp\/v2\/product\/13630","targetHints":{"allow":["GET"]}}],"collection":[{"href":"https:\/\/kasima3.bcapps.lt\/lv\/wp-json\/wp\/v2\/product"}],"about":[{"href":"https:\/\/kasima3.bcapps.lt\/lv\/wp-json\/wp\/v2\/types\/product"}],"wp:featuredmedia":[{"embeddable":true,"href":"https:\/\/kasima3.bcapps.lt\/lv\/wp-json\/wp\/v2\/media\/13581"}],"wp:attachment":[{"href":"https:\/\/kasima3.bcapps.lt\/lv\/wp-json\/wp\/v2\/media?parent=13630"}],"wp:term":[{"taxonomy":"product_brand","embeddable":true,"href":"https:\/\/kasima3.bcapps.lt\/lv\/wp-json\/wp\/v2\/product_brand?post=13630"},{"taxonomy":"product_cat","embeddable":true,"href":"https:\/\/kasima3.bcapps.lt\/lv\/wp-json\/wp\/v2\/product_cat?post=13630"},{"taxonomy":"product_tag","embeddable":true,"href":"https:\/\/kasima3.bcapps.lt\/lv\/wp-json\/wp\/v2\/product_tag?post=13630"}],"curies":[{"name":"wp","href":"https:\/\/api.w.org\/{rel}","templated":true}]}}