{"id":13746,"date":"2023-06-20T12:33:55","date_gmt":"2023-06-20T12:33:55","guid":{"rendered":"https:\/\/kasima.lt\/shop\/uncategorized\/pasukama-sluota-wolverine-83\/"},"modified":"2025-10-29T08:31:47","modified_gmt":"2025-10-29T08:31:47","slug":"swivel-loop-wolverine-83","status":"publish","type":"product","link":"https:\/\/kasima3.bcapps.lt\/lv\/produktas\/swivel-loop-wolverine-83\/","title":{"rendered":"Le\u0146\u0137a slota Wolverine 83"},"content":{"rendered":"<p>SPECIFIK\u0100CIJAS:<br \/>\nJauna groz\u0101m\u0101 slota mini iekr\u0101v\u0113tim.<br \/>\nDarba platums: 210 cm.<br \/>\nKop\u0113jais platums: 240 cm.<br \/>\nSlotas svars: 300 kg.<br \/>\nDarb\u012bbas pl\u016bsma l\u012bdz 90 l\/min.<br \/>\nE\u013c\u013coti gult\u0146i<br \/>\nViegla le\u0146\u0137a kontrole. <\/p>\n","protected":false},"excerpt":{"rendered":"<p>Cena bez PVN<\/p>\n<p>Ra\u017eot\u0101js: Wolverine<br \/>\nModelis: Le\u0146\u0137a slota 83<br \/>\nZvans: <a href=\"tel:+37067607071\">+37067607071<\/a><br \/>\nKontaktpersona: <a href=\"mailto:sales@kasima3.bcapps.lt\">sales@kasima3.bcapps.lt<\/a><\/p>\n","protected":false},"featured_media":13702,"template":"","meta":{"_et_pb_use_builder":"","_et_pb_old_content":"","_et_gb_content_width":""},"product_brand":[],"product_cat":[153,154,155,291],"product_tag":[],"class_list":{"0":"post-13746","1":"product","2":"type-product","3":"status-publish","4":"has-post-thumbnail","6":"product_cat-15-3-tonnas","7":"product_cat-3-5-tonnas","8":"product_cat-jauns","9":"product_cat-hidrauliskas-slotas-lv","11":"first","12":"instock","13":"taxable","14":"shipping-taxable","15":"purchasable","16":"product-type-simple"},"_links":{"self":[{"href":"https:\/\/kasima3.bcapps.lt\/lv\/wp-json\/wp\/v2\/product\/13746","targetHints":{"allow":["GET"]}}],"collection":[{"href":"https:\/\/kasima3.bcapps.lt\/lv\/wp-json\/wp\/v2\/product"}],"about":[{"href":"https:\/\/kasima3.bcapps.lt\/lv\/wp-json\/wp\/v2\/types\/product"}],"wp:featuredmedia":[{"embeddable":true,"href":"https:\/\/kasima3.bcapps.lt\/lv\/wp-json\/wp\/v2\/media\/13702"}],"wp:attachment":[{"href":"https:\/\/kasima3.bcapps.lt\/lv\/wp-json\/wp\/v2\/media?parent=13746"}],"wp:term":[{"taxonomy":"product_brand","embeddable":true,"href":"https:\/\/kasima3.bcapps.lt\/lv\/wp-json\/wp\/v2\/product_brand?post=13746"},{"taxonomy":"product_cat","embeddable":true,"href":"https:\/\/kasima3.bcapps.lt\/lv\/wp-json\/wp\/v2\/product_cat?post=13746"},{"taxonomy":"product_tag","embeddable":true,"href":"https:\/\/kasima3.bcapps.lt\/lv\/wp-json\/wp\/v2\/product_tag?post=13746"}],"curies":[{"name":"wp","href":"https:\/\/api.w.org\/{rel}","templated":true}]}}