{"id":14014,"date":"2023-07-03T08:44:40","date_gmt":"2023-07-03T08:44:40","guid":{"rendered":"https:\/\/kasima.lt\/shop\/uncategorized\/viksrinis-damperis-cnf-t95htsl\/"},"modified":"2025-10-29T08:31:47","modified_gmt":"2025-10-29T08:31:47","slug":"track-damper-cnf-t95htsl","status":"publish","type":"product","link":"https:\/\/kasima3.bcapps.lt\/lv\/produktas\/track-damper-cnf-t95htsl\/","title":{"rendered":"Mini pa\u0161izg\u0101z\u0113ji CNF T95HTSL"},"content":{"rendered":"<p><strong>Ra\u017eot\u0101js CNF<\/strong><br \/>\n<strong>Modelis T95HTSL<\/strong><br \/>\nYANMAR 9,5 ZS dzin\u0113js ar priek\u0161sild\u012b\u0161anu<br \/>\nElektriskais starteris<br \/>\nDegvielas veids D\u012bze\u013cdegviela<br \/>\n\u0100trums l\u012bdz 5 km\/h<br \/>\nVad\u012bba ar 1 sviru<br \/>\nHidrostatisk\u0101 transmisija<br \/>\nPaka\u013c\u0113jais svars 650 kg.<br \/>\nCeltsp\u0113ja 800 kg.<br \/>\nVirsb\u016bves tilpums 0,28 \/ 0,36 kubikmetri.<br \/>\nAv\u0101rijas bremze<br \/>\nHidraulisko cilindru sl\u0113dzenes<\/p>\n<p>Komplekt\u0101 ietilpst:<br \/>\nAugsta tulko\u0161anas funkcija<br \/>\nIekrau\u0161anas spainis<br \/>\nAmortiz\u0101cijas st\u0101vvietas platforma<br \/>\nAr l\u012bdzsvara atsvariem<br \/>\nAr paaugstin\u0101tu virsb\u016bvi<\/p>\n","protected":false},"excerpt":{"rendered":"<p>Cena bez PVN<\/p>\n<p>Ra\u017eot\u0101js: CNF<br \/>\nModelis: T95HTSL<br \/>\nZvans: <a href=\"tel:+37067607071\">+37067607071<\/a><br \/>\nKontaktpersona: <a href=\"mailto:sales@kasima3.bcapps.lt\">sales@kasima3.bcapps.lt<\/a><\/p>\n","protected":false},"featured_media":23429,"template":"","meta":{"_et_pb_use_builder":"","_et_pb_old_content":"","_et_gb_content_width":""},"product_brand":[],"product_cat":[149],"product_tag":[],"class_list":{"0":"post-14014","1":"product","2":"type-product","3":"status-publish","4":"has-post-thumbnail","6":"product_cat-buvnieciba","8":"first","9":"instock","10":"taxable","11":"shipping-taxable","12":"product-type-simple"},"_links":{"self":[{"href":"https:\/\/kasima3.bcapps.lt\/lv\/wp-json\/wp\/v2\/product\/14014","targetHints":{"allow":["GET"]}}],"collection":[{"href":"https:\/\/kasima3.bcapps.lt\/lv\/wp-json\/wp\/v2\/product"}],"about":[{"href":"https:\/\/kasima3.bcapps.lt\/lv\/wp-json\/wp\/v2\/types\/product"}],"wp:featuredmedia":[{"embeddable":true,"href":"https:\/\/kasima3.bcapps.lt\/lv\/wp-json\/wp\/v2\/media\/23429"}],"wp:attachment":[{"href":"https:\/\/kasima3.bcapps.lt\/lv\/wp-json\/wp\/v2\/media?parent=14014"}],"wp:term":[{"taxonomy":"product_brand","embeddable":true,"href":"https:\/\/kasima3.bcapps.lt\/lv\/wp-json\/wp\/v2\/product_brand?post=14014"},{"taxonomy":"product_cat","embeddable":true,"href":"https:\/\/kasima3.bcapps.lt\/lv\/wp-json\/wp\/v2\/product_cat?post=14014"},{"taxonomy":"product_tag","embeddable":true,"href":"https:\/\/kasima3.bcapps.lt\/lv\/wp-json\/wp\/v2\/product_tag?post=14014"}],"curies":[{"name":"wp","href":"https:\/\/api.w.org\/{rel}","templated":true}]}}