{"id":14689,"date":"2023-07-26T08:56:33","date_gmt":"2023-07-26T08:56:33","guid":{"rendered":"https:\/\/kasima.lt\/shop\/uncategorized\/asfalto-freza-wirtgen-w200i\/"},"modified":"2025-10-29T08:31:47","modified_gmt":"2025-10-29T08:31:47","slug":"asfalta-saldetava-wirtgen-w200i","status":"publish","type":"product","link":"https:\/\/kasima3.bcapps.lt\/lv\/produktas\/asfalta-saldetava-wirtgen-w200i\/","title":{"rendered":"Ce\u013cu fr\u0113z\u0113\u0161anas ma\u0161\u012bna WIRTGEN W200i"},"content":{"rendered":"<p>Ra\u017eot\u0101js WIRTGEN<br \/>\nW200i modelis<br \/>\nIzgatavo\u0161anas gads 2013<br \/>\nMotora stundas 5558<br \/>\nSvars bez kravas 25500 kg.<br \/>\nDzin\u0113js CUMMINS<\/p>\n<p>Hidrauliski salok\u0101ms konveijers<br \/>\nVakuuma fr\u0113z\u0113\u0161anas sist\u0113ma<br \/>\nPapildu svars<br \/>\nApkure<br \/>\nIzl\u012bdzin\u0101\u0161anas sist\u0113ma<br \/>\nSl\u012bpuma sensors<br \/>\nFr\u0113z\u0113\u0161anas dzi\u013cuma indikators<br \/>\nVideokameras  <\/p>\n<p>\u013boti labs st\u0101voklis <\/p>\n","protected":false},"excerpt":{"rendered":"<p>Cena bez PVN<\/p>\n<p>Ra\u017eot\u0101js Wirtgen<br \/>\nModelis: W200i<br \/>\nZvans: <a href=\"tel:+37067607071\">+37067607071<\/a><br \/>\nKontaktpersona: <a href=\"mailto:sales@kasima3.bcapps.lt\">sales@kasima3.bcapps.lt<\/a><\/p>\n","protected":false},"featured_media":14535,"template":"","meta":{"_et_pb_use_builder":"","_et_pb_old_content":"","_et_gb_content_width":""},"product_brand":[],"product_cat":[149],"product_tag":[],"class_list":{"0":"post-14689","1":"product","2":"type-product","3":"status-publish","4":"has-post-thumbnail","6":"product_cat-buvnieciba","8":"first","9":"outofstock","10":"taxable","11":"shipping-taxable","12":"product-type-simple"},"_links":{"self":[{"href":"https:\/\/kasima3.bcapps.lt\/lv\/wp-json\/wp\/v2\/product\/14689","targetHints":{"allow":["GET"]}}],"collection":[{"href":"https:\/\/kasima3.bcapps.lt\/lv\/wp-json\/wp\/v2\/product"}],"about":[{"href":"https:\/\/kasima3.bcapps.lt\/lv\/wp-json\/wp\/v2\/types\/product"}],"wp:featuredmedia":[{"embeddable":true,"href":"https:\/\/kasima3.bcapps.lt\/lv\/wp-json\/wp\/v2\/media\/14535"}],"wp:attachment":[{"href":"https:\/\/kasima3.bcapps.lt\/lv\/wp-json\/wp\/v2\/media?parent=14689"}],"wp:term":[{"taxonomy":"product_brand","embeddable":true,"href":"https:\/\/kasima3.bcapps.lt\/lv\/wp-json\/wp\/v2\/product_brand?post=14689"},{"taxonomy":"product_cat","embeddable":true,"href":"https:\/\/kasima3.bcapps.lt\/lv\/wp-json\/wp\/v2\/product_cat?post=14689"},{"taxonomy":"product_tag","embeddable":true,"href":"https:\/\/kasima3.bcapps.lt\/lv\/wp-json\/wp\/v2\/product_tag?post=14689"}],"curies":[{"name":"wp","href":"https:\/\/api.w.org\/{rel}","templated":true}]}}