{"id":14899,"date":"2023-07-28T13:49:22","date_gmt":"2023-07-28T13:49:22","guid":{"rendered":"https:\/\/kasima.lt\/shop\/uncategorized\/asfalto-klotuvas-vogele-super-1900\/"},"modified":"2025-10-29T08:31:47","modified_gmt":"2025-10-29T08:31:47","slug":"asfalta-ieklajejs-vogele-super-1900","status":"publish","type":"product","link":"https:\/\/kasima3.bcapps.lt\/lv\/produktas\/asfalta-ieklajejs-vogele-super-1900\/","title":{"rendered":"Vogele Super 1900 asfalta iekl\u0101j\u0113js"},"content":{"rendered":"<p>Asfalta iekl\u0101j\u0113js Vogele S1900<br \/>\nRa\u017eo\u0161anas gads: 2000<br \/>\nDzin\u0113ja stundu skaits 9950<br \/>\nDzin\u0113js DEUTZ 129 kw,<br \/>\nTeleskopisk\u0101 bl\u012bv\u0113\u0161anas plate AB 575 TV (300 &#8211; 600 cm),<br \/>\nNiveltronic ar diviem s\u0101nu pane\u013ciem,<br \/>\n2 ultraska\u0146as l\u012bme\u0146o\u0161anas sensori ar mont\u0101\u017eas kron\u0161teiniem,<br \/>\n2 ultraska\u0146as sensori dzenskr\u016bves kontrolei,<br \/>\nHidraulisk\u0101 propellera pacel\u0161anas funkcija,  <\/p>\n<p>\u013boti lab\u0101 st\u0101vokl\u012b, \u0146emot v\u0113r\u0101 iek\u0101rtas vecumu.  <\/p>\n","protected":false},"excerpt":{"rendered":"<p>Cena bez PVN<\/p>\n<p>Ra\u017eot\u0101js Vogele<br \/>\nModelis: Super 1900<br \/>\nZvans: <a href=\"tel:+37067607071\">+37067607071<\/a><br \/>\nKontaktpersona: <a href=\"mailto:sales@kasima3.bcapps.lt\">sales@kasima3.bcapps.lt<\/a><\/p>\n","protected":false},"featured_media":14720,"template":"","meta":{"_et_pb_use_builder":"","_et_pb_old_content":"","_et_gb_content_width":""},"product_brand":[],"product_cat":[149],"product_tag":[],"class_list":{"0":"post-14899","1":"product","2":"type-product","3":"status-publish","4":"has-post-thumbnail","6":"product_cat-buvnieciba","8":"first","9":"instock","10":"taxable","11":"shipping-taxable","12":"product-type-simple"},"_links":{"self":[{"href":"https:\/\/kasima3.bcapps.lt\/lv\/wp-json\/wp\/v2\/product\/14899","targetHints":{"allow":["GET"]}}],"collection":[{"href":"https:\/\/kasima3.bcapps.lt\/lv\/wp-json\/wp\/v2\/product"}],"about":[{"href":"https:\/\/kasima3.bcapps.lt\/lv\/wp-json\/wp\/v2\/types\/product"}],"wp:featuredmedia":[{"embeddable":true,"href":"https:\/\/kasima3.bcapps.lt\/lv\/wp-json\/wp\/v2\/media\/14720"}],"wp:attachment":[{"href":"https:\/\/kasima3.bcapps.lt\/lv\/wp-json\/wp\/v2\/media?parent=14899"}],"wp:term":[{"taxonomy":"product_brand","embeddable":true,"href":"https:\/\/kasima3.bcapps.lt\/lv\/wp-json\/wp\/v2\/product_brand?post=14899"},{"taxonomy":"product_cat","embeddable":true,"href":"https:\/\/kasima3.bcapps.lt\/lv\/wp-json\/wp\/v2\/product_cat?post=14899"},{"taxonomy":"product_tag","embeddable":true,"href":"https:\/\/kasima3.bcapps.lt\/lv\/wp-json\/wp\/v2\/product_tag?post=14899"}],"curies":[{"name":"wp","href":"https:\/\/api.w.org\/{rel}","templated":true}]}}