{"id":15274,"date":"2023-08-10T13:27:34","date_gmt":"2023-08-10T13:27:34","guid":{"rendered":"https:\/\/kasima.lt\/shop\/uncategorized\/hidraulinis-siurblys-danfoss-ospd-70-195ls\/"},"modified":"2025-10-29T08:31:48","modified_gmt":"2025-10-29T08:31:48","slug":"hidrauliskais-suknis-danfoss-ospd-70-195ls","status":"publish","type":"product","link":"https:\/\/kasima3.bcapps.lt\/lv\/produktas\/hidrauliskais-suknis-danfoss-ospd-70-195ls\/","title":{"rendered":"Hidrauliskais s\u016bknis Danfoss OSPD 70\/195LS"},"content":{"rendered":"<p>Danfoss OSPD 70\/195LS<br \/>\n150G8136<br \/>\n143E4151<br \/>\nLietots st\u016bres s\u016bknis VOLVO EW160B<\/p>\n<p>Vai lab\u0101kais cenas pied\u0101v\u0101jums!!!<\/p>\n","protected":false},"excerpt":{"rendered":"<p>Cena bez PVN<\/p>\n<p>Ra\u017eot\u0101js: Volvo<br \/>\nModelis: EW160B0007<br \/>\nZvans: <a href=\"tel:+37067607071\">+37067607071<\/a><br \/>\nKontaktpersona: <a href=\"mailto:sales@kasima3.bcapps.lt\">sales@kasima3.bcapps.lt<\/a><\/p>\n","protected":false},"featured_media":15255,"template":"","meta":{"_et_pb_use_builder":"","_et_pb_old_content":"","_et_gb_content_width":""},"product_brand":[],"product_cat":[398,318],"product_tag":[],"class_list":{"0":"post-15274","1":"product","2":"type-product","3":"status-publish","4":"has-post-thumbnail","6":"product_cat-volvo-dalas","7":"product_cat-lietotas-detalas","9":"first","10":"instock","11":"taxable","12":"shipping-taxable","13":"purchasable","14":"product-type-simple"},"_links":{"self":[{"href":"https:\/\/kasima3.bcapps.lt\/lv\/wp-json\/wp\/v2\/product\/15274","targetHints":{"allow":["GET"]}}],"collection":[{"href":"https:\/\/kasima3.bcapps.lt\/lv\/wp-json\/wp\/v2\/product"}],"about":[{"href":"https:\/\/kasima3.bcapps.lt\/lv\/wp-json\/wp\/v2\/types\/product"}],"wp:featuredmedia":[{"embeddable":true,"href":"https:\/\/kasima3.bcapps.lt\/lv\/wp-json\/wp\/v2\/media\/15255"}],"wp:attachment":[{"href":"https:\/\/kasima3.bcapps.lt\/lv\/wp-json\/wp\/v2\/media?parent=15274"}],"wp:term":[{"taxonomy":"product_brand","embeddable":true,"href":"https:\/\/kasima3.bcapps.lt\/lv\/wp-json\/wp\/v2\/product_brand?post=15274"},{"taxonomy":"product_cat","embeddable":true,"href":"https:\/\/kasima3.bcapps.lt\/lv\/wp-json\/wp\/v2\/product_cat?post=15274"},{"taxonomy":"product_tag","embeddable":true,"href":"https:\/\/kasima3.bcapps.lt\/lv\/wp-json\/wp\/v2\/product_tag?post=15274"}],"curies":[{"name":"wp","href":"https:\/\/api.w.org\/{rel}","templated":true}]}}